{"id":101,"date":"2017-10-17T15:41:11","date_gmt":"2017-10-17T13:41:11","guid":{"rendered":"https:\/\/ajl-asso.fr\/la-martiniere\/?page_id=101"},"modified":"2023-08-22T11:21:04","modified_gmt":"2023-08-22T09:21:04","slug":"votre-sejour","status":"publish","type":"page","link":"https:\/\/ajl-asso.fr\/la-martiniere\/ehpad\/vie-quotidienne\/votre-sejour\/","title":{"rendered":"Votre s\u00e9jour"},"content":{"rendered":"<p><strong>LES CHAMBRES<br \/>\n<\/strong><\/p>\n<p>Les chambres sont toutes m\u00e9dicalis\u00e9es et mesurent environ 13 m\u00b2. Elles sont \u00e9quip\u00e9es d\u2019une t\u00e9l\u00e9vision ainsi que d\u2019un poste t\u00e9l\u00e9phonique.<\/p>\n<p>&nbsp;<\/p>\n<p><strong>LES REPAS<br \/>\n<\/strong><\/p>\n<table style=\"height: 92px\" width=\"312\">\n<tbody>\n<tr>\n<td>Petit d\u00e9jeuner (en chambre):<\/td>\n<td><\/td>\n<td>7h15 \u00e0 8h15<\/td>\n<\/tr>\n<tr>\n<td>D\u00e9jeuner (au restaurant):<\/td>\n<td><\/td>\n<td>12h00<\/td>\n<\/tr>\n<tr>\n<td>D\u00eener (au restaurant):<\/td>\n<td><\/td>\n<td>18h30<\/td>\n<\/tr>\n<\/tbody>\n<\/table>\n<p><strong><br \/>\nLES MENUS<br \/>\n<\/strong>A votre arriv\u00e9e, la di\u00e9t\u00e9ticienne prend note de vos go\u00fbts et de vos r\u00e9gimes alimentaires pour adapter les menus en cons\u00e9quence.<\/p>\n<p>&nbsp;<\/p>\n<p><strong>LES REPAS DES ACCOMPAGNANTS<br \/>\n<\/strong>La famille et les proches peuvent d\u00e9jeuner avec le r\u00e9sident dans la&nbsp; salle du restaurant.<br \/>\nLa capacit\u00e9 d\u2019accueil de la salle du restaurant \u00e9tant limit\u00e9e, le&nbsp;nombre d\u2019accompagnants doit \u00eatre restreint. Il est donc conseill\u00e9 de r\u00e9server ses repas 48 heures \u00e0 l&rsquo;avance aupr\u00e8s de l&rsquo;h\u00f4tesse d&rsquo;accueil. Le r\u00e8glement se fait \u00e0 l\u2019accueil.<\/p>\n<p>ATTENTION, LES REPAS NON R\u00c9SERV\u00c9S NE POURRONT \u00caTRE PRIS EN COMPTE.<\/p>\n","protected":false},"excerpt":{"rendered":"<p>LES CHAMBRES Les chambres sont toutes m\u00e9dicalis\u00e9es et mesurent environ 13 m\u00b2. Elles sont \u00e9quip\u00e9es d\u2019une t\u00e9l\u00e9vision ainsi que d\u2019un poste t\u00e9l\u00e9phonique. &nbsp; LES REPAS Petit d\u00e9jeuner (en chambre): 7h15 \u00e0 8h15 D\u00e9jeuner (au restaurant): 12h00 D\u00eener (au restaurant): 18h30 LES MENUS A votre arriv\u00e9e, la di\u00e9t\u00e9ticienne prend note de vos go\u00fbts et de vos [&hellip;]<\/p>\n","protected":false},"author":1,"featured_media":80,"parent":89,"menu_order":0,"comment_status":"closed","ping_status":"closed","template":"pages-templates\/pages-boxes.php","meta":{"_coblocks_attr":"","_coblocks_dimensions":"","_coblocks_responsive_height":"","_coblocks_accordion_ie_support":""},"_links":{"self":[{"href":"https:\/\/ajl-asso.fr\/la-martiniere\/wp-json\/wp\/v2\/pages\/101"}],"collection":[{"href":"https:\/\/ajl-asso.fr\/la-martiniere\/wp-json\/wp\/v2\/pages"}],"about":[{"href":"https:\/\/ajl-asso.fr\/la-martiniere\/wp-json\/wp\/v2\/types\/page"}],"author":[{"embeddable":true,"href":"https:\/\/ajl-asso.fr\/la-martiniere\/wp-json\/wp\/v2\/users\/1"}],"replies":[{"embeddable":true,"href":"https:\/\/ajl-asso.fr\/la-martiniere\/wp-json\/wp\/v2\/comments?post=101"}],"version-history":[{"count":11,"href":"https:\/\/ajl-asso.fr\/la-martiniere\/wp-json\/wp\/v2\/pages\/101\/revisions"}],"predecessor-version":[{"id":1479,"href":"https:\/\/ajl-asso.fr\/la-martiniere\/wp-json\/wp\/v2\/pages\/101\/revisions\/1479"}],"up":[{"embeddable":true,"href":"https:\/\/ajl-asso.fr\/la-martiniere\/wp-json\/wp\/v2\/pages\/89"}],"wp:featuredmedia":[{"embeddable":true,"href":"https:\/\/ajl-asso.fr\/la-martiniere\/wp-json\/wp\/v2\/media\/80"}],"wp:attachment":[{"href":"https:\/\/ajl-asso.fr\/la-martiniere\/wp-json\/wp\/v2\/media?parent=101"}],"curies":[{"name":"wp","href":"https:\/\/api.w.org\/{rel}","templated":true}]}}