{"id":103,"date":"2017-10-17T15:41:58","date_gmt":"2017-10-17T13:41:58","guid":{"rendered":"https:\/\/ajl-asso.fr\/la-martiniere\/?page_id=103"},"modified":"2024-10-09T15:56:00","modified_gmt":"2024-10-09T13:56:00","slug":"les-comites","status":"publish","type":"page","link":"https:\/\/ajl-asso.fr\/la-martiniere\/ssr\/les-comites\/","title":{"rendered":"Les Comit\u00e9s"},"content":{"rendered":"<div id=\"wrapper\" class=\"hfeed\">\n<div id=\"main\">\n<div id=\"container\" class=\"one-column\">\n<div id=\"content\" role=\"main\">\n<div id=\"post-49\" class=\"post-49 page type-page status-publish hentry\">\n<div class=\"entry-content\">\n<p><strong>LE COMIT\u00c9 DE LUTTE CONTRE LA DOULEUR (C.L.U.D.)<br \/>\n<\/strong><\/p>\n<p>Notre volont\u00e9 est de mettre tout en \u0153uvre pour vous apporter les meilleurs soins, mais aussi pour soulager votre douleur. A cet effet, le CLUD a \u00e9t\u00e9 mis en place. Notre \u00e9quipe de soins est \u00e0 votre \u00e9coute pour vous r\u00e9conforter, vous s\u00e9curiser et rendre votre s\u00e9jour le plus agr\u00e9able possible.<\/p>\n<p>Cette commission est particuli\u00e8rement impliqu\u00e9e dans la prise en charge des patients relevant des soins palliatifs.<\/p>\n<\/div>\n<\/div>\n<\/div>\n<\/div>\n<\/div>\n<\/div>\n","protected":false},"excerpt":{"rendered":"<p>LE COMIT\u00c9 DE LUTTE CONTRE LA DOULEUR (C.L.U.D.) Notre volont\u00e9 est de mettre tout en \u0153uvre pour vous apporter les meilleurs soins, mais aussi pour soulager votre douleur. A cet effet, le CLUD a \u00e9t\u00e9 mis en place. Notre \u00e9quipe de soins est \u00e0 votre \u00e9coute pour vous r\u00e9conforter, vous s\u00e9curiser et rendre votre s\u00e9jour [&hellip;]<\/p>\n","protected":false},"author":1,"featured_media":79,"parent":23,"menu_order":0,"comment_status":"closed","ping_status":"closed","template":"pages-templates\/pages-boxes.php","meta":{"_coblocks_attr":"","_coblocks_dimensions":"","_coblocks_responsive_height":"","_coblocks_accordion_ie_support":""},"_links":{"self":[{"href":"https:\/\/ajl-asso.fr\/la-martiniere\/wp-json\/wp\/v2\/pages\/103"}],"collection":[{"href":"https:\/\/ajl-asso.fr\/la-martiniere\/wp-json\/wp\/v2\/pages"}],"about":[{"href":"https:\/\/ajl-asso.fr\/la-martiniere\/wp-json\/wp\/v2\/types\/page"}],"author":[{"embeddable":true,"href":"https:\/\/ajl-asso.fr\/la-martiniere\/wp-json\/wp\/v2\/users\/1"}],"replies":[{"embeddable":true,"href":"https:\/\/ajl-asso.fr\/la-martiniere\/wp-json\/wp\/v2\/comments?post=103"}],"version-history":[{"count":8,"href":"https:\/\/ajl-asso.fr\/la-martiniere\/wp-json\/wp\/v2\/pages\/103\/revisions"}],"predecessor-version":[{"id":448,"href":"https:\/\/ajl-asso.fr\/la-martiniere\/wp-json\/wp\/v2\/pages\/103\/revisions\/448"}],"up":[{"embeddable":true,"href":"https:\/\/ajl-asso.fr\/la-martiniere\/wp-json\/wp\/v2\/pages\/23"}],"wp:featuredmedia":[{"embeddable":true,"href":"https:\/\/ajl-asso.fr\/la-martiniere\/wp-json\/wp\/v2\/media\/79"}],"wp:attachment":[{"href":"https:\/\/ajl-asso.fr\/la-martiniere\/wp-json\/wp\/v2\/media?parent=103"}],"curies":[{"name":"wp","href":"https:\/\/api.w.org\/{rel}","templated":true}]}}