{"id":1058,"date":"2022-10-24T17:30:25","date_gmt":"2022-10-24T15:30:25","guid":{"rendered":"https:\/\/ajl-asso.fr\/la-martiniere\/?page_id=1058"},"modified":"2025-07-23T11:56:08","modified_gmt":"2025-07-23T09:56:08","slug":"lequipe","status":"publish","type":"page","link":"https:\/\/ajl-asso.fr\/la-martiniere\/nepale\/lequipe\/","title":{"rendered":"L&rsquo;\u00e9quipe"},"content":{"rendered":"\n<p>L\u2019\u00c9quipe Mobile d&rsquo;Accompagnement et de Soins Palliatifs, NEPALE, sp\u00e9cialis\u00e9e en soins palliatifs, coordonne l\u2019accompagnement des personnes en phase palliative, pr\u00e9coce ou non, avec leur entourage, professionnel et personnel. Elle apporte son expertise en faveur d\u2019un maintien \u00e0 domicile coordonn\u00e9 sur les plans m\u00e9dicaux, psychologiques et sociaux. <\/p>\n\n\n\n<div class=\"wp-container-3 wp-block-columns\">\n<div class=\"wp-container-1 wp-block-column\"><\/div>\n\n\n\n<div class=\"wp-container-2 wp-block-column\"><\/div>\n<\/div>\n\n\n\n<div class=\"wp-container-7 wp-block-columns\">\n<div class=\"wp-container-4 wp-block-column\"><div class=\"wp-block-image is-style-rounded\">\n<figure class=\"aligncenter size-large is-resized\"><img loading=\"lazy\" src=\"https:\/\/ajl-asso.fr\/wp-content\/uploads\/sites\/4\/2024\/03\/ROSIER-CHARLENE-768x1024.jpg\" alt=\"\" class=\"wp-image-1567\" width=\"191\" height=\"254\" srcset=\"https:\/\/ajl-asso.fr\/wp-content\/uploads\/sites\/4\/2024\/03\/ROSIER-CHARLENE-768x1024.jpg 768w, https:\/\/ajl-asso.fr\/wp-content\/uploads\/sites\/4\/2024\/03\/ROSIER-CHARLENE-225x300.jpg 225w, https:\/\/ajl-asso.fr\/wp-content\/uploads\/sites\/4\/2024\/03\/ROSIER-CHARLENE-1152x1536.jpg 1152w, https:\/\/ajl-asso.fr\/wp-content\/uploads\/sites\/4\/2024\/03\/ROSIER-CHARLENE-1536x2048.jpg 1536w, https:\/\/ajl-asso.fr\/wp-content\/uploads\/sites\/4\/2024\/03\/ROSIER-CHARLENE-155x206.jpg 155w, https:\/\/ajl-asso.fr\/wp-content\/uploads\/sites\/4\/2024\/03\/ROSIER-CHARLENE-scaled.jpg 1920w\" sizes=\"(max-width: 191px) 100vw, 191px\" \/><figcaption><strong>Charl\u00e8ne ROSIER<\/strong><br><strong>Adjointe de direction<\/strong><\/figcaption><\/figure><\/div><\/div>\n\n\n\n<div class=\"wp-container-5 wp-block-column\"><div class=\"wp-block-image is-style-rounded\">\n<figure class=\"aligncenter size-large is-resized\"><img loading=\"lazy\" src=\"https:\/\/ajl-asso.fr\/wp-content\/uploads\/sites\/4\/2024\/03\/FOUASSIER-PASCALE-1003x1024.jpg\" alt=\"\" class=\"wp-image-1564\" width=\"236\" height=\"240\" srcset=\"https:\/\/ajl-asso.fr\/wp-content\/uploads\/sites\/4\/2024\/03\/FOUASSIER-PASCALE-1003x1024.jpg 1003w, https:\/\/ajl-asso.fr\/wp-content\/uploads\/sites\/4\/2024\/03\/FOUASSIER-PASCALE-294x300.jpg 294w, https:\/\/ajl-asso.fr\/wp-content\/uploads\/sites\/4\/2024\/03\/FOUASSIER-PASCALE-768x784.jpg 768w, https:\/\/ajl-asso.fr\/wp-content\/uploads\/sites\/4\/2024\/03\/FOUASSIER-PASCALE-202x206.jpg 202w, https:\/\/ajl-asso.fr\/wp-content\/uploads\/sites\/4\/2024\/03\/FOUASSIER-PASCALE.jpg 1080w\" sizes=\"(max-width: 236px) 100vw, 236px\" \/><figcaption><strong>Dr Pascale FOUASSIER<br>M\u00e9decin coordonnateur<\/strong><\/figcaption><\/figure><\/div><\/div>\n\n\n\n<div class=\"wp-container-6 wp-block-column\">\n<figure class=\"wp-block-image size-full is-resized is-style-rounded\"><img loading=\"lazy\" src=\"https:\/\/ajl-asso.fr\/wp-content\/uploads\/sites\/4\/2022\/10\/nathalie-ancelle-1.jpg\" alt=\"\" class=\"wp-image-1076\" width=\"245\" height=\"268\" \/><figcaption><strong>Nathalie ANCELLE<br>Infirmi\u00e8re Coordinatrice<\/strong><\/figcaption><\/figure>\n<\/div>\n<\/div>\n\n\n\n<div class=\"wp-container-11 wp-block-columns\">\n<div class=\"wp-container-8 wp-block-column\"><div class=\"wp-block-image is-style-rounded\">\n<figure class=\"aligncenter size-full is-resized\"><img loading=\"lazy\" src=\"https:\/\/ajl-asso.fr\/wp-content\/uploads\/sites\/4\/2022\/10\/isabelle-chevaucherie-1.jpg\" alt=\"\" class=\"wp-image-1077\" width=\"216\" height=\"237\" \/><figcaption><strong>Isabelle CHEVAUCHERIE<br>Infirmi\u00e8re Coordinatrice<\/strong><\/figcaption><\/figure><\/div><\/div>\n\n\n\n<div class=\"wp-container-9 wp-block-column\"><div class=\"wp-block-image is-style-rounded\">\n<figure class=\"aligncenter size-full is-resized\"><img loading=\"lazy\" src=\"https:\/\/ajl-asso.fr\/wp-content\/uploads\/sites\/4\/2022\/10\/laurence-teisseyre.jpg\" alt=\"\" class=\"wp-image-1068\" width=\"215\" height=\"236\" \/><figcaption><strong>Dr Laurence TEISSEYRE<br>M\u00e9decin Coordonnateur<\/strong><\/figcaption><\/figure><\/div><\/div>\n\n\n\n<div class=\"wp-container-10 wp-block-column\"><div class=\"wp-block-image is-style-rounded\">\n<figure class=\"aligncenter size-full is-resized\"><img loading=\"lazy\" src=\"https:\/\/ajl-asso.fr\/wp-content\/uploads\/sites\/4\/2022\/10\/emmanuel-farges-1.jpg\" alt=\"\" class=\"wp-image-1079\" width=\"217\" height=\"238\" \/><figcaption><strong>Dr Emmanuel FARGES<br>M\u00e9decin Coordonnateur<\/strong><\/figcaption><\/figure><\/div><\/div>\n<\/div>\n\n\n\n<div class=\"wp-container-15 wp-block-columns\">\n<div class=\"wp-container-12 wp-block-column\"><div class=\"wp-block-image is-style-rounded\">\n<figure class=\"aligncenter size-medium is-resized\"><img loading=\"lazy\" src=\"https:\/\/ajl-asso.fr\/wp-content\/uploads\/sites\/4\/2022\/11\/Veronique-TLOUZEAU-222x300.jpg\" alt=\"\" class=\"wp-image-1310\" width=\"174\" height=\"236\" srcset=\"https:\/\/ajl-asso.fr\/wp-content\/uploads\/sites\/4\/2022\/11\/Veronique-TLOUZEAU-222x300.jpg 222w, https:\/\/ajl-asso.fr\/wp-content\/uploads\/sites\/4\/2022\/11\/Veronique-TLOUZEAU-758x1024.jpg 758w, https:\/\/ajl-asso.fr\/wp-content\/uploads\/sites\/4\/2022\/11\/Veronique-TLOUZEAU-768x1037.jpg 768w, https:\/\/ajl-asso.fr\/wp-content\/uploads\/sites\/4\/2022\/11\/Veronique-TLOUZEAU.jpg 822w\" sizes=\"(max-width: 174px) 100vw, 174px\" \/><figcaption><strong>V\u00e9ronique TLOUZEAU<br>Infirmi\u00e8re Coordinatrice<\/strong><\/figcaption><\/figure><\/div><\/div>\n\n\n\n<div class=\"wp-container-13 wp-block-column\"><div class=\"wp-block-image is-style-rounded\">\n<figure class=\"aligncenter size-thumbnail is-resized\"><img loading=\"lazy\" src=\"https:\/\/ajl-asso.fr\/wp-content\/uploads\/sites\/4\/2024\/03\/MAGOT-AUDREY-150x150.jpg\" alt=\"\" class=\"wp-image-1566\" width=\"245\" height=\"245\" srcset=\"https:\/\/ajl-asso.fr\/wp-content\/uploads\/sites\/4\/2024\/03\/MAGOT-AUDREY-150x150.jpg 150w, https:\/\/ajl-asso.fr\/wp-content\/uploads\/sites\/4\/2024\/03\/MAGOT-AUDREY-512x512.jpg 512w\" sizes=\"(max-width: 245px) 100vw, 245px\" \/><figcaption><strong>Audrey MAGOT<br>Infirmi\u00e8re Coordinatrice<\/strong><\/figcaption><\/figure><\/div><\/div>\n\n\n\n<div class=\"wp-container-14 wp-block-column\"><div class=\"wp-block-image is-style-rounded\">\n<figure class=\"aligncenter size-large is-resized has-filter-sepia\"><img loading=\"lazy\" src=\"https:\/\/ajl-asso.fr\/wp-content\/uploads\/sites\/4\/2024\/07\/photo-marianne-1024x1024.jpg\" alt=\"\" class=\"wp-image-1652\" width=\"241\" height=\"241\" srcset=\"https:\/\/ajl-asso.fr\/wp-content\/uploads\/sites\/4\/2024\/07\/photo-marianne-1024x1024.jpg 1024w, https:\/\/ajl-asso.fr\/wp-content\/uploads\/sites\/4\/2024\/07\/photo-marianne-300x300.jpg 300w, https:\/\/ajl-asso.fr\/wp-content\/uploads\/sites\/4\/2024\/07\/photo-marianne-150x150.jpg 150w, https:\/\/ajl-asso.fr\/wp-content\/uploads\/sites\/4\/2024\/07\/photo-marianne-768x768.jpg 768w, https:\/\/ajl-asso.fr\/wp-content\/uploads\/sites\/4\/2024\/07\/photo-marianne-1536x1536.jpg 1536w, https:\/\/ajl-asso.fr\/wp-content\/uploads\/sites\/4\/2024\/07\/photo-marianne-2048x2048.jpg 2048w, https:\/\/ajl-asso.fr\/wp-content\/uploads\/sites\/4\/2024\/07\/photo-marianne-206x206.jpg 206w, https:\/\/ajl-asso.fr\/wp-content\/uploads\/sites\/4\/2024\/07\/photo-marianne-512x512.jpg 512w\" sizes=\"(max-width: 241px) 100vw, 241px\" \/><figcaption><strong>Marianne SORDOT<br>Conseill\u00e8re en \u00c9conomie Sociale et Familiale<\/strong><\/figcaption><\/figure><\/div><\/div>\n<\/div>\n\n\n\n<div class=\"wp-container-19 wp-block-columns\">\n<div class=\"wp-container-16 wp-block-column\"><\/div>\n\n\n\n<div class=\"wp-container-17 wp-block-column\"><div class=\"wp-block-image is-style-rounded\">\n<figure class=\"aligncenter size-full is-resized\"><img loading=\"lazy\" src=\"https:\/\/ajl-asso.fr\/wp-content\/uploads\/sites\/4\/2022\/10\/veronique-rohart.jpg\" alt=\"\" class=\"wp-image-1072\" width=\"220\" height=\"241\" \/><figcaption><strong>V\u00e9ronique ROHART<br>Ergoth\u00e9rapeute <\/strong><\/figcaption><\/figure><\/div><\/div>\n\n\n\n<div class=\"wp-container-18 wp-block-column\"><\/div>\n<\/div>\n","protected":false},"excerpt":{"rendered":"<p>L\u2019\u00c9quipe Mobile d&rsquo;Accompagnement et de Soins Palliatifs, NEPALE, sp\u00e9cialis\u00e9e en soins palliatifs, coordonne l\u2019accompagnement des personnes en phase palliative, pr\u00e9coce ou non, avec leur entourage, professionnel et personnel. Elle apporte son expertise en faveur d\u2019un maintien \u00e0 domicile coordonn\u00e9 sur les plans m\u00e9dicaux, psychologiques et sociaux.<\/p>\n","protected":false},"author":13,"featured_media":0,"parent":956,"menu_order":1,"comment_status":"closed","ping_status":"closed","template":"","meta":{"_coblocks_attr":"","_coblocks_dimensions":"","_coblocks_responsive_height":"","_coblocks_accordion_ie_support":""},"_links":{"self":[{"href":"https:\/\/ajl-asso.fr\/la-martiniere\/wp-json\/wp\/v2\/pages\/1058"}],"collection":[{"href":"https:\/\/ajl-asso.fr\/la-martiniere\/wp-json\/wp\/v2\/pages"}],"about":[{"href":"https:\/\/ajl-asso.fr\/la-martiniere\/wp-json\/wp\/v2\/types\/page"}],"author":[{"embeddable":true,"href":"https:\/\/ajl-asso.fr\/la-martiniere\/wp-json\/wp\/v2\/users\/13"}],"replies":[{"embeddable":true,"href":"https:\/\/ajl-asso.fr\/la-martiniere\/wp-json\/wp\/v2\/comments?post=1058"}],"version-history":[{"count":19,"href":"https:\/\/ajl-asso.fr\/la-martiniere\/wp-json\/wp\/v2\/pages\/1058\/revisions"}],"predecessor-version":[{"id":1757,"href":"https:\/\/ajl-asso.fr\/la-martiniere\/wp-json\/wp\/v2\/pages\/1058\/revisions\/1757"}],"up":[{"embeddable":true,"href":"https:\/\/ajl-asso.fr\/la-martiniere\/wp-json\/wp\/v2\/pages\/956"}],"wp:attachment":[{"href":"https:\/\/ajl-asso.fr\/la-martiniere\/wp-json\/wp\/v2\/media?parent=1058"}],"curies":[{"name":"wp","href":"https:\/\/api.w.org\/{rel}","templated":true}]}}