{"id":1060,"date":"2022-10-24T17:31:29","date_gmt":"2022-10-24T15:31:29","guid":{"rendered":"https:\/\/ajl-asso.fr\/la-martiniere\/?page_id=1060"},"modified":"2025-09-25T16:44:14","modified_gmt":"2025-09-25T14:44:14","slug":"les-actions-de-formations","status":"publish","type":"page","link":"https:\/\/ajl-asso.fr\/la-martiniere\/nepale\/les-actions-de-formations\/","title":{"rendered":"Les actions de formations"},"content":{"rendered":"\n<p>Nous dispensons des formations adapt\u00e9es aux besoins identifi\u00e9s sur le terrain. Elles sont assur\u00e9es par les membres de notre \u00c9quipe Mobile d&rsquo;Accompagnement et de Soins Palliatifs, form\u00e9e aux pratiques p\u00e9dagogiques.<\/p>\n\n\n\n<p>Des formations en institution et en \u00e9quipes sont propos\u00e9es sur les th\u00e8mes les plus fr\u00e9quemment demand\u00e9s et abord\u00e9es sous l\u2019angle th\u00e9orique et pratique.&nbsp;<\/p>\n\n\n\n<p>La dur\u00e9e de nos formations s\u2019adapte \u00e0 vos exigences de services, en journ\u00e9e ou en demi-journ\u00e9e, en modules ou ponctuelle.<\/p>\n\n\n\n<p><\/p>\n\n\n\n<h2 class=\"has-luminous-vivid-orange-color has-text-color\"><strong>Le catalogue des formations en soins palliatifs<\/strong><\/h2>\n\n\n\n<h5 class=\"has-black-color has-text-color has-medium-font-size\">Le catalogue des formations de l&rsquo;EMTA-SP est accessible en cliquant sur l&rsquo;image ci-dessous. <\/h5>\n\n\n<div class=\"wp-block-image is-style-default\">\n<figure class=\"aligncenter size-full\"><a href=\"https:\/\/ajl-asso.fr\/wp-content\/uploads\/sites\/4\/2025\/09\/2025-V4-CATALOGUE-FORMATION-NEPALE-AJL-1.pdf\"><img loading=\"lazy\" width=\"512\" height=\"674\" src=\"https:\/\/ajl-asso.fr\/wp-content\/uploads\/sites\/4\/2025\/07\/25-07-Capture-decran-formation.jpg\" alt=\"\" class=\"wp-image-1751\" srcset=\"https:\/\/ajl-asso.fr\/wp-content\/uploads\/sites\/4\/2025\/07\/25-07-Capture-decran-formation.jpg 512w, https:\/\/ajl-asso.fr\/wp-content\/uploads\/sites\/4\/2025\/07\/25-07-Capture-decran-formation-228x300.jpg 228w, https:\/\/ajl-asso.fr\/wp-content\/uploads\/sites\/4\/2025\/07\/25-07-Capture-decran-formation-156x206.jpg 156w\" sizes=\"(max-width: 512px) 100vw, 512px\" \/><\/a><\/figure><\/div>\n\n\n<h2 class=\"has-luminous-vivid-orange-color has-text-color\"><strong>Nos atouts<\/strong><\/h2>\n\n\n\n<p>Gr\u00e2ce \u00e0 des salari\u00e9s formateurs experts dans leur domaine de comp\u00e9tences, EJL Formations propose des programmes adapt\u00e9s et en ad\u00e9quation avec les besoins et les attentes des professionnels de terrain.<\/p>\n\n\n\n<p class=\"has-text-align-center\"><strong>Enregistr\u00e9 sous le num\u00e9ro NDA : 93 83 06 850 83.<\/strong><\/p>\n\n\n\n<p class=\"has-text-align-center\"><strong>Cet enregistrement ne vaut pas agr\u00e9ment de l\u2019\u00c9tat.<\/strong><\/p>\n\n\n\n<p class=\"has-text-align-center\">Certifi\u00e9 Qualiopi \u2013&nbsp;<a rel=\"noreferrer noopener\" href=\"https:\/\/ajl-asso.fr\/wp-content\/uploads\/sites\/2\/2022\/06\/CGV-EJL-Formation.pdf\" target=\"_blank\">Conditions G\u00e9n\u00e9rales de Vente<\/a><\/p>\n\n\n\n<p><a href=\"https:\/\/ajl-asso.fr\/wp-content\/uploads\/sites\/2\/2025\/07\/Certificate-15152189-ASSOCIATION-JEAN-LACHENAUD-extension-1.pdf\">Certificat EJL Formations<\/a><\/p>\n\n\n\n<p><a href=\"https:\/\/ajl-asso.fr\/wp-content\/uploads\/sites\/4\/2025\/09\/Certificate-15152189-ASSOCIATION-JEAN-LACHENAUD.pdf\">Certificat EJL Formations &#8211; EMTA-SP NEPALE<\/a><\/p>\n\n\n\n<p><a href=\"https:\/\/ajl-asso.fr\/wp-content\/uploads\/sites\/4\/2025\/09\/VF-REGLEMENT-INTERIEUR.pdf\">R\u00e8glement int\u00e9rieur EJL Formations<\/a><\/p>\n\n\n\n<p><a href=\"https:\/\/ajl-asso.fr\/wp-content\/uploads\/sites\/4\/2025\/09\/VF-LIVRET-DACCUEIL-STAGIAIRES-COMPRENANT-LE-RI.pdf\">Livret d\u2019accueil EJL Formations<\/a><\/p>\n\n\n\n<div class=\"wp-container-4 wp-block-group has-white-background-color has-background\"><div class=\"wp-block-group__inner-container\">\n<p><\/p>\n\n\n\n<h2 class=\"has-text-align-center has-luminous-vivid-orange-color has-text-color\"><br>Nos r\u00e9sultats<\/h2>\n\n\n\n<div class=\"wp-container-3 wp-block-columns\">\n<div class=\"wp-container-1 wp-block-column\"><div class=\"wp-block-image\">\n<figure class=\"aligncenter size-full is-resized\"><img loading=\"lazy\" src=\"https:\/\/ajl-asso.fr\/wp-content\/uploads\/sites\/4\/2025\/09\/Design-sans-titre-2-1.png\" alt=\"\" class=\"wp-image-1792\" width=\"89\" height=\"89\" \/><\/figure><\/div>\n\n\n<p class=\"has-text-align-center text-1 pt-2\"><strong>92%<\/strong>&nbsp;de nos stagiaires<br>sont tr\u00e8s satisfaits de nos actions de formation<\/p>\n<\/div>\n\n\n\n<div class=\"wp-container-2 wp-block-column\"><div class=\"wp-block-image\">\n<figure class=\"aligncenter size-full is-resized\"><img loading=\"lazy\" src=\"https:\/\/ajl-asso.fr\/wp-content\/uploads\/sites\/4\/2025\/09\/Design-sans-titre-3-1-1-1.png\" alt=\"\" class=\"wp-image-1793\" width=\"75\" height=\"75\" \/><\/figure><\/div>\n\n\n<p class=\"has-text-align-center text-1 pt-2\"><strong>96%&nbsp;<\/strong>de nos stagiaires<br>d\u00e9clarent que la formation<br>a r\u00e9pondu \u00e0 leurs<br>attentes<\/p>\n<\/div>\n<\/div>\n<\/div><\/div>\n\n\n\n<h2 class=\"has-luminous-vivid-orange-color has-text-color\"><strong>Demande de devis \/ R\u00e9servation \/ Renseignements<\/strong><\/h2>\n\n\n\n<p>L\u2019\u00e9quipe de Formation de NEPALE est \u00e0 votre \u00e9coute au 01.69.63.29.70 pour construire une formation adapt\u00e9e \u00e0 vos besoins. N\u2019h\u00e9sitez donc pas \u00e0 nous transmettre vos souhaits en termes d\u2019organisation et\/ou de th\u00e8mes \u00e0 travailler.<\/p>\n\n\n\n<p><\/p>\n","protected":false},"excerpt":{"rendered":"<p>Nous dispensons des formations adapt\u00e9es aux besoins identifi\u00e9s sur le terrain. Elles sont assur\u00e9es par les membres de notre \u00c9quipe Mobile d&rsquo;Accompagnement et de Soins Palliatifs, form\u00e9e aux pratiques p\u00e9dagogiques. Des formations en institution et en \u00e9quipes sont propos\u00e9es sur les th\u00e8mes les plus fr\u00e9quemment demand\u00e9s et abord\u00e9es sous l\u2019angle th\u00e9orique et pratique.&nbsp; La dur\u00e9e [&hellip;]<\/p>\n","protected":false},"author":13,"featured_media":0,"parent":956,"menu_order":3,"comment_status":"closed","ping_status":"closed","template":"","meta":{"_coblocks_attr":"","_coblocks_dimensions":"","_coblocks_responsive_height":"","_coblocks_accordion_ie_support":""},"_links":{"self":[{"href":"https:\/\/ajl-asso.fr\/la-martiniere\/wp-json\/wp\/v2\/pages\/1060"}],"collection":[{"href":"https:\/\/ajl-asso.fr\/la-martiniere\/wp-json\/wp\/v2\/pages"}],"about":[{"href":"https:\/\/ajl-asso.fr\/la-martiniere\/wp-json\/wp\/v2\/types\/page"}],"author":[{"embeddable":true,"href":"https:\/\/ajl-asso.fr\/la-martiniere\/wp-json\/wp\/v2\/users\/13"}],"replies":[{"embeddable":true,"href":"https:\/\/ajl-asso.fr\/la-martiniere\/wp-json\/wp\/v2\/comments?post=1060"}],"version-history":[{"count":40,"href":"https:\/\/ajl-asso.fr\/la-martiniere\/wp-json\/wp\/v2\/pages\/1060\/revisions"}],"predecessor-version":[{"id":1815,"href":"https:\/\/ajl-asso.fr\/la-martiniere\/wp-json\/wp\/v2\/pages\/1060\/revisions\/1815"}],"up":[{"embeddable":true,"href":"https:\/\/ajl-asso.fr\/la-martiniere\/wp-json\/wp\/v2\/pages\/956"}],"wp:attachment":[{"href":"https:\/\/ajl-asso.fr\/la-martiniere\/wp-json\/wp\/v2\/media?parent=1060"}],"curies":[{"name":"wp","href":"https:\/\/api.w.org\/{rel}","templated":true}]}}