{"id":1062,"date":"2022-10-24T17:32:05","date_gmt":"2022-10-24T15:32:05","guid":{"rendered":"https:\/\/ajl-asso.fr\/la-martiniere\/?page_id=1062"},"modified":"2022-11-09T10:53:55","modified_gmt":"2022-11-09T09:53:55","slug":"lanalyse-des-pratiques-et-ethique","status":"publish","type":"page","link":"https:\/\/ajl-asso.fr\/la-martiniere\/nepale\/lanalyse-des-pratiques-et-ethique\/","title":{"rendered":"L&rsquo;analyse des pratiques et \u00e9thique"},"content":{"rendered":"\n<h2 class=\"has-luminous-vivid-orange-color has-text-color has-large-font-size has-custom-lineheight has-custom-letterspacing\" style=\"line-height:1.39;letter-spacing:1.5px;font-size:49px\"><strong>L\u2019analyse des pratiques professionnelles<\/strong><\/h2>\n\n\n\n<p>Dans une structure, ou une \u00e9quipe, l\u2019analyse des pratiques professionnelles ne peut pas \u00eatre optionnelle. C\u2019est un outil collectif de travail, qui se d\u00e9roule sur le temps de travail et qui est financ\u00e9 par l\u2019institution. &nbsp;NEPALE vous propose d\u2019assurer ce type de prestation.<\/p>\n\n\n\n<p>C\u2019est l\u2019un des outils de l\u2019action coordonn\u00e9e. Elle participe \u00e0 la tr\u00e8s difficile question de la qualit\u00e9 de vie au travail et de la qualit\u00e9 du travail. Les charges \u00e9motionnelles li\u00e9es aux situations d\u2019accompagnement et\/ou de soins affectent les pratiques professionnelles et ceux qui les r\u00e9alisent.<\/p>\n\n\n\n<p>En offrant un espace qui permette de poser et de mettre au travail les tensions psychiques \u00e9prouvantes li\u00e9es \u00e0 la relation avec une personne accompagn\u00e9e et\/ou malade, le groupe d\u2019analyse des pratiques professionnelles contribue au maintien d\u2019une dynamique positive au travail.<\/p>\n\n\n\n<p>Le groupe d\u2019analyse des pratiques professionnelles travaille \u00e0 partir de situations cliniques, celles qui sont au c\u0153ur de la mission assur\u00e9e&nbsp;mais qui, par leur nature, provoque pour le salari\u00e9 ou le groupe des mouvements internes assez puissants pour \u00eatre rep\u00e9r\u00e9s : accompagner des personnes en grande exclusion, prendre en charge des personnes gravement malades, r\u00e9pondre \u00e0 des injonctions plus ou moins recevables, faire face \u00e0 de l\u2019agressivit\u00e9, de l\u2019impuissance, etc. Il s\u2019agit dans cet espace de r\u00e9ussir \u00e0 mailler subjectivit\u00e9 du professionnel et pratique professionnelle, r\u00e9ussir \u00e0 exploiter la part \u00ab&nbsp;perso&nbsp;\u00bb du professionnel au service de sa pratique.<\/p>\n\n\n\n<p>L\u2019analyse de la pratique professionnelle est un espace d\u2019\u00e9changes dans lequel les places, les fonctions et les comp\u00e9tences sont garanties par l\u2019animateur, au service conjoint du sens de l\u2019action et de l\u2019utilit\u00e9 sociale et m\u00e9dicale.&nbsp;<\/p>\n\n\n\n<p>L\u2019animation est assur\u00e9e par un psychologue, le plus souvent psychanalyste, qui saura assurer une limite au sein du groupe quand les aspects \u00e9motionnels amen\u00e9s renvoie \u00e0 des probl\u00e9matiques priv\u00e9es.<\/p>\n\n\n\n<p>L\u2019unit\u00e9 du groupe et sa dynamique se cr\u00e9ent. Elles ne sont jamais imm\u00e9diates.<\/p>\n\n\n\n<p>Apprendre \u00e0 identifier ce qui nous touche fait partie de l\u2019apprivoisement avec soi-m\u00eame et avec le groupe, d\u00e9marche \u00e0 la fois individuelle et groupale. La dynamique du groupe repose sur la parole en faisant appara\u00eetre l\u2019\u00e9cart entre ce que l\u2019on cherche \u00e0 dire et ce que l\u2019on dit. L\u2019animateur est le garant de la m\u00e9thode.<\/p>\n\n\n\n<p>Le rythme des s\u00e9ances d\u2019analyse des pratiques professionnelle est r\u00e9gulier tous les mois (parfois tous les deux\u2013 dans ce cas la dynamique groupale est moins facile \u00e0 d\u00e9clencher).<\/p>\n\n\n\n<h2 class=\"has-luminous-vivid-orange-color has-text-color has-large-font-size has-custom-lineheight has-custom-letterspacing\" style=\"line-height:1.35;letter-spacing:1.5px;font-size:49px\"><strong>R\u00e9flexion \u00e9thique<\/strong><\/h2>\n\n\n\n<p>La d\u00e9marche palliative repose sur la dimension \u00e9thique de nos pratiques. La r\u00e9flexion \u00e9thique est elle-m\u00eame une d\u00e9marche.<\/p>\n\n\n\n<p>Dans le cadre d\u2019une activit\u00e9 professionnelle orient\u00e9e vers l\u2019accompagnement et le soin, l\u2019\u00e9thique comprend l\u2019ensemble des r\u00e9flexions et interrogations portant sur la valeur et les conditions d\u2019exercice.<\/p>\n\n\n\n<p>Elle se d\u00e9cline en \u00e9quipe pluriprofessionnelle, avec le patient et son entourage pour croiser les regards et les enjeux de chaque situation, puisqu\u2019elle entend interroger tout au long du parcours de sant\u00e9 et de soins, la juste proportionnalit\u00e9 des propositions faites aux patients et leur entourage, dans le respect de leurs choix.<\/p>\n\n\n\n<p>\u00c0 la demande des professionnels de ville et hospitaliers ainsi que des \u00e9tablissements m\u00e9dico-sociaux l\u2019EMTA-SP NEPALE peut participer \u00e0 des r\u00e9unions o\u00f9 sont travaill\u00e9es les enjeux \u00e9thiques de la d\u00e9marche palliative et des soins palliatifs en g\u00e9n\u00e9ral ou dans le cadre de situations particuli\u00e8res.<\/p>\n\n\n\n<p>L\u2019\u00c9quipe Mobile Territoriale d&rsquo;Accompagnement et de Soins Palliatifs est amen\u00e9e, dans le cadre de ses accompagnements \u00e0 domicile, \u00e0 organiser des r\u00e9unions de concertation \u00e9thique avec les professionnels du cercle de soins d\u2019un patient pris en charge que ce soit chez les professionnels ou avec le patient et son entourage \u00e0 son domicile.<\/p>\n\n\n\n<p>Ainsi, la d\u00e9marche palliative inclut la r\u00e9flexion \u00e9thique de la pratique. Elle permet de prendre du recul, de la distance, face \u00e0 des situations compliqu\u00e9es ou complexes qui se situent dans des zones d\u2019incertitude juridique ou r\u00e9glementaire ou lorsque des logiques de valeurs contradictoires sont \u00e0 \u0153uvre. La r\u00e9flexion \u00e9thique aide alors \u00e0 analyser et clarifier les \u00e9l\u00e9ments de complexit\u00e9 au regard des syst\u00e8mes de valeur de chacun. Elle permet de poser coll\u00e9gialement des d\u00e9cisions d\u00e9licates en rendant possible l\u2019expression de chacun pour que le tout et l\u2019ensemble des parties se sentent reconnus.<\/p>\n\n\n\n<p>\u201c<em>L\u2019\u00e9thique est une interrogation, une inqui\u00e9tude, un \u201csursaut\u201d devant les situations o\u00f9 la personne<\/em> <em>humaine est menac\u00e9e dans sa dignit\u00e9 et celles o\u00f9 l\u2019injustice bafoue la solidarit\u00e9<\/em>\u201d Pr Fran\u00e7ois Blanchard.<\/p>\n\n\n\n<p><strong>N\u2019h\u00e9sitez-pas \u00e0 nous contacter pour envisager avec nous ces types d\u2019interventions dans votre structure ou vos regroupements. Nous sommes \u00e0 votre disposition pour construire un programme de travail adapt\u00e9 \u00e0 vos besoins.<\/strong><\/p>\n","protected":false},"excerpt":{"rendered":"<p>L\u2019analyse des pratiques professionnelles Dans une structure, ou une \u00e9quipe, l\u2019analyse des pratiques professionnelles ne peut pas \u00eatre optionnelle. C\u2019est un outil collectif de travail, qui se d\u00e9roule sur le temps de travail et qui est financ\u00e9 par l\u2019institution. &nbsp;NEPALE vous propose d\u2019assurer ce type de prestation. C\u2019est l\u2019un des outils de l\u2019action coordonn\u00e9e. Elle [&hellip;]<\/p>\n","protected":false},"author":13,"featured_media":0,"parent":956,"menu_order":5,"comment_status":"closed","ping_status":"closed","template":"","meta":{"_coblocks_attr":"","_coblocks_dimensions":"","_coblocks_responsive_height":"","_coblocks_accordion_ie_support":""},"_links":{"self":[{"href":"https:\/\/ajl-asso.fr\/la-martiniere\/wp-json\/wp\/v2\/pages\/1062"}],"collection":[{"href":"https:\/\/ajl-asso.fr\/la-martiniere\/wp-json\/wp\/v2\/pages"}],"about":[{"href":"https:\/\/ajl-asso.fr\/la-martiniere\/wp-json\/wp\/v2\/types\/page"}],"author":[{"embeddable":true,"href":"https:\/\/ajl-asso.fr\/la-martiniere\/wp-json\/wp\/v2\/users\/13"}],"replies":[{"embeddable":true,"href":"https:\/\/ajl-asso.fr\/la-martiniere\/wp-json\/wp\/v2\/comments?post=1062"}],"version-history":[{"count":9,"href":"https:\/\/ajl-asso.fr\/la-martiniere\/wp-json\/wp\/v2\/pages\/1062\/revisions"}],"predecessor-version":[{"id":1325,"href":"https:\/\/ajl-asso.fr\/la-martiniere\/wp-json\/wp\/v2\/pages\/1062\/revisions\/1325"}],"up":[{"embeddable":true,"href":"https:\/\/ajl-asso.fr\/la-martiniere\/wp-json\/wp\/v2\/pages\/956"}],"wp:attachment":[{"href":"https:\/\/ajl-asso.fr\/la-martiniere\/wp-json\/wp\/v2\/media?parent=1062"}],"curies":[{"name":"wp","href":"https:\/\/api.w.org\/{rel}","templated":true}]}}