{"id":1124,"date":"2022-10-25T12:12:58","date_gmt":"2022-10-25T10:12:58","guid":{"rendered":"https:\/\/ajl-asso.fr\/la-martiniere\/?page_id=1124"},"modified":"2022-10-26T16:15:48","modified_gmt":"2022-10-26T14:15:48","slug":"documents-et-liens","status":"publish","type":"page","link":"https:\/\/ajl-asso.fr\/la-martiniere\/nepale\/documents-et-liens\/","title":{"rendered":"Documents et liens"},"content":{"rendered":"\n<p>Les documents et liens ont \u00e9t\u00e9 tri\u00e9s en 4 rubriques (voir les rubriques au niveau du menu) :<\/p>\n\n\n\n<ul><li>les documents pour tous<\/li><li>les documents professionnels<\/li><li>les fiches pratiques<\/li><li>les partenaires de travail<\/li><\/ul>\n\n\n\n<p><\/p>\n","protected":false},"excerpt":{"rendered":"<p>Les documents et liens ont \u00e9t\u00e9 tri\u00e9s en 4 rubriques (voir les rubriques au niveau du menu) : les documents pour tous les documents professionnels les fiches pratiques les partenaires de travail<\/p>\n","protected":false},"author":13,"featured_media":0,"parent":956,"menu_order":6,"comment_status":"closed","ping_status":"closed","template":"","meta":{"_coblocks_attr":"","_coblocks_dimensions":"","_coblocks_responsive_height":"","_coblocks_accordion_ie_support":""},"_links":{"self":[{"href":"https:\/\/ajl-asso.fr\/la-martiniere\/wp-json\/wp\/v2\/pages\/1124"}],"collection":[{"href":"https:\/\/ajl-asso.fr\/la-martiniere\/wp-json\/wp\/v2\/pages"}],"about":[{"href":"https:\/\/ajl-asso.fr\/la-martiniere\/wp-json\/wp\/v2\/types\/page"}],"author":[{"embeddable":true,"href":"https:\/\/ajl-asso.fr\/la-martiniere\/wp-json\/wp\/v2\/users\/13"}],"replies":[{"embeddable":true,"href":"https:\/\/ajl-asso.fr\/la-martiniere\/wp-json\/wp\/v2\/comments?post=1124"}],"version-history":[{"count":6,"href":"https:\/\/ajl-asso.fr\/la-martiniere\/wp-json\/wp\/v2\/pages\/1124\/revisions"}],"predecessor-version":[{"id":1294,"href":"https:\/\/ajl-asso.fr\/la-martiniere\/wp-json\/wp\/v2\/pages\/1124\/revisions\/1294"}],"up":[{"embeddable":true,"href":"https:\/\/ajl-asso.fr\/la-martiniere\/wp-json\/wp\/v2\/pages\/956"}],"wp:attachment":[{"href":"https:\/\/ajl-asso.fr\/la-martiniere\/wp-json\/wp\/v2\/media?parent=1124"}],"curies":[{"name":"wp","href":"https:\/\/api.w.org\/{rel}","templated":true}]}}