{"id":113,"date":"2017-10-17T15:43:55","date_gmt":"2017-10-17T13:43:55","guid":{"rendered":"https:\/\/ajl-asso.fr\/la-martiniere\/?page_id=113"},"modified":"2024-10-09T16:50:45","modified_gmt":"2024-10-09T14:50:45","slug":"droits-et-obligations","status":"publish","type":"page","link":"https:\/\/ajl-asso.fr\/la-martiniere\/ssr\/vie-quotidienne\/droits-et-obligations\/","title":{"rendered":"Droits et obligations"},"content":{"rendered":"<p>Le r\u00e8glement int\u00e9rieur du SMR est affich\u00e9e \u00e0 chaque \u00e9tage. Nous vous invitons \u00e0 en prendre connaissance. Plusieurs r\u00e8gles de base fondent les principes de l\u2019\u00e9tablissement :<\/p>\n<p><strong>RESPECT DE LA PERSONNE<\/strong><b><br \/>\n<\/b>La direction et le personnel de l\u2019\u00e9tablissement sont attentifs \u00e0 la qualit\u00e9 de votre s\u00e9jour et s\u2019engagent \u00e0 ce qu\u2019il se d\u00e9roule dans les meilleures conditions. Toutefois, si des comportements vous semblent irrespectueux ou si vous \u00eates victime ou t\u00e9moin d\u2019actes de maltraitance, pr\u00e9venez sans d\u00e9lai un m\u00e9decin ou un infirmier. Vous pouvez aussi demander \u00e0 rencontrer le directeur.<\/p>\n<p>Aussi, dans l\u2019int\u00e9r\u00eat de tous, est-il indispensable de respecter la tranquillit\u00e9 des autres patients, d\u2019user avec discr\u00e9tion des appareils de t\u00e9l\u00e9vision et de radio, de respecter les biens et les \u00e9quipements collectifs ou individuels mis \u00e0 disposition par l\u2019\u00e9tablissement.<\/p>\n<p><strong>AFFECTIONS LI\u00c9ES AUX ACTIVIT\u00c9S DE SOINS<\/strong><b><br \/>\n<\/b>Conform\u00e9ment \u00e0 la loi du 4 mars 2002, les professionnels de l\u2019\u00e9tablissement doivent vous informer au plus tard dans les 15 jours qui suivent la d\u00e9couverte, d\u2019un dommage imputable \u00e0 une activit\u00e9 de pr\u00e9vention, de diagnostic et de soins, notamment en cas d\u2019accidents m\u00e9dicaux, d\u2019affections iatrog\u00e8nes, ou d\u2019infection nosocomiale.<\/p>\n<p><strong>PERSONNE DE CONFIANCE<\/strong><b><br \/>\n<\/b>(article L. 1111-6 du code de la sant\u00e9 publique)<b><br \/>\n<\/b>Pendant votre s\u00e9jour, vous serez invit\u00e9 \u00e0 d\u00e9signer une personne de confiance. Elle peut \u00eatre un membre de votre famille, votre m\u00e9decin de famille ou un proche. Cette personne sera consult\u00e9e dans le cas o\u00f9 vous ne seriez plus en mesure d\u2019exprimer votre volont\u00e9 ou de recevoir l\u2019information n\u00e9cessaire \u00e0 cette fin. Elle pourra en outre, si vous le souhaitez, assister aux entretiens m\u00e9dicaux afin de participer aux prises de d\u00e9cision vous concernant. Sachez que vous pouvez annuler votre d\u00e9signation ou en modifier les termes \u00e0 tout moment. Si vous souhaitez en savoir plus sur la personne de confiance, votre m\u00e9decin pourra vous renseigner.<\/p>\n<p><strong>L\u2019HYGI\u00c8NE ET SECURITE<\/strong><b><br \/>\n<\/b>L\u2019hygi\u00e8ne est essentielle. C\u2019est pourquoi les animaux ne sont pas admis dans notre \u00e9tablissement. Dans l\u2019int\u00e9r\u00eat de votre traitement, vous ne pouvez pas, vous faire remettre des denr\u00e9es, boissons ou m\u00e9dicaments provenant de l\u2019ext\u00e9rieur. Les appareils \u00e9lectriques personnels ne sont pas autoris\u00e9s (\u00e0 l\u2019exception de la radio et du rasoir).<\/p>\n","protected":false},"excerpt":{"rendered":"<p>Le r\u00e8glement int\u00e9rieur du SMR est affich\u00e9e \u00e0 chaque \u00e9tage. Nous vous invitons \u00e0 en prendre connaissance. Plusieurs r\u00e8gles de base fondent les principes de l\u2019\u00e9tablissement : RESPECT DE LA PERSONNE La direction et le personnel de l\u2019\u00e9tablissement sont attentifs \u00e0 la qualit\u00e9 de votre s\u00e9jour et s\u2019engagent \u00e0 ce qu\u2019il se d\u00e9roule dans les [&hellip;]<\/p>\n","protected":false},"author":1,"featured_media":76,"parent":109,"menu_order":0,"comment_status":"closed","ping_status":"closed","template":"pages-templates\/pages-boxes.php","meta":{"_coblocks_attr":"","_coblocks_dimensions":"","_coblocks_responsive_height":"","_coblocks_accordion_ie_support":""},"_links":{"self":[{"href":"https:\/\/ajl-asso.fr\/la-martiniere\/wp-json\/wp\/v2\/pages\/113"}],"collection":[{"href":"https:\/\/ajl-asso.fr\/la-martiniere\/wp-json\/wp\/v2\/pages"}],"about":[{"href":"https:\/\/ajl-asso.fr\/la-martiniere\/wp-json\/wp\/v2\/types\/page"}],"author":[{"embeddable":true,"href":"https:\/\/ajl-asso.fr\/la-martiniere\/wp-json\/wp\/v2\/users\/1"}],"replies":[{"embeddable":true,"href":"https:\/\/ajl-asso.fr\/la-martiniere\/wp-json\/wp\/v2\/comments?post=113"}],"version-history":[{"count":8,"href":"https:\/\/ajl-asso.fr\/la-martiniere\/wp-json\/wp\/v2\/pages\/113\/revisions"}],"predecessor-version":[{"id":1687,"href":"https:\/\/ajl-asso.fr\/la-martiniere\/wp-json\/wp\/v2\/pages\/113\/revisions\/1687"}],"up":[{"embeddable":true,"href":"https:\/\/ajl-asso.fr\/la-martiniere\/wp-json\/wp\/v2\/pages\/109"}],"wp:featuredmedia":[{"embeddable":true,"href":"https:\/\/ajl-asso.fr\/la-martiniere\/wp-json\/wp\/v2\/media\/76"}],"wp:attachment":[{"href":"https:\/\/ajl-asso.fr\/la-martiniere\/wp-json\/wp\/v2\/media?parent=113"}],"curies":[{"name":"wp","href":"https:\/\/api.w.org\/{rel}","templated":true}]}}