{"id":117,"date":"2017-10-17T15:44:38","date_gmt":"2017-10-17T13:44:38","guid":{"rendered":"https:\/\/ajl-asso.fr\/la-martiniere\/?page_id=117"},"modified":"2026-03-24T11:01:09","modified_gmt":"2026-03-24T10:01:09","slug":"les-prestations","status":"publish","type":"page","link":"https:\/\/ajl-asso.fr\/la-martiniere\/ssr\/vie-quotidienne\/les-prestations\/","title":{"rendered":"Prestations"},"content":{"rendered":"<p><strong>COIFFURE\/P\u00c9DICURE<\/strong><\/p>\n<p>L\u2019\u00e9tablissement dispose d\u2019un salon de coiffure install\u00e9 au 1er&nbsp;\u00e9tage (pr\u00e8s de la salle de r\u00e9\u00e9ducation).<strong><br \/>\n<\/strong>Une coiffeuse intervient dans l\u2019\u00e9tablissement sur rendez-vous. Les rendez-vous sont \u00e0 prendre aupr\u00e8s de l\u2019accueil de l\u2019\u00e9tablissement.<\/p>\n<p>Une p\u00e9dicure\/podologue est \u00e9galement pr\u00e9sente dans l&rsquo;\u00e9tablissement. Elle intervient sur rendez-vous \u00e0 prendre aupr\u00e8s de l&rsquo;accueil.&nbsp;<strong><br \/>\n<\/strong>Ces prestations sont \u00e0 votre charge et seront pr\u00e9lev\u00e9es sur votre facture mensuelle (pas de r\u00e8glement direct au prestataire).<\/p>\n<p>Les tarifs des prestations (coiffeur, p\u00e9dicure\u2026) propos\u00e9es par l\u2019\u00e9tablissement se trouvent dans l\u2019annexe compl\u00e9tive du livret d\u2019accueil ou \u00e0 l\u2019accueil de l\u2019\u00e9tablissement.<\/p>\n<p><strong>COURRIER<\/strong><\/p>\n<p>Le courrier vous est distribu\u00e9 chaque jour. La lev\u00e9e du courrier par la poste a lieu&nbsp;vers 9 heures les jours ouvrables.<\/p>\n<p><strong>BIBLIOTH\u00c8QUE<\/strong><\/p>\n<p>Une biblioth\u00e8que est \u00e0 votre disposition au rez-de-chauss\u00e9e de l&rsquo;\u00e9tablissement.<\/p>\n<p><strong>WIFI<\/strong><\/p>\n<p>L&rsquo;\u00e9tablissement dispose d&rsquo;un r\u00e9seau wifi pour les patients : les tarifs sont disponibles \u00e0 l&rsquo;accueil.<\/p>\n<p><strong>AUTRES PRESTATIONS<\/strong><\/p>\n<p>Au kiosque, situ\u00e9 au rez-de-chauss\u00e9e pr\u00e8s de l\u2019accueil, vous trouverez les produits de premi\u00e8re n\u00e9cessit\u00e9.<\/p>\n","protected":false},"excerpt":{"rendered":"<p>COIFFURE\/P\u00c9DICURE L\u2019\u00e9tablissement dispose d\u2019un salon de coiffure install\u00e9 au 1er&nbsp;\u00e9tage (pr\u00e8s de la salle de r\u00e9\u00e9ducation). Une coiffeuse intervient dans l\u2019\u00e9tablissement sur rendez-vous. Les rendez-vous sont \u00e0 prendre aupr\u00e8s de l\u2019accueil de l\u2019\u00e9tablissement. Une p\u00e9dicure\/podologue est \u00e9galement pr\u00e9sente dans l&rsquo;\u00e9tablissement. Elle intervient sur rendez-vous \u00e0 prendre aupr\u00e8s de l&rsquo;accueil.&nbsp; Ces prestations sont \u00e0 votre charge [&hellip;]<\/p>\n","protected":false},"author":1,"featured_media":82,"parent":109,"menu_order":0,"comment_status":"closed","ping_status":"closed","template":"pages-templates\/pages-boxes.php","meta":{"_coblocks_attr":"","_coblocks_dimensions":"","_coblocks_responsive_height":"","_coblocks_accordion_ie_support":""},"_links":{"self":[{"href":"https:\/\/ajl-asso.fr\/la-martiniere\/wp-json\/wp\/v2\/pages\/117"}],"collection":[{"href":"https:\/\/ajl-asso.fr\/la-martiniere\/wp-json\/wp\/v2\/pages"}],"about":[{"href":"https:\/\/ajl-asso.fr\/la-martiniere\/wp-json\/wp\/v2\/types\/page"}],"author":[{"embeddable":true,"href":"https:\/\/ajl-asso.fr\/la-martiniere\/wp-json\/wp\/v2\/users\/1"}],"replies":[{"embeddable":true,"href":"https:\/\/ajl-asso.fr\/la-martiniere\/wp-json\/wp\/v2\/comments?post=117"}],"version-history":[{"count":14,"href":"https:\/\/ajl-asso.fr\/la-martiniere\/wp-json\/wp\/v2\/pages\/117\/revisions"}],"predecessor-version":[{"id":1911,"href":"https:\/\/ajl-asso.fr\/la-martiniere\/wp-json\/wp\/v2\/pages\/117\/revisions\/1911"}],"up":[{"embeddable":true,"href":"https:\/\/ajl-asso.fr\/la-martiniere\/wp-json\/wp\/v2\/pages\/109"}],"wp:featuredmedia":[{"embeddable":true,"href":"https:\/\/ajl-asso.fr\/la-martiniere\/wp-json\/wp\/v2\/media\/82"}],"wp:attachment":[{"href":"https:\/\/ajl-asso.fr\/la-martiniere\/wp-json\/wp\/v2\/media?parent=117"}],"curies":[{"name":"wp","href":"https:\/\/api.w.org\/{rel}","templated":true}]}}