{"id":121,"date":"2017-10-17T15:45:46","date_gmt":"2017-10-17T13:45:46","guid":{"rendered":"https:\/\/ajl-asso.fr\/la-martiniere\/?page_id=121"},"modified":"2023-08-22T11:22:04","modified_gmt":"2023-08-22T09:22:04","slug":"votre-sejour","status":"publish","type":"page","link":"https:\/\/ajl-asso.fr\/la-martiniere\/ssr\/vie-quotidienne\/votre-sejour\/","title":{"rendered":"Votre s\u00e9jour"},"content":{"rendered":"<p><strong>LES CHAMBRES<br \/>\n<\/strong>Les chambres sont toutes m\u00e9dicalis\u00e9es et mesurent environ 13 m\u00b2.<br \/>\nVous pouvez s\u00e9journer en chambre individuelle au tarif en vigueur ou en chambre double sans suppl\u00e9ment.<br \/>\nVous pouvez disposer d\u2019une t\u00e9l\u00e9vision ainsi que d\u2019un poste t\u00e9l\u00e9phonique.<\/p>\n<p>&nbsp;<\/p>\n<p><strong>LES REPAS<br \/>\n<\/strong><\/p>\n<table width=\"312\">\n<tbody>\n<tr>\n<td>Petit d\u00e9jeuner (en chambre):<\/td>\n<td><\/td>\n<td>7h15 \u00e0 8h15<\/td>\n<\/tr>\n<tr>\n<td>D\u00e9jeuner (au restaurant):<\/td>\n<td><\/td>\n<td>12h00<\/td>\n<\/tr>\n<tr>\n<td>D\u00eener (au restaurant):<\/td>\n<td><\/td>\n<td>18h30<\/td>\n<\/tr>\n<\/tbody>\n<\/table>\n<p>&nbsp;<\/p>\n<p><strong>LES MENUS<br \/>\n<\/strong>A votre arriv\u00e9e, la di\u00e9t\u00e9ticienne prend note de vos go\u00fbts et de vos r\u00e9gimes alimentaires pour adapter les menus en cons\u00e9quence.<\/p>\n<p>&nbsp;<\/p>\n","protected":false},"excerpt":{"rendered":"<p>LES CHAMBRES Les chambres sont toutes m\u00e9dicalis\u00e9es et mesurent environ 13 m\u00b2. Vous pouvez s\u00e9journer en chambre individuelle au tarif en vigueur ou en chambre double sans suppl\u00e9ment. Vous pouvez disposer d\u2019une t\u00e9l\u00e9vision ainsi que d\u2019un poste t\u00e9l\u00e9phonique. &nbsp; LES REPAS Petit d\u00e9jeuner (en chambre): 7h15 \u00e0 8h15 D\u00e9jeuner (au restaurant): 12h00 D\u00eener (au restaurant): [&hellip;]<\/p>\n","protected":false},"author":1,"featured_media":80,"parent":109,"menu_order":0,"comment_status":"closed","ping_status":"closed","template":"pages-templates\/pages-boxes.php","meta":{"_coblocks_attr":"","_coblocks_dimensions":"","_coblocks_responsive_height":"","_coblocks_accordion_ie_support":""},"_links":{"self":[{"href":"https:\/\/ajl-asso.fr\/la-martiniere\/wp-json\/wp\/v2\/pages\/121"}],"collection":[{"href":"https:\/\/ajl-asso.fr\/la-martiniere\/wp-json\/wp\/v2\/pages"}],"about":[{"href":"https:\/\/ajl-asso.fr\/la-martiniere\/wp-json\/wp\/v2\/types\/page"}],"author":[{"embeddable":true,"href":"https:\/\/ajl-asso.fr\/la-martiniere\/wp-json\/wp\/v2\/users\/1"}],"replies":[{"embeddable":true,"href":"https:\/\/ajl-asso.fr\/la-martiniere\/wp-json\/wp\/v2\/comments?post=121"}],"version-history":[{"count":8,"href":"https:\/\/ajl-asso.fr\/la-martiniere\/wp-json\/wp\/v2\/pages\/121\/revisions"}],"predecessor-version":[{"id":524,"href":"https:\/\/ajl-asso.fr\/la-martiniere\/wp-json\/wp\/v2\/pages\/121\/revisions\/524"}],"up":[{"embeddable":true,"href":"https:\/\/ajl-asso.fr\/la-martiniere\/wp-json\/wp\/v2\/pages\/109"}],"wp:featuredmedia":[{"embeddable":true,"href":"https:\/\/ajl-asso.fr\/la-martiniere\/wp-json\/wp\/v2\/media\/80"}],"wp:attachment":[{"href":"https:\/\/ajl-asso.fr\/la-martiniere\/wp-json\/wp\/v2\/media?parent=121"}],"curies":[{"name":"wp","href":"https:\/\/api.w.org\/{rel}","templated":true}]}}