{"id":2,"date":"2017-09-20T11:15:09","date_gmt":"2017-09-20T09:15:09","guid":{"rendered":"https:\/\/ajl-asso.fr\/la-martiniere\/?page_id=2"},"modified":"2026-03-24T10:04:06","modified_gmt":"2026-03-24T09:04:06","slug":"accueil","status":"publish","type":"page","link":"https:\/\/ajl-asso.fr\/la-martiniere\/","title":{"rendered":"Accueil"},"content":{"rendered":"<p>Le personnel de l\u2019\u00c9tablissement de Sant\u00e9 La Martini\u00e8re est heureux de vous accueillir et vous souhaite la bienvenue.<\/p>\n<p>Ce site\u00a0vous permettra de mieux conna\u00eetre l\u2019\u00e9tablissement et son fonctionnement. Vous y\u00a0trouverez des informations pratiques sur les formalit\u00e9s administratives ainsi que des renseignements destin\u00e9s \u00e0 vous aider \u00e0 organiser votre s\u00e9jour dans les meilleures conditions.<\/p>\n<p>Notre service de Soins de Suite et de R\u00e9adaptation (SSR) a re\u00e7u la visite des experts-visiteurs de la Haute Autorit\u00e9 de Sant\u00e9 (HAS), en novembre 2024, pour v\u00e9rifier la qualit\u00e9 et la s\u00e9curit\u00e9 de la prise en charge des patients. Au vu de cette \u00e9valuation, notre \u00e9tablissement a \u00e9t\u00e9 certifi\u00e9 \u00ab\u00a0Qualit\u00e9 des soins confirm\u00e9e\u00a0\u00bb par la Haute Autorit\u00e9 de sant\u00e9 . Cette d\u00e9cision est valable quatre ans.<\/p>\n<p>Enfin, nous nous tenons \u00e0 votre disposition pour tout renseignement compl\u00e9mentaire et si vous avez des\u00a0remarques et suggestions concernant notre site, elles seront les bienvenues pour\u00a0am\u00e9liorer nos conditions d\u2019accueil.<\/p>\n<p>Nous vous souhaitons une agr\u00e9able visite de la Martini\u00e8re.<\/p>\n<p>La Directrice\u00a0 \u00a0 \u00a0 \u00a0 \u00a0 \u00a0 \u00a0 \u00a0 \u00a0 \u00a0 \u00a0 \u00a0 \u00a0 \u00a0 \u00a0 \u00a0 \u00a0 \u00a0 \u00a0 \u00a0 \u00a0 \u00a0 \u00a0 \u00a0 \u00a0 \u00a0 \u00a0 \u00a0Le M\u00e9decin Chef<br \/>\nAlexiane HARSCOU\u00cbT DE KERAVEL\u00a0 \u00a0 \u00a0 \u00a0 \u00a0 \u00a0 \u00a0 \u00a0 \u00a0 \u00a0 Dr Claire BOUDIER<\/p>\n","protected":false},"excerpt":{"rendered":"<p>Le personnel de l\u2019\u00c9tablissement de Sant\u00e9 La Martini\u00e8re est heureux de vous accueillir et vous souhaite la bienvenue. Ce site\u00a0vous permettra de mieux conna\u00eetre l\u2019\u00e9tablissement et son fonctionnement. Vous y\u00a0trouverez des informations pratiques sur les formalit\u00e9s administratives ainsi que des renseignements destin\u00e9s \u00e0 vous aider \u00e0 organiser votre s\u00e9jour dans les meilleures conditions. Notre service [&hellip;]<\/p>\n","protected":false},"author":1,"featured_media":0,"parent":0,"menu_order":0,"comment_status":"closed","ping_status":"open","template":"","meta":{"_coblocks_attr":"","_coblocks_dimensions":"","_coblocks_responsive_height":"","_coblocks_accordion_ie_support":""},"_links":{"self":[{"href":"https:\/\/ajl-asso.fr\/la-martiniere\/wp-json\/wp\/v2\/pages\/2"}],"collection":[{"href":"https:\/\/ajl-asso.fr\/la-martiniere\/wp-json\/wp\/v2\/pages"}],"about":[{"href":"https:\/\/ajl-asso.fr\/la-martiniere\/wp-json\/wp\/v2\/types\/page"}],"author":[{"embeddable":true,"href":"https:\/\/ajl-asso.fr\/la-martiniere\/wp-json\/wp\/v2\/users\/1"}],"replies":[{"embeddable":true,"href":"https:\/\/ajl-asso.fr\/la-martiniere\/wp-json\/wp\/v2\/comments?post=2"}],"version-history":[{"count":12,"href":"https:\/\/ajl-asso.fr\/la-martiniere\/wp-json\/wp\/v2\/pages\/2\/revisions"}],"predecessor-version":[{"id":1910,"href":"https:\/\/ajl-asso.fr\/la-martiniere\/wp-json\/wp\/v2\/pages\/2\/revisions\/1910"}],"wp:attachment":[{"href":"https:\/\/ajl-asso.fr\/la-martiniere\/wp-json\/wp\/v2\/media?parent=2"}],"curies":[{"name":"wp","href":"https:\/\/api.w.org\/{rel}","templated":true}]}}