{"id":220,"date":"2018-01-11T14:46:57","date_gmt":"2018-01-11T13:46:57","guid":{"rendered":"https:\/\/ajl-asso.fr\/la-martiniere\/?page_id=220"},"modified":"2025-05-12T16:02:04","modified_gmt":"2025-05-12T14:02:04","slug":"connexion","status":"publish","type":"page","link":"https:\/\/ajl-asso.fr\/la-martiniere\/connexion\/","title":{"rendered":"Connexion"},"content":{"rendered":"<p><strong>La r\u00e9servation de navettes \/ repas est exclusivement r\u00e9serv\u00e9e au personnel de l&rsquo;\u00e9tablissement<\/p>\n<p><\/strong><\/p>\n<form name=\"login-form\" id=\"login-form\" action=\"https:\/\/ajl-asso.fr\/la-martiniere\/wp-login.php\" method=\"post\"><p class=\"login-username\">\n\t\t\t\t<label for=\"user-login\">Login<\/label>\n\t\t\t\t<input type=\"text\" name=\"log\" id=\"user-login\" class=\"input\" value=\"\" size=\"20\" \/>\n\t\t\t<\/p><p class=\"login-password\">\n\t\t\t\t<label for=\"user-pass\">Mot de passe<\/label>\n\t\t\t\t<input type=\"password\" name=\"pwd\" id=\"user-pass\" class=\"input\" value=\"\" size=\"20\" \/>\n\t\t\t<\/p><p class=\"login-submit\">\n\t\t\t\t<input type=\"submit\" name=\"wp-submit\" id=\"wp-submit\" class=\"button button-primary\" value=\"Se connecter\" \/>\n\t\t\t\t<input type=\"hidden\" name=\"redirect_to\" value=\"https:\/\/ajl-asso.fr\/la-martiniere\/reservez-votre-navette-repas\/\" \/>\n\t\t\t<\/p><a href=\"https:\/\/ajl-asso.fr\/la-martiniere\/inscription\/\">Cr\u00e9er un compte<\/a> - <a href=\"https:\/\/ajl-asso.fr\/la-martiniere\/wp-login.php?action=lostpassword&redirect_to=https:\/\/ajl-asso.fr\/la-martiniere\/connexion\/\">Mot de passe perdu ?<\/a><\/form>\n","protected":false},"excerpt":{"rendered":"<p>La r\u00e9servation de navettes \/ repas est exclusivement r\u00e9serv\u00e9e au personnel de l&rsquo;\u00e9tablissement<\/p>\n","protected":false},"author":1,"featured_media":0,"parent":0,"menu_order":0,"comment_status":"closed","ping_status":"closed","template":"","meta":{"_coblocks_attr":"","_coblocks_dimensions":"","_coblocks_responsive_height":"","_coblocks_accordion_ie_support":""},"_links":{"self":[{"href":"https:\/\/ajl-asso.fr\/la-martiniere\/wp-json\/wp\/v2\/pages\/220"}],"collection":[{"href":"https:\/\/ajl-asso.fr\/la-martiniere\/wp-json\/wp\/v2\/pages"}],"about":[{"href":"https:\/\/ajl-asso.fr\/la-martiniere\/wp-json\/wp\/v2\/types\/page"}],"author":[{"embeddable":true,"href":"https:\/\/ajl-asso.fr\/la-martiniere\/wp-json\/wp\/v2\/users\/1"}],"replies":[{"embeddable":true,"href":"https:\/\/ajl-asso.fr\/la-martiniere\/wp-json\/wp\/v2\/comments?post=220"}],"version-history":[{"count":9,"href":"https:\/\/ajl-asso.fr\/la-martiniere\/wp-json\/wp\/v2\/pages\/220\/revisions"}],"predecessor-version":[{"id":1732,"href":"https:\/\/ajl-asso.fr\/la-martiniere\/wp-json\/wp\/v2\/pages\/220\/revisions\/1732"}],"wp:attachment":[{"href":"https:\/\/ajl-asso.fr\/la-martiniere\/wp-json\/wp\/v2\/media?parent=220"}],"curies":[{"name":"wp","href":"https:\/\/api.w.org\/{rel}","templated":true}]}}