{"id":29,"date":"2017-09-29T11:52:41","date_gmt":"2017-09-29T09:52:41","guid":{"rendered":"https:\/\/ajl-asso.fr\/la-martiniere\/?page_id=29"},"modified":"2026-03-24T17:07:51","modified_gmt":"2026-03-24T16:07:51","slug":"politique-de-qualite","status":"publish","type":"page","link":"https:\/\/ajl-asso.fr\/la-martiniere\/politique-de-qualite\/","title":{"rendered":"Politique qualit\u00e9 et RGPD"},"content":{"rendered":"\n<div class=\"wp-container-2 wp-block-columns\">\n<div class=\"wp-container-1 wp-block-column\" style=\"flex-basis:100%\">\n<h2><strong>Notice d&rsquo;information sur le traitement des donn\u00e9es personnelles et le RGPD (R\u00e8glement G\u00e9n\u00e9ral sur la Protection des Donn\u00e9es)<\/strong><\/h2>\n<\/div>\n<\/div>\n\n\n\n<p>L&rsquo;\u00e9tablissement de sant\u00e9 La Martini\u00e8re respecte l\u2019ensemble des dispositions l\u00e9gislatives et r\u00e9glementaires, fran\u00e7aises et europ\u00e9ennes relatives \u00e0 la protection des donn\u00e9es personnelles, et s\u2019engage \u00e0 traiter ces donn\u00e9es personnelles de mani\u00e8re <strong>transparente<\/strong>, <strong>confidentielle <\/strong>et <strong>s\u00e9curis\u00e9e<\/strong>.<\/p>\n\n\n\n<p>Dans le cadre des traitements de donn\u00e9es r\u00e9alis\u00e9s, le responsable de traitement est votre \u00e9tablissement de sant\u00e9 : l\u2019\u00c9tablissement de Sant\u00e9 La Martini\u00e8re situ\u00e9 chemin de la Martini\u00e8re, 91400 SACLAY.<\/p>\n\n\n\n<p>L&rsquo;\u00e9tablissement de sant\u00e9 La Martini\u00e8re souhaite ainsi vous informer par la pr\u00e9sente notice de la mani\u00e8re dont vos donn\u00e9es personnelles et vos donn\u00e9es personnelles de sant\u00e9 sont trait\u00e9es.<\/p>\n\n\n\n<h3><strong>Qui est concern\u00e9 par le traitement de donn\u00e9es personnelles ?<\/strong><\/h3>\n\n\n\n<p>Nous traitons essentiellement les donn\u00e9es personnelles des personnes prises en charge au sein de notre \u00e9tablissement de sant\u00e9.<\/p>\n\n\n\n<p>Toutefois, nous pouvons \u00e9galement \u00eatre amen\u00e9s \u00e0 traiter les donn\u00e9es personnelles de vos proches, par exemple un aidant, vos professionnels de sant\u00e9 ou une personne d\u00e9sign\u00e9e \u201cpersonne de confiance\u201d.<\/p>\n\n\n\n<h3><strong>Pourquoi traitons-nous vos donn\u00e9es ?<\/strong><\/h3>\n\n\n\n<p>Nous traitons vos donn\u00e9es afin de permettre :<\/p>\n\n\n\n<ul><li>votre prise en charge m\u00e9dicale ;<\/li><li>l\u2019organisation de votre prise en charge (gestion des \u00e9v\u00e8nements ind\u00e9sirables, de la restaurations, etc.)<\/li><\/ul>\n\n\n\n<p>Nous pr\u00e9cisons que le traitement de vos donn\u00e9es personnelles est n\u00e9cessaire afin de vous prendre en charge de mani\u00e8re adapt\u00e9e et s\u00e9curis\u00e9e. De plus, le traitement de vos donn\u00e9es personnelles ne fait pas l\u2019objet d&rsquo;une prise de d\u00e9cision automatis\u00e9e, y compris le profilage.<\/p>\n\n\n\n<h3><strong>Comment collectons-nous vos donn\u00e9es personnelles ?<\/strong><\/h3>\n\n\n\n<p>Les donn\u00e9es \u00e0 caract\u00e8re personnel sont principalement collect\u00e9es directement aupr\u00e8s de vous.<\/p>\n\n\n\n<p>Des donn\u00e9es personnelles vous concernant peuvent \u00eatre collect\u00e9es aupr\u00e8s d\u2019autres professionnels de sant\u00e9 ou de syst\u00e8mes d\u2019information de coordination dans le cadre de la prise en charge et du partage des donn\u00e9es en \u00e9quipe de soins, comme par exemple les r\u00e9sultats d\u2019examens envoy\u00e9s directement \u00e0 l\u2019\u00e9tablissement de sant\u00e9.<\/p>\n\n\n\n<h3><strong>Quel est le fondement juridique du traitement de vos donn\u00e9es personnelles ?<\/strong><\/h3>\n\n\n\n<p>Afin d\u2019\u00eatre licite, un traitement de donn\u00e9es personnelles doit s\u2019appuyer sur une base l\u00e9gale pr\u00e9vue par le RGPD.<\/p>\n\n\n\n<p>Au regard des diff\u00e9rents traitements mis en place, les traitements de donn\u00e9es reposent sur les bases l\u00e9gales suivantes :<\/p>\n\n\n\n<ul><li>\u00e0 des fins de m\u00e9decine pr\u00e9ventive, de diagnostics m\u00e9dicaux, de la prise en charge sanitaire ou sociale, ou de la gestion des syst\u00e8mes et des services de soins de sant\u00e9 (article 9 2. h) du RGPD) ;<\/li><li>\u00e0 des fins de sauvegarde de vos int\u00e9r\u00eats vitaux (article 9 2. c) du RGPD) ;<\/li><li>afin de respecter nos obligations l\u00e9gales (article 6 1. c) du RGPD) ;<\/li><li>ou encore sur les fondements de nos int\u00e9r\u00eats l\u00e9gitimes, par exemple par la mise en place d\u2019un dossier patient informatis\u00e9 facilitant la coop\u00e9ration de votre \u00e9quipe de soin, dans le but d\u2019am\u00e9liorer votre prise en charge.<\/li><\/ul>\n\n\n\n<h3><strong>Quelles donn\u00e9es sont concern\u00e9es ?<\/strong><\/h3>\n\n\n\n<p>Afin de permettre les finalit\u00e9s list\u00e9es ci-dessus, nous pouvons \u00eatre amen\u00e9s \u00e0 traiter les cat\u00e9gories de &nbsp;donn\u00e9es \u00e0 caract\u00e8re personnel suivantes \u00e0 propos de vous :<\/p>\n\n\n\n<ul><li>Vos donn\u00e9es personnelles d\u2019identification ;<\/li><li>Vos coordonn\u00e9es et moyens de contact ;<\/li><li>Vos donn\u00e9es personnelles de sant\u00e9 ;<\/li><li>Vos donn\u00e9es de vie personnelle ;<\/li><li>Vos donn\u00e9es de vie professionnelle ;<\/li><li>Vos donn\u00e9es d\u2019ordre \u00e9conomique et financier ;<\/li><li>Votre num\u00e9ro de s\u00e9curit\u00e9 sociale (NIR)&nbsp;;<\/li><\/ul>\n\n\n\n<p>Concernant votre personne de confiance d\u00e9sign\u00e9e, le cas \u00e9ch\u00e9ant :<\/p>\n\n\n\n<ul><li>Ses donn\u00e9es d\u2019identification ;<\/li><li>Ses coordonn\u00e9es et moyens de contact ;<\/li><li>Le lien de parent\u00e9 avec vous-m\u00eame.<\/li><\/ul>\n\n\n\n<h3><strong>Quels sont les destinataires de vos donn\u00e9es ?<\/strong><\/h3>\n\n\n\n<p>Vos donn\u00e9es personnelles sont principalement trait\u00e9es par les agents de votre \u00e9tablissement de sant\u00e9, et vos donn\u00e9es m\u00e9dicales sont principalement destin\u00e9es \u00e0 votre \u00e9quipe de soin. Vos donn\u00e9es m\u00e9dicales ne pourront \u00eatre communiqu\u00e9es \u00e0 tiers que sur la base de votre consentement.<\/p>\n\n\n\n<p>Vos donn\u00e9es personnelles peuvent \u00e9galement \u00eatre transmises hors de votre \u00e9tablissement de sant\u00e9, notamment aux destinataires suivants :<\/p>\n\n\n\n<ul><li><strong>\u00e0 votre caisse primaire d\u2019assurance maladie <\/strong>pour la t\u00e9l\u00e9transmission des feuilles de soins ;<\/li><li><strong>aux laboratoires de biologie m\u00e9dicale et d\u2019anatomo-pathologie<\/strong> pour la r\u00e9alisation des examens r\u00e9alis\u00e9s dans le cadre de la prise en charge par l&rsquo;\u00e9tablissement de sant\u00e9 La Martini\u00e8re ;<\/li><li>\u00e0 l\u2019<strong>\u00e9tablissement fran\u00e7ais du sang <\/strong>;<\/li><li>au <strong>si\u00e8ge de l\u2019association Jean Lachenaud<\/strong> \u00e0 des fins de gestion de la facturation des soins dispens\u00e9s ;<\/li><li><strong>aux transporteurs sanitaires<\/strong> pour l\u2019organisation des d\u00e9placements entre votre domicile et l&rsquo;\u00e9tablissement de sant\u00e9 La Martini\u00e8re ou un \u00e9tablissement externe et l&rsquo;\u00e9tablissement de sant\u00e9 La Martini\u00e8re ;<\/li><li>aux <strong>\u00e9tablissements de sant\u00e9 externe et professionnels de sant\u00e9 externes<\/strong> dans le cadre de votre prise en charge et de la continuit\u00e9 des soins ;<\/li><li>les <strong>organismes sociaux<\/strong> ;<\/li><li><strong>sous-traitants<\/strong> de l\u2019\u00e9tablissement assurant entre autres le bon fonctionnement des syst\u00e8mes informatiques.<\/li><\/ul>\n\n\n\n<h3><strong>Transferts de donn\u00e9es en dehors de l\u2019Union Europ\u00e9enne<\/strong><\/h3>\n\n\n\n<p>Vos donn\u00e9es personnelles sont trait\u00e9es en France. Aucun transfert de donn\u00e9es personnelles en dehors de l\u2019Union europ\u00e9enne n\u2019est effectu\u00e9 par l\u2019\u00e9tablissement de sant\u00e9.<\/p>\n\n\n\n<h3><strong>Modalit\u00e9s et dur\u00e9e de conservation <\/strong><\/h3>\n\n\n\n<p><strong>MODALIT\u00c9S <\/strong><\/p>\n\n\n\n<p>En cas d\u2019h\u00e9bergement externe des donn\u00e9es, l&rsquo;\u00e9tablissement de sant\u00e9 La Martini\u00e8re s\u2019assure que le traitement de vos donn\u00e9es personnelles de sant\u00e9 est assur\u00e9 par un <strong>h\u00e9bergeur de donn\u00e9es de sant\u00e9 certifi\u00e9<\/strong> conform\u00e9ment \u00e0 l\u2019article L. 1111-8 du code de la sant\u00e9 publique.<\/p>\n\n\n\n<p><strong>DUR\u00c9E DE CONSERVATION L\u00c9GALE DES DONN\u00c9ES M\u00c9DICALES <\/strong><\/p>\n\n\n\n<ul><li><strong>Vos donn\u00e9es personnelles de sant\u00e9 sont conserv\u00e9es au minimum 20 ans<\/strong> \u00e0 partir du dernier acte effectu\u00e9 (recommandation du Conseil national de l\u2019ordre des m\u00e9decins conform\u00e9ment \u00e0 l\u2019article R. 1112-7 du code de la sant\u00e9 publique)&nbsp;;<\/li><li><strong>En cas d\u2019action en responsabilit\u00e9 m\u00e9dicale et hospitali\u00e8re, les recours se prescrivent par 10&nbsp;ans<\/strong> \u00e0 compter de la consolidation du dommage, conform\u00e9ment \u00e0 l\u2019article L. 1142-28 du code de la sant\u00e9 publique&nbsp;;<\/li><li>En cas de d\u00e9c\u00e8s survenant moins de dix ans apr\u00e8s votre derni\u00e8re consultation au sein de notre structure, votre dossier est conserv\u00e9 pendant une <strong>dur\u00e9e de dix ans \u00e0 compter de la date de votre d\u00e9c\u00e8s<\/strong>, conform\u00e9ment aux dispositions de l\u2019article R. 1112-7 du code de la sant\u00e9 publique&nbsp;;<\/li><li><strong>Pour les patients mineurs (moins de 8 ans)<\/strong>, les informations les concernant sont conserv\u00e9es au minimum <strong>jusqu\u2019\u00e0 votre vingt-huiti\u00e8me anniversaire (28\u00e8me)<\/strong>, conform\u00e9ment \u00e0 l\u2019article R. 1112-7 du code de la sant\u00e9 publique&nbsp;;<\/li><li>La <strong>mention des actes transfusionnels pratiqu\u00e9s<\/strong> et, le cas \u00e9ch\u00e9ant, la <strong>copie de la fiche d\u2019incident transfusionnel<\/strong> sont conserv\u00e9es pendant <strong>30 ans <\/strong>\u00e0 partir de la date de l\u2019acte transfusionnel (instruction interminist\u00e9rielle du 14 ao\u00fbt 2007 transposant l\u2019article 4 de la directive europ\u00e9enne 2005\/61\/CE).<\/li><\/ul>\n\n\n\n<h3><strong>S\u00e9curit\u00e9 des donn\u00e9es<\/strong><\/h3>\n\n\n\n<p>L&rsquo;\u00e9tablissement de sant\u00e9 La Martini\u00e8re s\u2019engage \u00e0 mettre en \u0153uvre les mesures de s\u00e9curit\u00e9 technique et organisationnelle n\u00e9cessaires pour r\u00e9pondre \u00e0 la r\u00e9glementation applicable en mati\u00e8re de protection de vos donn\u00e9es personnelles.<\/p>\n\n\n\n<h3><strong>Vos droits <\/strong><\/h3>\n\n\n\n<p>Conform\u00e9ment \u00e0 la r\u00e9glementation relative \u00e0 la protection des donn\u00e9es, vous disposez de plusieurs droits concernant le traitement de vos donn\u00e9es :<\/p>\n\n\n\n<ul><li><strong>Droit d&rsquo;acc\u00e8s<\/strong> : le droit d&rsquo;\u00eatre inform\u00e9 et de demander l&rsquo;acc\u00e8s aux donn\u00e9es personnelles que nous traitons, et d\u2019en demander une copie ;<\/li><li><strong>Droit de rectification<\/strong> : le droit de demander de modifier, de compl\u00e9ter ou de mettre \u00e0 jour les donn\u00e9es personnelles que nous traitons lorsqu&rsquo;elles sont inexactes ou incompl\u00e8tes&nbsp;;<\/li><li><strong>Droit \u00e0 l\u2019effacement (droit \u00e0 l\u2019oubli)<\/strong> : ce droit est applicable d\u00e8s lors que les donn\u00e9es personnelles trait\u00e9es par l&rsquo;\u00e9tablissement de sant\u00e9 La Martini\u00e8re ne sont plus n\u00e9cessaires \u00e0 la prise en charge. Vous pouvez \u00e9galement demander leur effacement \u00e0 l\u2019expiration du d\u00e9lai l\u00e9gal de conservation et de prescription&nbsp;;<\/li><li><strong>Droit \u00e0 la limitation du traitement<\/strong> : le droit de demander d&rsquo;arr\u00eater temporairement ou d\u00e9finitivement le traitement de tout ou partie des donn\u00e9es personnelles ;<\/li><li><strong>Droit de ne pas \u00eatre soumis \u00e0 la prise de d\u00e9cision automatis\u00e9e<\/strong> : le droit de ne pas \u00eatre soumis \u00e0 une d\u00e9cision bas\u00e9e uniquement sur la prise de d\u00e9cision automatis\u00e9e, y compris le profilage, dans le cas o\u00f9 la d\u00e9cision aurait un effet juridique sur vous ou produirait un effet significatif similaire.<\/li><li><strong>Droit d&rsquo;opposition :<\/strong> le droit de refuser \u00e0 tout moment le traitement des donn\u00e9es personnelles n\u00e9cessaires dans le cadre de votre prise en charge ;<\/li><li><strong>Droit \u00e0 la portabilit\u00e9 des donn\u00e9es :<\/strong> le droit de demander une copie des donn\u00e9es personnelles en format \u00e9lectronique et le droit de transmettre ces donn\u00e9es personnelles pour une utilisation par un service tiers.<\/li><\/ul>\n\n\n\n<p>Vous pouvez \u00e9galement informer l&rsquo;\u00e9tablissement de sant\u00e9 La Martini\u00e8re sur votre volont\u00e9 de d\u00e9finir le sort de vos donn\u00e9es personnelles apr\u00e8s un d\u00e9c\u00e8s. Dans un tel cas, nous nous engageons \u00e0 respecter les modalit\u00e9s de traitement de ces donn\u00e9es personnelles dans la limite des obligations l\u00e9gales applicables.<\/p>\n\n\n\n<p>Pour plus d\u2019informations sur le traitement de vos donn\u00e9es personnelles, ou pour exercer vos droits dans la limite de leur applicabilit\u00e9, veuillez contacter notre D\u00e9l\u00e9gu\u00e9 \u00e0 la protection des donn\u00e9es (cf. paragraphe suivant).<\/p>\n\n\n\n<p>L&rsquo;\u00e9tablissement de sant\u00e9 La Martini\u00e8re accompagn\u00e9 de son d\u00e9l\u00e9gu\u00e9 \u00e0 la protection des donn\u00e9es (DPO) est \u00e0 votre disposition pour toute pr\u00e9cision compl\u00e9mentaire.<\/p>\n\n\n\n<h3><strong>D\u00e9l\u00e9gu\u00e9 \u00e0 la protection des donn\u00e9es <\/strong><\/h3>\n\n\n\n<p>L&rsquo;\u00e9tablissement de sant\u00e9 La Martini\u00e8re a d\u00e9sign\u00e9 un D\u00e9l\u00e9gu\u00e9 \u00e0 la protection des donn\u00e9es afin de garantir son engagement dans la protection de vos donn\u00e9es personnelles.<\/p>\n\n\n\n<p>Les coordonn\u00e9es de contact du d\u00e9l\u00e9gu\u00e9 \u00e0 la protection des donn\u00e9es personnelles sont les suivantes :<\/p>\n\n\n\n<ul><li>Par voie postale \u00e0 l\u2019adresse suivante : \u00c9tablissement de sant\u00e9 La Martini\u00e8re, D\u00e9l\u00e9gu\u00e9 \u00e0 la protection des donn\u00e9es, chemin de la Martini\u00e8re, 91400 SACLAY.<\/li><li>Par email : <a href=\"mailto:dpo.lamartiniere@ajl.asso.fr\">lamartiniere@ajl.asso.<\/a><a href=\"mailto:dpo.lamartiniere@ajl.asso.fr\">fr<\/a><\/li><\/ul>\n\n\n\n<h3><strong>Assistance et contact<\/strong><\/h3>\n\n\n\n<p>Si vous avez des questions ou des r\u00e9clamations concernant cette note d\u2019information ou les pratiques de collecte ou de traitement des donn\u00e9es personnelles, ou si vous souhaitez signaler \u00e0 l&rsquo;\u00e9tablissement toute violation de donn\u00e9es \u00e0 caract\u00e8re personnel, veuillez contacter le DPO \u00e0 l\u2019adresse email ou postale indiqu\u00e9e ci-dessus.<\/p>\n\n\n\n<p>En cas de r\u00e9clamation, vous pouvez choisir de saisir l\u2019autorit\u00e9 de contr\u00f4le fran\u00e7aise en charge du respect des r\u00e8gles en mati\u00e8re de protection des donn\u00e9es personnelles, la Commission Nationale de l\u2019Informatique et des Libert\u00e9s (CNIL) :<\/p>\n\n\n\n<p>&#8211;&nbsp;&nbsp;&nbsp;&nbsp;&nbsp;&nbsp;&nbsp; Par courrier : 3 Place du Fontenoy TSA 80715, 75334 Paris, Cedex 07<\/p>\n\n\n\n<p>&#8211;&nbsp;&nbsp;&nbsp;&nbsp;&nbsp;&nbsp;&nbsp; Par internet :<a href=\"https:\/\/www.cnil.fr\/fr\/plaintes\/\"> https:\/\/www.cnil.fr\/fr\/plaintes\/<\/a><\/p>\n\n\n\n<div class=\"wp-container-5 wp-block-columns\">\n<div class=\"wp-container-3 wp-block-column has-white-background-color has-background\">\n<p><strong>CERTIFICATIONS<\/strong><\/p>\n\n\n\n<p>La proc\u00e9dure de certification est une d\u00e9marche qui s&rsquo;impose \u00e0 tous les \u00e9tablissements de sant\u00e9 et qui est plac\u00e9e sous le contr\u00f4le de la Haute Autorit\u00e9 de Sant\u00e9 (H.A.S.). Cette proc\u00e9dure mesure le niveau de qualit\u00e9 d&rsquo;un \u00e9tablissement en \u00e9valuant l&rsquo;ensemble de son fonctionnement et de ces pratiques \u00e0 travers un guide de r\u00e9f\u00e9rence.<\/p>\n\n\n\n<p>Son objectif est de porter une appr\u00e9ciation ind\u00e9pendante sur la qualit\u00e9 des prestations d&rsquo;un \u00e9tablissement de sant\u00e9.<\/p>\n\n\n\n<p>Le derni\u00e8re visite de certification a eu lieu en novembre 2024. L&rsquo;\u00e9tablissement a \u00e9t\u00e9 <strong>certifi\u00e9 \u00ab\u00a0Qualit\u00e9 des soins confirm\u00e9e\u00a0\u00bb<\/strong>. Cette mention est valable pour une dur\u00e9e de quatre ann\u00e9es.<\/p>\n\n\n\n<p>Le rapport est consultable sur le site de la HAS.<\/p>\n<\/div>\n\n\n\n<div class=\"wp-container-4 wp-block-column\">\n<p><strong>LA POLITIQUE QUALITE<\/strong><\/p>\n\n\n\n<p>Elle repose sur les sept piliers suivants :<\/p>\n\n\n\n<ul><li><strong>D\u00e9velopper une d\u00e9marche globale d\u2019am\u00e9lioration de la qualit\u00e9 et de la s\u00e9curit\u00e9 des soins<\/strong><\/li><li><strong>Renforcer la s\u00e9curit\u00e9 des patients<\/strong><\/li><li><strong>Poursuivre la maitrise du risque infectieux<\/strong><\/li><li><strong>Am\u00e9liorer la qualit\u00e9 de la prise en charge m\u00e9dicamenteuse<\/strong><\/li><li><strong>Am\u00e9liorer la prise en charge globale du patient dans le respect de ses droits et de ses sp\u00e9cificit\u00e9s<\/strong><\/li><li><strong>Am\u00e9liorer la qualit\u00e9 des soins en d\u00e9veloppant en continue l\u2019\u00e9valuation des pratiques professionnelles<\/strong><\/li><li><strong>Am\u00e9liorer la qualit\u00e9 de l\u2019\u00e9coute et favoriser l\u2019implication des usagers<\/strong><\/li><\/ul>\n\n\n\n<p>La Commission des Usagers et le Comit\u00e9 de la Vie Sociale sont compos\u00e9s de repr\u00e9sentants des usagers, des r\u00e9sidents et de familles de r\u00e9sidents. Ces instances sont r\u00e9guli\u00e8rement consult\u00e9es sur les projets de l&rsquo;\u00e9tablissement et inform\u00e9es des r\u00e9sultats des enqu\u00eates men\u00e9es au sein de l&rsquo;\u00e9tablissement.<\/p>\n<\/div>\n<\/div>\n\n\n\n<div class=\"wp-container-8 wp-block-columns\">\n<div class=\"wp-container-6 wp-block-column\">\n<p><strong>GESTION DES RISQUES<\/strong><\/p>\n\n\n\n<p>L&rsquo;\u00e9tablissement de sant\u00e9 La Martini\u00e8re m\u00e8ne une politique de gestion des risques afin d&rsquo;anticiper et\/ou de minimiser les dommages et les \u00e9v\u00e9nements ind\u00e9sirables pouvant survenir aux patients, \u00e0 leur entourage, aux visiteurs, aux professionnels ou aux biens de l&rsquo;\u00e9tablissement.<\/p>\n\n\n\n<p>Les objectifs principaux de la gestion des risques sont :<\/p>\n\n\n\n<ul><li>d&rsquo;am\u00e9liorer la s\u00e9curit\u00e9 des personnes et des biens<\/li><li>de contr\u00f4ler les risques<\/li><li>et de limiter la gravit\u00e9 des cons\u00e9quences des accidents, s&rsquo;ils se produisent.<\/li><\/ul>\n<\/div>\n\n\n\n<div class=\"wp-container-7 wp-block-column has-white-background-color has-background\">\n<p><strong>LES INDICATEURS QUALIT\u00c9<\/strong><\/p>\n\n\n\n<p>Tous les indicateurs qualit\u00e9 nationaux propres \u00e0 l&rsquo;\u00e9tablissement sont consultables sur le site <strong>QUALISCOPE <\/strong>de la HAS.<strong><br><\/strong><\/p>\n\n\n\n<p><strong>LA CHARTE DE LA PERSONNE HOSPITALIS\u00c9E \u2013 PRINCIPES G\u00c9N\u00c9RAUX<br><\/strong><a href=\"https:\/\/ajl-asso.fr\/wp-content\/uploads\/sites\/4\/2019\/07\/Principes-charte_a4_couleur.pdf\" target=\"_blank\" rel=\"noreferrer noopener\">Cliquer ici<\/a>.<\/p>\n\n\n\n<p><strong>LA D\u00c9CLARATION \u00c9THIQUE<br><\/strong>En janvier 2023, l\u2019\u00e9tablissement a cr\u00e9\u00e9 un Comit\u00e9 de r\u00e9flexion Ethique interne.<\/p>\n\n\n\n<p>Ses missions principales sont de :<\/p>\n\n\n\n<ul><li>favoriser la r\u00e9flexion \u00e9thique collective,<\/li><li>faciliter la prise de d\u00e9cision dans les situations m\u00e9dicales difficiles,<\/li><li>donner son avis sur les aspects \u00e9thiques de projets innovants (ex. usage du num\u00e9rique dans la sant\u00e9),<\/li><li>assurer une veille juridique.<\/li><\/ul>\n\n\n\n<p>Pour saisir le comit\u00e9 d&rsquo;\u00e9thique, il suffit de compl\u00e9ter la fiche de saisine et la transmettre soit par courrier soit par email au Pr\u00e9sident du Comit\u00e9 d&rsquo;Ethique (ethique.lamartiniere@ajl.asso.fr).<a href=\"http:\/\/cepne.blogspot.fr\/\"><br><\/a><\/p>\n\n\n\n<p><\/p>\n\n\n\n<p><\/p>\n<\/div>\n<\/div>\n","protected":false},"excerpt":{"rendered":"<p>Notice d&rsquo;information sur le traitement des donn\u00e9es personnelles et le RGPD (R\u00e8glement G\u00e9n\u00e9ral sur la Protection des Donn\u00e9es) L&rsquo;\u00e9tablissement de sant\u00e9 La Martini\u00e8re respecte l\u2019ensemble des dispositions l\u00e9gislatives et r\u00e9glementaires, fran\u00e7aises et europ\u00e9ennes relatives \u00e0 la protection des donn\u00e9es personnelles, et s\u2019engage \u00e0 traiter ces donn\u00e9es personnelles de mani\u00e8re transparente, confidentielle et s\u00e9curis\u00e9e. Dans le [&hellip;]<\/p>\n","protected":false},"author":1,"featured_media":0,"parent":0,"menu_order":0,"comment_status":"closed","ping_status":"closed","template":"","meta":{"_coblocks_attr":"","_coblocks_dimensions":"","_coblocks_responsive_height":"","_coblocks_accordion_ie_support":""},"_links":{"self":[{"href":"https:\/\/ajl-asso.fr\/la-martiniere\/wp-json\/wp\/v2\/pages\/29"}],"collection":[{"href":"https:\/\/ajl-asso.fr\/la-martiniere\/wp-json\/wp\/v2\/pages"}],"about":[{"href":"https:\/\/ajl-asso.fr\/la-martiniere\/wp-json\/wp\/v2\/types\/page"}],"author":[{"embeddable":true,"href":"https:\/\/ajl-asso.fr\/la-martiniere\/wp-json\/wp\/v2\/users\/1"}],"replies":[{"embeddable":true,"href":"https:\/\/ajl-asso.fr\/la-martiniere\/wp-json\/wp\/v2\/comments?post=29"}],"version-history":[{"count":21,"href":"https:\/\/ajl-asso.fr\/la-martiniere\/wp-json\/wp\/v2\/pages\/29\/revisions"}],"predecessor-version":[{"id":1916,"href":"https:\/\/ajl-asso.fr\/la-martiniere\/wp-json\/wp\/v2\/pages\/29\/revisions\/1916"}],"wp:attachment":[{"href":"https:\/\/ajl-asso.fr\/la-martiniere\/wp-json\/wp\/v2\/media?parent=29"}],"curies":[{"name":"wp","href":"https:\/\/api.w.org\/{rel}","templated":true}]}}