{"id":31,"date":"2017-09-29T11:52:56","date_gmt":"2017-09-29T09:52:56","guid":{"rendered":"https:\/\/ajl-asso.fr\/la-martiniere\/?page_id=31"},"modified":"2024-11-14T12:18:49","modified_gmt":"2024-11-14T11:18:49","slug":"recrutement","status":"publish","type":"page","link":"https:\/\/ajl-asso.fr\/la-martiniere\/recrutement\/","title":{"rendered":"Recrutements"},"content":{"rendered":"<div class=\"wp-block-image\">\n<figure class=\"alignleft size-full is-resized\"><img loading=\"lazy\" src=\"https:\/\/ajl-asso.fr\/wp-content\/uploads\/sites\/4\/2023\/03\/image-2.png\" alt=\"https:\/\/www.linkedin.com\/company\/la-martiniere-etablissement-de-sante-saclay\" class=\"wp-image-1365\" width=\"53\" height=\"53\" \/><\/figure><\/div>\n\n\n<p>L&rsquo;\u00e9tablissement dispose d&rsquo;une page LinkedIn (cliquer sur ce <a rel=\"noreferrer noopener\" href=\"https:\/\/www.linkedin.com\/company\/la-martiniere-etablissement-de-sante-saclay\" target=\"_blank\">lien<\/a>).<\/p>\n\n\n\n<p><\/p>\n\n\n\n<hr class=\"wp-block-separator has-alpha-channel-opacity\" \/>\n\n\n\n<p>L\u2019\u00e9tablissement de sant\u00e9 La Martini\u00e8re est un lieu de vie chaleureux, o\u00f9 chaque patient et r\u00e9sident b\u00e9n\u00e9ficie d&rsquo;une prise en charge personnalis\u00e9e et bienveillante.<br><\/p>\n\n\n\n<p>Pour continuer \u00e0 offrir un cadre de vie de qualit\u00e9 \u00e0 nos patients et r\u00e9sidents, nous pensons qu\u2019il est essentiel que nos collaborateurs se sentent bien \u00e9galement.<br><\/p>\n\n\n\n<p>Nous avons r\u00e9guli\u00e8rement des opportunit\u00e9s d&#8217;emploi dans diff\u00e9rents secteurs, que ce soit en soins, en restauration, ou dans d&rsquo;autres domaines essentiels.<br><\/p>\n\n\n\n<p>Si vous \u00eates motiv\u00e9(e) par un travail enrichissant et humain, nous vous invitons \u00e0 d\u00e9couvrir nos offres et \u00e0 rejoindre une \u00e9quipe soud\u00e9e, d\u00e9vou\u00e9e et professionnelle.<br><\/p>\n\n\n\n<p>Postulez d\u00e8s maintenant et faites la diff\u00e9rence au sein de La Martini\u00e8re !<br><\/p>\n\n\n\n<p class=\"has-vivid-cyan-blue-color has-text-color\"><strong>Vous pouvez consulter nos offres d\u2019emploi sur Hellowork, Indeed, France Travail, Local emploi, Google Jobs Search, Jobijoba\u2026<\/strong><br>ETABLISSEMENT DE SANTE LA MARTINIERE &#8211; ASSOCIATION JEAN LACHENAUD Recrutement : Opportunit\u00e9s d\u2019Emploi et Carri\u00e8re | Hellowork<br>Offres Emploi ETABLISSEMENT DE SANTE LA MARTINIERE &#8211; ASSOCIATION JEAN LACHENAUD Recrutement &#8211; HelloWork Recruteur<br>ETABLISSEMENT DE SANTE LA MARTINIERE &#8211; ASSOCIATION JEAN LACHENAUD : carri\u00e8res et emplois | Indeed.com<br>Fiche entreprise de ETABLISSEMENT DE SANTE &#8211; LA MARTINIERE Recrutement &#8211; Paris Saclay<\/p>\n\n\n\n<p><\/p>\n","protected":false},"excerpt":{"rendered":"<p>L&rsquo;\u00e9tablissement dispose d&rsquo;une page LinkedIn (cliquer sur ce lien). L\u2019\u00e9tablissement de sant\u00e9 La Martini\u00e8re est un lieu de vie chaleureux, o\u00f9 chaque patient et r\u00e9sident b\u00e9n\u00e9ficie d&rsquo;une prise en charge personnalis\u00e9e et bienveillante. Pour continuer \u00e0 offrir un cadre de vie de qualit\u00e9 \u00e0 nos patients et r\u00e9sidents, nous pensons qu\u2019il est essentiel que nos [&hellip;]<\/p>\n","protected":false},"author":1,"featured_media":0,"parent":0,"menu_order":0,"comment_status":"closed","ping_status":"closed","template":"","meta":{"_coblocks_attr":"","_coblocks_dimensions":"","_coblocks_responsive_height":"","_coblocks_accordion_ie_support":""},"_links":{"self":[{"href":"https:\/\/ajl-asso.fr\/la-martiniere\/wp-json\/wp\/v2\/pages\/31"}],"collection":[{"href":"https:\/\/ajl-asso.fr\/la-martiniere\/wp-json\/wp\/v2\/pages"}],"about":[{"href":"https:\/\/ajl-asso.fr\/la-martiniere\/wp-json\/wp\/v2\/types\/page"}],"author":[{"embeddable":true,"href":"https:\/\/ajl-asso.fr\/la-martiniere\/wp-json\/wp\/v2\/users\/1"}],"replies":[{"embeddable":true,"href":"https:\/\/ajl-asso.fr\/la-martiniere\/wp-json\/wp\/v2\/comments?post=31"}],"version-history":[{"count":136,"href":"https:\/\/ajl-asso.fr\/la-martiniere\/wp-json\/wp\/v2\/pages\/31\/revisions"}],"predecessor-version":[{"id":1719,"href":"https:\/\/ajl-asso.fr\/la-martiniere\/wp-json\/wp\/v2\/pages\/31\/revisions\/1719"}],"wp:attachment":[{"href":"https:\/\/ajl-asso.fr\/la-martiniere\/wp-json\/wp\/v2\/media?parent=31"}],"curies":[{"name":"wp","href":"https:\/\/api.w.org\/{rel}","templated":true}]}}