{"id":752,"date":"2021-01-12T08:35:56","date_gmt":"2021-01-12T07:35:56","guid":{"rendered":"https:\/\/ajl-asso.fr\/la-martiniere\/?page_id=752"},"modified":"2023-07-10T13:02:39","modified_gmt":"2023-07-10T11:02:39","slug":"sport-sante","status":"publish","type":"page","link":"https:\/\/ajl-asso.fr\/la-martiniere\/sport-sante\/","title":{"rendered":"SPORT SANTE"},"content":{"rendered":"\n<h2>Labellisation \u00ab\u00a0Maisons Sport Sant\u00e9\u00a0\u00bb pour La Martini\u00e8re<\/h2>\n\n\n\n<p>La Maison Sport Sant\u00e9 EssNO a \u00e9t\u00e9 labellis\u00e9e par le Minist\u00e8re des Sports : quel que soit votre \u00e2ge ou votre \u00e9tat de sant\u00e9, la maison Sport Sant\u00e9 vous accueille et vous oriente dans la pratique ou dans la reprise d\u2019une activit\u00e9 physique et sportive \u00e0 des fins de sant\u00e9 et de bien-\u00eatre.<\/p>\n\n\n\n<p>Flyer de renseignements (cliquer <a href=\"https:\/\/ajl-asso.fr\/wp-content\/uploads\/sites\/4\/2023\/07\/Flyer-ESSNO-juillet-2023.pdf\">ici<\/a>)<\/p>\n\n\n\n<h2 class=\"has-x-large-font-size\" style=\"font-style:normal;font-weight:800\">Inscriptions et demandes de renseignements<br><\/h2>\n\n\n\n<h2 class=\"has-large-font-size\">A destination des h\u00f4pitaux, \u00e9tablissements de sant\u00e9, professionnels de sant\u00e9 etc\u2026<\/h2>\n\n\n\n<p>Cliquer sur le lien : <a href=\"https:\/\/forms.gle\/ajXeFvztAFb63uw69\">https:\/\/forms.gle\/ajXeFvztAFb63uw69<\/a><\/p>\n\n\n\n<h2 class=\"has-large-font-size\" style=\"font-style:normal;font-weight:900\">A destination des \u00ab&nbsp;futurs&nbsp;\u00bb participants pour le SPORT SANT<strong>\u00c9<\/strong><\/h2>\n\n\n\n<p>Cliquer sur le lien : <a href=\"https:\/\/forms.gle\/mDWUrMJr8UDCUCwj7\">https:\/\/forms.gle\/mDWUrMJr8UDCUCwj7<\/a><\/p>\n\n\n\n<p>Fiche de prescription et certificat d&rsquo;absence de contre-indication \u00e0 donner \u00e0 remplir \u00e0 votre m\u00e9decin<strong> (t\u00e9l\u00e9charger <a href=\"https:\/\/ajl-asso.fr\/wp-content\/uploads\/sites\/4\/2021\/01\/Fiche-de-prescription-et-certificat-dabsence-de-contre-indication.pdf\">ici<\/a>)<\/strong><\/p>\n\n\n\n<p><\/p>\n\n\n\n<h2><\/h2>\n","protected":false},"excerpt":{"rendered":"<p>Labellisation \u00ab\u00a0Maisons Sport Sant\u00e9\u00a0\u00bb pour La Martini\u00e8re La Maison Sport Sant\u00e9 EssNO a \u00e9t\u00e9 labellis\u00e9e par le Minist\u00e8re des Sports : quel que soit votre \u00e2ge ou votre \u00e9tat de sant\u00e9, la maison Sport Sant\u00e9 vous accueille et vous oriente dans la pratique ou dans la reprise d\u2019une activit\u00e9 physique et sportive \u00e0 des fins [&hellip;]<\/p>\n","protected":false},"author":13,"featured_media":0,"parent":0,"menu_order":0,"comment_status":"closed","ping_status":"closed","template":"","meta":{"_coblocks_attr":"","_coblocks_dimensions":"","_coblocks_responsive_height":"","_coblocks_accordion_ie_support":""},"_links":{"self":[{"href":"https:\/\/ajl-asso.fr\/la-martiniere\/wp-json\/wp\/v2\/pages\/752"}],"collection":[{"href":"https:\/\/ajl-asso.fr\/la-martiniere\/wp-json\/wp\/v2\/pages"}],"about":[{"href":"https:\/\/ajl-asso.fr\/la-martiniere\/wp-json\/wp\/v2\/types\/page"}],"author":[{"embeddable":true,"href":"https:\/\/ajl-asso.fr\/la-martiniere\/wp-json\/wp\/v2\/users\/13"}],"replies":[{"embeddable":true,"href":"https:\/\/ajl-asso.fr\/la-martiniere\/wp-json\/wp\/v2\/comments?post=752"}],"version-history":[{"count":14,"href":"https:\/\/ajl-asso.fr\/la-martiniere\/wp-json\/wp\/v2\/pages\/752\/revisions"}],"predecessor-version":[{"id":1505,"href":"https:\/\/ajl-asso.fr\/la-martiniere\/wp-json\/wp\/v2\/pages\/752\/revisions\/1505"}],"wp:attachment":[{"href":"https:\/\/ajl-asso.fr\/la-martiniere\/wp-json\/wp\/v2\/media?parent=752"}],"curies":[{"name":"wp","href":"https:\/\/api.w.org\/{rel}","templated":true}]}}