{"id":789,"date":"2021-01-19T17:06:46","date_gmt":"2021-01-19T16:06:46","guid":{"rendered":"https:\/\/ajl-asso.fr\/la-martiniere\/?page_id=789"},"modified":"2021-01-19T17:13:53","modified_gmt":"2021-01-19T16:13:53","slug":"inscription-ou-demande-de-renseignements","status":"publish","type":"page","link":"https:\/\/ajl-asso.fr\/la-martiniere\/sport-sante\/inscription-ou-demande-de-renseignements\/","title":{"rendered":"Inscription ou demande de renseignements"},"content":{"rendered":"<h2><strong>A destination des h\u00f4pitaux, \u00e9tablissements de sant\u00e9, professionnels de sant\u00e9 etc\u2026<\/strong><\/h2>\n<p>Cliquer sur le lien : <a href=\"https:\/\/forms.gle\/ajXeFvztAFb63uw69\">https:\/\/forms.gle\/ajXeFvztAFb63uw69<\/a><\/p>\n<p>&nbsp;<\/p>\n<h2><strong>A destination des \u00ab\u00a0futurs\u00a0\u00bb participants pour le SPORT SANT\u00c9 <\/strong><\/h2>\n<p>Cliquer sur le lien : <a href=\"https:\/\/forms.gle\/mDWUrMJr8UDCUCwj7\">https:\/\/forms.gle\/mDWUrMJr8UDCUCwj7<\/a><\/p>\n<p>Fiche de prescription et certificat d&rsquo;absence de contre-indication \u00e0 donner \u00e0 remplir \u00e0 votre m\u00e9decin<strong> (t\u00e9l\u00e9charger <a href=\"https:\/\/ajl-asso.fr\/wp-content\/uploads\/sites\/4\/2021\/01\/Fiche-de-prescription-et-certificat-dabsence-de-contre-indication.pdf\">ici<\/a>)<br \/>\n<\/strong><\/p>\n","protected":false},"excerpt":{"rendered":"<p>A destination des h\u00f4pitaux, \u00e9tablissements de sant\u00e9, professionnels de sant\u00e9 etc\u2026 Cliquer sur le lien : https:\/\/forms.gle\/ajXeFvztAFb63uw69 &nbsp; A destination des \u00ab\u00a0futurs\u00a0\u00bb participants pour le SPORT SANT\u00c9 Cliquer sur le lien : https:\/\/forms.gle\/mDWUrMJr8UDCUCwj7 Fiche de prescription et certificat d&rsquo;absence de contre-indication \u00e0 donner \u00e0 remplir \u00e0 votre m\u00e9decin (t\u00e9l\u00e9charger ici)<\/p>\n","protected":false},"author":13,"featured_media":0,"parent":752,"menu_order":7,"comment_status":"closed","ping_status":"closed","template":"","meta":{"_coblocks_attr":"","_coblocks_dimensions":"","_coblocks_responsive_height":"","_coblocks_accordion_ie_support":""},"_links":{"self":[{"href":"https:\/\/ajl-asso.fr\/la-martiniere\/wp-json\/wp\/v2\/pages\/789"}],"collection":[{"href":"https:\/\/ajl-asso.fr\/la-martiniere\/wp-json\/wp\/v2\/pages"}],"about":[{"href":"https:\/\/ajl-asso.fr\/la-martiniere\/wp-json\/wp\/v2\/types\/page"}],"author":[{"embeddable":true,"href":"https:\/\/ajl-asso.fr\/la-martiniere\/wp-json\/wp\/v2\/users\/13"}],"replies":[{"embeddable":true,"href":"https:\/\/ajl-asso.fr\/la-martiniere\/wp-json\/wp\/v2\/comments?post=789"}],"version-history":[{"count":3,"href":"https:\/\/ajl-asso.fr\/la-martiniere\/wp-json\/wp\/v2\/pages\/789\/revisions"}],"predecessor-version":[{"id":796,"href":"https:\/\/ajl-asso.fr\/la-martiniere\/wp-json\/wp\/v2\/pages\/789\/revisions\/796"}],"up":[{"embeddable":true,"href":"https:\/\/ajl-asso.fr\/la-martiniere\/wp-json\/wp\/v2\/pages\/752"}],"wp:attachment":[{"href":"https:\/\/ajl-asso.fr\/la-martiniere\/wp-json\/wp\/v2\/media?parent=789"}],"curies":[{"name":"wp","href":"https:\/\/api.w.org\/{rel}","templated":true}]}}