{"id":85,"date":"2017-10-17T15:38:22","date_gmt":"2017-10-17T13:38:22","guid":{"rendered":"https:\/\/ajl-asso.fr\/la-martiniere\/?page_id=85"},"modified":"2021-06-02T10:07:19","modified_gmt":"2021-06-02T08:07:19","slug":"presentation-de-lequipe","status":"publish","type":"page","link":"https:\/\/ajl-asso.fr\/la-martiniere\/ehpad\/presentation-de-lequipe\/","title":{"rendered":"Pr\u00e9sentation de l&rsquo;\u00e9quipe"},"content":{"rendered":"<p><strong>L\u2019\u00c9QUIPE M\u00c9DICALE<br \/>\n<\/strong><\/p>\n<p>L\u2019\u00e9quipe m\u00e9dicale\u00a0est constitu\u00e9e de cinq m\u00e9decins dont le M\u00e9decin-chef et le M\u00e9decin Coordonnateur charg\u00e9 des prises en charge en EHPAD. Ses domaines de comp\u00e9tences sont notamment la g\u00e9riatrie, la m\u00e9decine interne, la maladie d\u2019Alzheimer et de la d\u00e9mence apparent\u00e9e,\u00a0l&rsquo;h\u00e9matologie et les soins palliatifs,\u2026<\/p>\n<p>L\u2019\u00e9quipe m\u00e9dicale, en lien avec les personnels r\u00e9\u00e9ducateurs (kin\u00e9sith\u00e9rapeutes, di\u00e9t\u00e9ticien, ergoth\u00e9rapeute, orthophoniste\u2026), l\u2019\u00e9quipe soignante (infirmiers, aides-soignants) et les psychologues vous proposeront une prise en charge adapt\u00e9e \u00e0 votre situation et aux moyens de l\u2019\u00e9tablissement. Cette prise en charge pourra pr\u00e9voir un rythme personnalis\u00e9 (et pas forc\u00e9ment quotidien) d\u2019activit\u00e9 r\u00e9\u00e9ducative notamment.<\/p>\n<p>L\u2019\u00e9quipe m\u00e9dicale reste \u00e0 votre disposition, sur rendez-vous, pour toute demande d\u2019information m\u00e9dicale.<\/p>\n<p>Une pharmacie est g\u00e9r\u00e9e par le pharmacien, second\u00e9 d\u2019un pr\u00e9parateur en pharmacie.<\/p>\n<p>Le secr\u00e9tariat m\u00e9dical, compos\u00e9 de deux secr\u00e9taires, seconde les m\u00e9decins dans toutes les d\u00e9marches m\u00e9dicales et administratives vous concernant.<\/p>\n","protected":false},"excerpt":{"rendered":"<p>L\u2019\u00c9QUIPE M\u00c9DICALE L\u2019\u00e9quipe m\u00e9dicale\u00a0est constitu\u00e9e de cinq m\u00e9decins dont le M\u00e9decin-chef et le M\u00e9decin Coordonnateur charg\u00e9 des prises en charge en EHPAD. Ses domaines de comp\u00e9tences sont notamment la g\u00e9riatrie, la m\u00e9decine interne, la maladie d\u2019Alzheimer et de la d\u00e9mence apparent\u00e9e,\u00a0l&rsquo;h\u00e9matologie et les soins palliatifs,\u2026 L\u2019\u00e9quipe m\u00e9dicale, en lien avec les personnels r\u00e9\u00e9ducateurs (kin\u00e9sith\u00e9rapeutes, di\u00e9t\u00e9ticien, [&hellip;]<\/p>\n","protected":false},"author":1,"featured_media":169,"parent":25,"menu_order":0,"comment_status":"closed","ping_status":"closed","template":"pages-templates\/pages-boxes.php","meta":{"_coblocks_attr":"","_coblocks_dimensions":"","_coblocks_responsive_height":"","_coblocks_accordion_ie_support":""},"_links":{"self":[{"href":"https:\/\/ajl-asso.fr\/la-martiniere\/wp-json\/wp\/v2\/pages\/85"}],"collection":[{"href":"https:\/\/ajl-asso.fr\/la-martiniere\/wp-json\/wp\/v2\/pages"}],"about":[{"href":"https:\/\/ajl-asso.fr\/la-martiniere\/wp-json\/wp\/v2\/types\/page"}],"author":[{"embeddable":true,"href":"https:\/\/ajl-asso.fr\/la-martiniere\/wp-json\/wp\/v2\/users\/1"}],"replies":[{"embeddable":true,"href":"https:\/\/ajl-asso.fr\/la-martiniere\/wp-json\/wp\/v2\/comments?post=85"}],"version-history":[{"count":10,"href":"https:\/\/ajl-asso.fr\/la-martiniere\/wp-json\/wp\/v2\/pages\/85\/revisions"}],"predecessor-version":[{"id":574,"href":"https:\/\/ajl-asso.fr\/la-martiniere\/wp-json\/wp\/v2\/pages\/85\/revisions\/574"}],"up":[{"embeddable":true,"href":"https:\/\/ajl-asso.fr\/la-martiniere\/wp-json\/wp\/v2\/pages\/25"}],"wp:featuredmedia":[{"embeddable":true,"href":"https:\/\/ajl-asso.fr\/la-martiniere\/wp-json\/wp\/v2\/media\/169"}],"wp:attachment":[{"href":"https:\/\/ajl-asso.fr\/la-martiniere\/wp-json\/wp\/v2\/media?parent=85"}],"curies":[{"name":"wp","href":"https:\/\/api.w.org\/{rel}","templated":true}]}}