{"id":87,"date":"2017-10-17T15:38:43","date_gmt":"2017-10-17T13:38:43","guid":{"rendered":"https:\/\/ajl-asso.fr\/la-martiniere\/?page_id=87"},"modified":"2025-10-28T15:30:52","modified_gmt":"2025-10-28T14:30:52","slug":"tarifs-aides-financieres","status":"publish","type":"page","link":"https:\/\/ajl-asso.fr\/la-martiniere\/ehpad\/tarifs-aides-financieres\/","title":{"rendered":"Tarifs et aides financi\u00e8res"},"content":{"rendered":"<p><strong>FRAIS D&rsquo;H\u00c9BERGEMENT ET DE D\u00c9PENDANCE<\/strong><\/p>\n<p>La tarification en EHPAD est compos\u00e9e d\u2019un tarif h\u00e9bergement et d\u2019un tarif d\u00e9pendance.<\/p>\n<p>Le tarif h\u00e9bergement recouvre l\u2019ensemble des prestations relatives \u00e0&nbsp;l\u2019administration g\u00e9n\u00e9rale,&nbsp;l\u2019accueil h\u00f4telier,&nbsp;la restauration,&nbsp;l\u2019entretien et&nbsp;l\u2019animation de la vie sociale.<\/p>\n<p>Le tarif d\u00e9pendance&nbsp;recouvre l\u2019ensemble des prestations d\u2019aide et de surveillance apport\u00e9es aux personnes \u00e2g\u00e9es ayant perdu tout ou partie de leur autonomie pour l\u2019accomplissement des actes ordinaires de la vie courante.<\/p>\n<p>Le tarif h\u00e9bergement et le tarif d\u00e9pendance sont&nbsp;arr\u00eat\u00e9s par le Pr\u00e9sident du Conseil D\u00e9partemental.<\/p>\n<p>Pour votre information, l&rsquo;assurance maladie assure le financement de l&rsquo;EHPAD&nbsp;\u00e0 hauteur de 40% de son budget.<\/p>\n","protected":false},"excerpt":{"rendered":"<p>FRAIS D&rsquo;H\u00c9BERGEMENT ET DE D\u00c9PENDANCE La tarification en EHPAD est compos\u00e9e d\u2019un tarif h\u00e9bergement et d\u2019un tarif d\u00e9pendance. Le tarif h\u00e9bergement recouvre l\u2019ensemble des prestations relatives \u00e0&nbsp;l\u2019administration g\u00e9n\u00e9rale,&nbsp;l\u2019accueil h\u00f4telier,&nbsp;la restauration,&nbsp;l\u2019entretien et&nbsp;l\u2019animation de la vie sociale. Le tarif d\u00e9pendance&nbsp;recouvre l\u2019ensemble des prestations d\u2019aide et de surveillance apport\u00e9es aux personnes \u00e2g\u00e9es ayant perdu tout ou partie de [&hellip;]<\/p>\n","protected":false},"author":1,"featured_media":77,"parent":25,"menu_order":0,"comment_status":"closed","ping_status":"closed","template":"pages-templates\/pages-boxes.php","meta":{"_coblocks_attr":"","_coblocks_dimensions":"","_coblocks_responsive_height":"","_coblocks_accordion_ie_support":""},"_links":{"self":[{"href":"https:\/\/ajl-asso.fr\/la-martiniere\/wp-json\/wp\/v2\/pages\/87"}],"collection":[{"href":"https:\/\/ajl-asso.fr\/la-martiniere\/wp-json\/wp\/v2\/pages"}],"about":[{"href":"https:\/\/ajl-asso.fr\/la-martiniere\/wp-json\/wp\/v2\/types\/page"}],"author":[{"embeddable":true,"href":"https:\/\/ajl-asso.fr\/la-martiniere\/wp-json\/wp\/v2\/users\/1"}],"replies":[{"embeddable":true,"href":"https:\/\/ajl-asso.fr\/la-martiniere\/wp-json\/wp\/v2\/comments?post=87"}],"version-history":[{"count":15,"href":"https:\/\/ajl-asso.fr\/la-martiniere\/wp-json\/wp\/v2\/pages\/87\/revisions"}],"predecessor-version":[{"id":1543,"href":"https:\/\/ajl-asso.fr\/la-martiniere\/wp-json\/wp\/v2\/pages\/87\/revisions\/1543"}],"up":[{"embeddable":true,"href":"https:\/\/ajl-asso.fr\/la-martiniere\/wp-json\/wp\/v2\/pages\/25"}],"wp:featuredmedia":[{"embeddable":true,"href":"https:\/\/ajl-asso.fr\/la-martiniere\/wp-json\/wp\/v2\/media\/77"}],"wp:attachment":[{"href":"https:\/\/ajl-asso.fr\/la-martiniere\/wp-json\/wp\/v2\/media?parent=87"}],"curies":[{"name":"wp","href":"https:\/\/api.w.org\/{rel}","templated":true}]}}