{"id":91,"date":"2017-10-17T15:39:22","date_gmt":"2017-10-17T13:39:22","guid":{"rendered":"https:\/\/ajl-asso.fr\/la-martiniere\/?page_id=91"},"modified":"2022-09-28T09:42:16","modified_gmt":"2022-09-28T07:42:16","slug":"visite","status":"publish","type":"page","link":"https:\/\/ajl-asso.fr\/la-martiniere\/ehpad\/visite\/","title":{"rendered":"Visite"},"content":{"rendered":"\n<h2>Chambres \u00e0 l&rsquo;EHPAD<\/h2>\n\n\n\n<figure class=\"wp-container-2 wp-block-gallery-1 wp-block-gallery has-nested-images columns-default is-cropped\">\n<figure class=\"wp-block-image size-large\"><img loading=\"lazy\" width=\"2560\" height=\"1842\" data-id=\"932\"  src=\"https:\/\/ajl-asso.fr\/wp-content\/uploads\/sites\/4\/2022\/03\/L-51-scaled.jpg\" alt=\"\" class=\"wp-image-932\" srcset=\"https:\/\/ajl-asso.fr\/wp-content\/uploads\/sites\/4\/2022\/03\/L-51-scaled.jpg 2560w, https:\/\/ajl-asso.fr\/wp-content\/uploads\/sites\/4\/2022\/03\/L-51-300x216.jpg 300w, https:\/\/ajl-asso.fr\/wp-content\/uploads\/sites\/4\/2022\/03\/L-51-1024x737.jpg 1024w, https:\/\/ajl-asso.fr\/wp-content\/uploads\/sites\/4\/2022\/03\/L-51-768x552.jpg 768w, https:\/\/ajl-asso.fr\/wp-content\/uploads\/sites\/4\/2022\/03\/L-51-1536x1105.jpg 1536w, https:\/\/ajl-asso.fr\/wp-content\/uploads\/sites\/4\/2022\/03\/L-51-2048x1473.jpg 2048w, https:\/\/ajl-asso.fr\/wp-content\/uploads\/sites\/4\/2022\/03\/L-51-286x206.jpg 286w\" sizes=\"(max-width: 2560px) 100vw, 2560px\" \/><\/figure>\n\n\n\n<figure class=\"wp-block-image size-large\"><img loading=\"lazy\" width=\"2560\" height=\"1714\" data-id=\"933\"  src=\"https:\/\/ajl-asso.fr\/wp-content\/uploads\/sites\/4\/2022\/03\/L-52-scaled.jpg\" alt=\"\" class=\"wp-image-933\" srcset=\"https:\/\/ajl-asso.fr\/wp-content\/uploads\/sites\/4\/2022\/03\/L-52-scaled.jpg 2560w, https:\/\/ajl-asso.fr\/wp-content\/uploads\/sites\/4\/2022\/03\/L-52-300x201.jpg 300w, https:\/\/ajl-asso.fr\/wp-content\/uploads\/sites\/4\/2022\/03\/L-52-1024x685.jpg 1024w, https:\/\/ajl-asso.fr\/wp-content\/uploads\/sites\/4\/2022\/03\/L-52-768x514.jpg 768w, https:\/\/ajl-asso.fr\/wp-content\/uploads\/sites\/4\/2022\/03\/L-52-1536x1028.jpg 1536w, https:\/\/ajl-asso.fr\/wp-content\/uploads\/sites\/4\/2022\/03\/L-52-2048x1371.jpg 2048w, https:\/\/ajl-asso.fr\/wp-content\/uploads\/sites\/4\/2022\/03\/L-52-308x206.jpg 308w\" sizes=\"(max-width: 2560px) 100vw, 2560px\" \/><\/figure>\n\n\n\n<figure class=\"wp-block-image size-large\"><img loading=\"lazy\" width=\"2560\" height=\"1714\" data-id=\"934\"  src=\"https:\/\/ajl-asso.fr\/wp-content\/uploads\/sites\/4\/2022\/03\/L-53-scaled.jpg\" alt=\"\" class=\"wp-image-934\" srcset=\"https:\/\/ajl-asso.fr\/wp-content\/uploads\/sites\/4\/2022\/03\/L-53-scaled.jpg 2560w, https:\/\/ajl-asso.fr\/wp-content\/uploads\/sites\/4\/2022\/03\/L-53-300x201.jpg 300w, https:\/\/ajl-asso.fr\/wp-content\/uploads\/sites\/4\/2022\/03\/L-53-1024x685.jpg 1024w, https:\/\/ajl-asso.fr\/wp-content\/uploads\/sites\/4\/2022\/03\/L-53-768x514.jpg 768w, https:\/\/ajl-asso.fr\/wp-content\/uploads\/sites\/4\/2022\/03\/L-53-1536x1028.jpg 1536w, https:\/\/ajl-asso.fr\/wp-content\/uploads\/sites\/4\/2022\/03\/L-53-2048x1371.jpg 2048w, https:\/\/ajl-asso.fr\/wp-content\/uploads\/sites\/4\/2022\/03\/L-53-308x206.jpg 308w\" sizes=\"(max-width: 2560px) 100vw, 2560px\" \/><\/figure>\n<\/figure>\n\n\n\n<h2>Salle \u00e0 manger de l&rsquo;EHPAD<\/h2>\n\n\n\n<figure class=\"wp-container-4 wp-block-gallery-3 wp-block-gallery has-nested-images columns-default is-cropped\">\n<figure class=\"wp-block-image size-large\"><img loading=\"lazy\" width=\"3872\" height=\"2592\" data-id=\"649\"  src=\"https:\/\/ajl-asso.fr\/wp-content\/uploads\/sites\/4\/2019\/11\/L-05-1.jpg\" alt=\"\" class=\"wp-image-649\" srcset=\"https:\/\/ajl-asso.fr\/wp-content\/uploads\/sites\/4\/2019\/11\/L-05-1.jpg 3872w, https:\/\/ajl-asso.fr\/wp-content\/uploads\/sites\/4\/2019\/11\/L-05-1-300x201.jpg 300w, https:\/\/ajl-asso.fr\/wp-content\/uploads\/sites\/4\/2019\/11\/L-05-1-768x514.jpg 768w, https:\/\/ajl-asso.fr\/wp-content\/uploads\/sites\/4\/2019\/11\/L-05-1-1024x685.jpg 1024w, https:\/\/ajl-asso.fr\/wp-content\/uploads\/sites\/4\/2019\/11\/L-05-1-308x206.jpg 308w\" sizes=\"(max-width: 3872px) 100vw, 3872px\" \/><figcaption>Salle \u00e0 manger EHPAD<\/figcaption><\/figure>\n\n\n\n<figure class=\"wp-block-image size-large\"><img loading=\"lazy\" width=\"3872\" height=\"2592\" data-id=\"650\"  src=\"https:\/\/ajl-asso.fr\/wp-content\/uploads\/sites\/4\/2019\/11\/L-08-1.jpg\" alt=\"\" class=\"wp-image-650\" srcset=\"https:\/\/ajl-asso.fr\/wp-content\/uploads\/sites\/4\/2019\/11\/L-08-1.jpg 3872w, https:\/\/ajl-asso.fr\/wp-content\/uploads\/sites\/4\/2019\/11\/L-08-1-300x201.jpg 300w, https:\/\/ajl-asso.fr\/wp-content\/uploads\/sites\/4\/2019\/11\/L-08-1-768x514.jpg 768w, https:\/\/ajl-asso.fr\/wp-content\/uploads\/sites\/4\/2019\/11\/L-08-1-1024x685.jpg 1024w, https:\/\/ajl-asso.fr\/wp-content\/uploads\/sites\/4\/2019\/11\/L-08-1-308x206.jpg 308w\" sizes=\"(max-width: 3872px) 100vw, 3872px\" \/><\/figure>\n\n\n\n<figure class=\"wp-block-image size-large\"><img loading=\"lazy\" width=\"3872\" height=\"2592\" data-id=\"651\"  src=\"https:\/\/ajl-asso.fr\/wp-content\/uploads\/sites\/4\/2019\/11\/L-09-1.jpg\" alt=\"\" class=\"wp-image-651\" srcset=\"https:\/\/ajl-asso.fr\/wp-content\/uploads\/sites\/4\/2019\/11\/L-09-1.jpg 3872w, https:\/\/ajl-asso.fr\/wp-content\/uploads\/sites\/4\/2019\/11\/L-09-1-300x201.jpg 300w, https:\/\/ajl-asso.fr\/wp-content\/uploads\/sites\/4\/2019\/11\/L-09-1-768x514.jpg 768w, https:\/\/ajl-asso.fr\/wp-content\/uploads\/sites\/4\/2019\/11\/L-09-1-1024x685.jpg 1024w, https:\/\/ajl-asso.fr\/wp-content\/uploads\/sites\/4\/2019\/11\/L-09-1-308x206.jpg 308w\" sizes=\"(max-width: 3872px) 100vw, 3872px\" \/><\/figure>\n<\/figure>\n\n\n\n<figure class=\"wp-block-image size-large\"><img loading=\"lazy\" width=\"1024\" height=\"686\" src=\"https:\/\/ajl-asso.fr\/wp-content\/uploads\/sites\/4\/2019\/11\/L-66-1-1024x686.jpg\" alt=\"\" class=\"wp-image-664\" srcset=\"https:\/\/ajl-asso.fr\/wp-content\/uploads\/sites\/4\/2019\/11\/L-66-1-1024x686.jpg 1024w, https:\/\/ajl-asso.fr\/wp-content\/uploads\/sites\/4\/2019\/11\/L-66-1-300x201.jpg 300w, https:\/\/ajl-asso.fr\/wp-content\/uploads\/sites\/4\/2019\/11\/L-66-1-768x514.jpg 768w, https:\/\/ajl-asso.fr\/wp-content\/uploads\/sites\/4\/2019\/11\/L-66-1-308x206.jpg 308w\" sizes=\"(max-width: 1024px) 100vw, 1024px\" \/><figcaption>Salon de l&rsquo;UVP<\/figcaption><\/figure>\n\n\n\n<h2>Accompagnement des r\u00e9sidents<\/h2>\n\n\n\n<figure class=\"wp-container-6 wp-block-gallery-5 wp-block-gallery has-nested-images columns-default is-cropped\">\n<figure class=\"wp-block-image size-large\"><img loading=\"lazy\" width=\"1941\" height=\"2202\" data-id=\"929\"  src=\"https:\/\/ajl-asso.fr\/wp-content\/uploads\/sites\/4\/2022\/03\/L-76-1.jpg\" alt=\"\" class=\"wp-image-929\" srcset=\"https:\/\/ajl-asso.fr\/wp-content\/uploads\/sites\/4\/2022\/03\/L-76-1.jpg 1941w, https:\/\/ajl-asso.fr\/wp-content\/uploads\/sites\/4\/2022\/03\/L-76-1-264x300.jpg 264w, https:\/\/ajl-asso.fr\/wp-content\/uploads\/sites\/4\/2022\/03\/L-76-1-903x1024.jpg 903w, https:\/\/ajl-asso.fr\/wp-content\/uploads\/sites\/4\/2022\/03\/L-76-1-768x871.jpg 768w, https:\/\/ajl-asso.fr\/wp-content\/uploads\/sites\/4\/2022\/03\/L-76-1-1354x1536.jpg 1354w, https:\/\/ajl-asso.fr\/wp-content\/uploads\/sites\/4\/2022\/03\/L-76-1-1805x2048.jpg 1805w, https:\/\/ajl-asso.fr\/wp-content\/uploads\/sites\/4\/2022\/03\/L-76-1-182x206.jpg 182w\" sizes=\"(max-width: 1941px) 100vw, 1941px\" \/><\/figure>\n\n\n\n<figure class=\"wp-block-image size-large\"><img loading=\"lazy\" width=\"2560\" height=\"1859\" data-id=\"928\"  src=\"https:\/\/ajl-asso.fr\/wp-content\/uploads\/sites\/4\/2022\/03\/L-74-1-scaled.jpg\" alt=\"\" class=\"wp-image-928\" srcset=\"https:\/\/ajl-asso.fr\/wp-content\/uploads\/sites\/4\/2022\/03\/L-74-1-scaled.jpg 2560w, https:\/\/ajl-asso.fr\/wp-content\/uploads\/sites\/4\/2022\/03\/L-74-1-300x218.jpg 300w, https:\/\/ajl-asso.fr\/wp-content\/uploads\/sites\/4\/2022\/03\/L-74-1-1024x744.jpg 1024w, https:\/\/ajl-asso.fr\/wp-content\/uploads\/sites\/4\/2022\/03\/L-74-1-768x558.jpg 768w, https:\/\/ajl-asso.fr\/wp-content\/uploads\/sites\/4\/2022\/03\/L-74-1-1536x1116.jpg 1536w, https:\/\/ajl-asso.fr\/wp-content\/uploads\/sites\/4\/2022\/03\/L-74-1-2048x1488.jpg 2048w, https:\/\/ajl-asso.fr\/wp-content\/uploads\/sites\/4\/2022\/03\/L-74-1-284x206.jpg 284w\" sizes=\"(max-width: 2560px) 100vw, 2560px\" \/><\/figure>\n\n\n\n<figure class=\"wp-block-image size-large\"><img loading=\"lazy\" width=\"2560\" height=\"2054\" data-id=\"927\"  src=\"https:\/\/ajl-asso.fr\/wp-content\/uploads\/sites\/4\/2022\/03\/L-71-1-scaled.jpg\" alt=\"\" class=\"wp-image-927\" srcset=\"https:\/\/ajl-asso.fr\/wp-content\/uploads\/sites\/4\/2022\/03\/L-71-1-scaled.jpg 2560w, https:\/\/ajl-asso.fr\/wp-content\/uploads\/sites\/4\/2022\/03\/L-71-1-300x241.jpg 300w, https:\/\/ajl-asso.fr\/wp-content\/uploads\/sites\/4\/2022\/03\/L-71-1-1024x821.jpg 1024w, https:\/\/ajl-asso.fr\/wp-content\/uploads\/sites\/4\/2022\/03\/L-71-1-768x616.jpg 768w, https:\/\/ajl-asso.fr\/wp-content\/uploads\/sites\/4\/2022\/03\/L-71-1-1536x1232.jpg 1536w, https:\/\/ajl-asso.fr\/wp-content\/uploads\/sites\/4\/2022\/03\/L-71-1-2048x1643.jpg 2048w, https:\/\/ajl-asso.fr\/wp-content\/uploads\/sites\/4\/2022\/03\/L-71-1-257x206.jpg 257w\" sizes=\"(max-width: 2560px) 100vw, 2560px\" \/><\/figure>\n\n\n\n<figure class=\"wp-block-image size-large\"><img loading=\"lazy\" width=\"2560\" height=\"2344\" data-id=\"926\"  src=\"https:\/\/ajl-asso.fr\/wp-content\/uploads\/sites\/4\/2022\/03\/L-65-1-scaled.jpg\" alt=\"\" class=\"wp-image-926\" srcset=\"https:\/\/ajl-asso.fr\/wp-content\/uploads\/sites\/4\/2022\/03\/L-65-1-scaled.jpg 2560w, https:\/\/ajl-asso.fr\/wp-content\/uploads\/sites\/4\/2022\/03\/L-65-1-300x275.jpg 300w, https:\/\/ajl-asso.fr\/wp-content\/uploads\/sites\/4\/2022\/03\/L-65-1-1024x938.jpg 1024w, https:\/\/ajl-asso.fr\/wp-content\/uploads\/sites\/4\/2022\/03\/L-65-1-768x703.jpg 768w, https:\/\/ajl-asso.fr\/wp-content\/uploads\/sites\/4\/2022\/03\/L-65-1-1536x1406.jpg 1536w, https:\/\/ajl-asso.fr\/wp-content\/uploads\/sites\/4\/2022\/03\/L-65-1-2048x1875.jpg 2048w, https:\/\/ajl-asso.fr\/wp-content\/uploads\/sites\/4\/2022\/03\/L-65-1-225x206.jpg 225w\" sizes=\"(max-width: 2560px) 100vw, 2560px\" \/><\/figure>\n\n\n\n<figure class=\"wp-block-image size-large\"><img loading=\"lazy\" width=\"1785\" height=\"2029\" data-id=\"920\"  src=\"https:\/\/ajl-asso.fr\/wp-content\/uploads\/sites\/4\/2022\/03\/L-45.jpg\" alt=\"\" class=\"wp-image-920\" srcset=\"https:\/\/ajl-asso.fr\/wp-content\/uploads\/sites\/4\/2022\/03\/L-45.jpg 1785w, https:\/\/ajl-asso.fr\/wp-content\/uploads\/sites\/4\/2022\/03\/L-45-264x300.jpg 264w, https:\/\/ajl-asso.fr\/wp-content\/uploads\/sites\/4\/2022\/03\/L-45-901x1024.jpg 901w, https:\/\/ajl-asso.fr\/wp-content\/uploads\/sites\/4\/2022\/03\/L-45-768x873.jpg 768w, https:\/\/ajl-asso.fr\/wp-content\/uploads\/sites\/4\/2022\/03\/L-45-1351x1536.jpg 1351w, https:\/\/ajl-asso.fr\/wp-content\/uploads\/sites\/4\/2022\/03\/L-45-181x206.jpg 181w\" sizes=\"(max-width: 1785px) 100vw, 1785px\" \/><\/figure>\n\n\n\n<figure class=\"wp-block-image size-large\"><img loading=\"lazy\" width=\"2538\" height=\"2394\" data-id=\"930\"  src=\"https:\/\/ajl-asso.fr\/wp-content\/uploads\/sites\/4\/2022\/03\/L-33.jpg\" alt=\"\" class=\"wp-image-930\" srcset=\"https:\/\/ajl-asso.fr\/wp-content\/uploads\/sites\/4\/2022\/03\/L-33.jpg 2538w, https:\/\/ajl-asso.fr\/wp-content\/uploads\/sites\/4\/2022\/03\/L-33-300x283.jpg 300w, https:\/\/ajl-asso.fr\/wp-content\/uploads\/sites\/4\/2022\/03\/L-33-1024x966.jpg 1024w, https:\/\/ajl-asso.fr\/wp-content\/uploads\/sites\/4\/2022\/03\/L-33-768x724.jpg 768w, https:\/\/ajl-asso.fr\/wp-content\/uploads\/sites\/4\/2022\/03\/L-33-1536x1449.jpg 1536w, https:\/\/ajl-asso.fr\/wp-content\/uploads\/sites\/4\/2022\/03\/L-33-2048x1932.jpg 2048w, https:\/\/ajl-asso.fr\/wp-content\/uploads\/sites\/4\/2022\/03\/L-33-218x206.jpg 218w\" sizes=\"(max-width: 2538px) 100vw, 2538px\" \/><\/figure>\n<\/figure>\n","protected":false},"excerpt":{"rendered":"<p>Chambres \u00e0 l&rsquo;EHPAD Salle \u00e0 manger de l&rsquo;EHPAD Accompagnement des r\u00e9sidents<\/p>\n","protected":false},"author":1,"featured_media":0,"parent":25,"menu_order":0,"comment_status":"closed","ping_status":"closed","template":"pages-templates\/pages-visites.php","meta":{"_coblocks_attr":"","_coblocks_dimensions":"","_coblocks_responsive_height":"","_coblocks_accordion_ie_support":""},"_links":{"self":[{"href":"https:\/\/ajl-asso.fr\/la-martiniere\/wp-json\/wp\/v2\/pages\/91"}],"collection":[{"href":"https:\/\/ajl-asso.fr\/la-martiniere\/wp-json\/wp\/v2\/pages"}],"about":[{"href":"https:\/\/ajl-asso.fr\/la-martiniere\/wp-json\/wp\/v2\/types\/page"}],"author":[{"embeddable":true,"href":"https:\/\/ajl-asso.fr\/la-martiniere\/wp-json\/wp\/v2\/users\/1"}],"replies":[{"embeddable":true,"href":"https:\/\/ajl-asso.fr\/la-martiniere\/wp-json\/wp\/v2\/comments?post=91"}],"version-history":[{"count":7,"href":"https:\/\/ajl-asso.fr\/la-martiniere\/wp-json\/wp\/v2\/pages\/91\/revisions"}],"predecessor-version":[{"id":976,"href":"https:\/\/ajl-asso.fr\/la-martiniere\/wp-json\/wp\/v2\/pages\/91\/revisions\/976"}],"up":[{"embeddable":true,"href":"https:\/\/ajl-asso.fr\/la-martiniere\/wp-json\/wp\/v2\/pages\/25"}],"wp:attachment":[{"href":"https:\/\/ajl-asso.fr\/la-martiniere\/wp-json\/wp\/v2\/media?parent=91"}],"curies":[{"name":"wp","href":"https:\/\/api.w.org\/{rel}","templated":true}]}}