{"id":956,"date":"2022-09-26T17:20:17","date_gmt":"2022-09-26T15:20:17","guid":{"rendered":"https:\/\/ajl-asso.fr\/la-martiniere\/?page_id=956"},"modified":"2023-06-13T09:31:18","modified_gmt":"2023-06-13T07:31:18","slug":"nepale","status":"publish","type":"page","link":"https:\/\/ajl-asso.fr\/la-martiniere\/nepale\/","title":{"rendered":"NEPALE : SOINS PALLIATIFS A DOMICILE"},"content":{"rendered":"\n<h2 style=\"font-style:normal;font-weight:800\">NEPALE : L&rsquo;EQUIPE MOBILE TERRITORIALE D&rsquo;ACCOMPAGNEMENT ET DE SOINS PALLIATIFS (EMTA-SP)<\/h2>\n\n\n\n<p>L\u2019Equipe Mobile Territoriale d\u2019Accompagnement et de Soins Palliatifs <strong>NEPALE<\/strong> est rattach\u00e9e \u00e0 l&rsquo;\u00e9tablissement de sant\u00e9 La Martini\u00e8re depuis le 1er octobre 2022. <\/p>\n\n\n\n<p>Elle intervient dans le nord de l\u2019Essonne en soins palliatifs, pr\u00e9coce ou non.<\/p>\n\n\n\n<p><strong>Ses interventions y facilitent et y optimisent l\u2019offre coordonn\u00e9e de soins de proximit\u00e9 de qualit\u00e9 et adapt\u00e9s aux patients&nbsp;:<\/strong><\/p>\n\n\n\n<ul><li>atteints d\u2019une pathologie grave et\/ou chronique en phase avanc\u00e9e,<\/li><li>en situation de complexit\u00e9 m\u00e9dicale et\/ou psycho-sociale,<\/li><li>sur leur lieu de vie,<\/li><li>quel que soit leur \u00e2ge<\/li><\/ul>\n\n\n\n<h3><strong>Zone d\u2019intervention<\/strong><\/h3>\n\n\n\n<p>Athis-Mons \u2022 Ballainvilliers \u2022 Bi\u00e8vres \u2022 Boussy-St-Antoine \u2022 Brunoy \u2022 Bures-sur-Yvette \u2022 Champlan \u2022 Chilly-Mazarin \u2022 Crosne \u2022 Draveil \u2022 \u00c9pinay-sous-S\u00e9nart \u2022 \u00c9pinay\u2011sur-Orge \u2022 Gometz-le-Ch\u00e2tel \u2022 Gif-sur-Yvette \u2022 Grigny \u2022 Igny \u2022 Juvisy-sur-Orge \u2022 La-Ville-du-Bois \u2022 Les Ulis \u2022 Linas \u2022 Longjumeau \u2022 Longpont-sur-Orge \u2022 Marcoussis \u2022 Massy \u2022 Montgeron \u2022 Montlh\u00e9ry \u2022 Morangis \u2022 Nozay \u2022 Orsay \u2022 Palaiseau \u2022 Paray-Vieille-Poste \u2022 Quincy-sous-S\u00e9nart \u2022 Saclay \u2022 Saint-Aubin \u2022 Saulx-Les-Chartreux \u2022 Savigny-sur-Orge \u2022 Varennes-Jarcy \u2022 Vauhallan \u2022 Verri\u00e8res-le-Buisson \u2022 Vigneux\u2011sur-Seine \u2022 Villebon-sur-Yvette \u2022 Villejust \u2022 Villiers-Le-B\u00e2cle \u2022 Viry-Ch\u00e2tillon \u2022 Wissous \u2022 Yerres.<\/p>\n\n\n\n<h3><strong>Nos actions au quotidien<\/strong><\/h3>\n\n\n\n<p><strong>L\u2019\u00e9quipe mobile qualifi\u00e9e, compos\u00e9e de m\u00e9decins et infirmiers coordinateurs, d\u2019une ergoth\u00e9rapeute et d\u2019une psychologue de coordination apportent leurs appuis sp\u00e9cialis\u00e9s :<\/strong><\/p>\n\n\n\n<ul><li>Aupr\u00e8s des patients et de leur entourage<ul><li>\u00c9valuation m\u00e9dicale, psychologique et sociale au domicile du patient<\/li><li>Coordination du parcours de sant\u00e9<\/li><li>Orientation, si besoin, vers les interlocuteurs et services adapt\u00e9s du territoire<\/li><li>Recherche de solutions pratiques de maintien \u00e0 domicile, en accord avec le projet de vie du patient<\/li><li>Accompagnement du patient et de son entourage dans la mise en place d\u2019aides techniques et logistiques<\/li><li>Permanence t\u00e9l\u00e9phonique en soins palliatifs et mise en lien avec le Centre 15 et les services d\u2019Accueil d\u2019Urgences 24h\/24, 7j\/7.<\/li><\/ul><\/li><\/ul>\n\n\n\n<ul><li>Aupr\u00e8s des Professionnels de 1er recours<ul><li>Mise \u00e0 disposition d\u2019un appui sp\u00e9cialis\u00e9 en corr\u00e9lation avec les besoins et les pratiques des professionnels et la situation de la personne accompagn\u00e9e<\/li><li>Formation-action aupr\u00e8s des professionnels dans la gestion de la douleur et des autres sympt\u00f4mes<\/li><li>Mise \u00e0 disposition d\u2019outils de bonnes pratiques<\/li><li>Aide dans l\u2019organisation du parcours de sant\u00e9<\/li><li>Participation aux d\u00e9cisions coll\u00e9giales<\/li><li>Permanence t\u00e9l\u00e9phonique en soins palliatifs et mise en lien avec le Centre 15 et les services d\u2019Accueil d\u2019Urgences 24h\/24, 7j\/7.<\/li><\/ul><\/li><\/ul>\n\n\n\n<p>L\u2019INTERVENTION DE L\u2019\u00c9QUIPE MOBILE TERRITORALE D\u2019ACCOMPAGNEMENT ET DE SOINS PALLIATIFS EST ENTI\u00c8REMENT FINANC\u00c9E PAR L\u2019AGENCE R\u00c9GIONALE DE SANT\u00c9 D\u2019ILE-DE-FRANCE.<\/p>\n\n\n\n<h3><strong>Pour prendre contact<\/strong><\/h3>\n\n\n\n<p>Par t\u00e9l\u00e9phone :&nbsp;<strong>01.69.63.29.70<\/strong><br>Par fax : 01.69.80.64.21<br>Par email : contact@nepale.fr<\/p>\n","protected":false},"excerpt":{"rendered":"<p>NEPALE : L&rsquo;EQUIPE MOBILE TERRITORIALE D&rsquo;ACCOMPAGNEMENT ET DE SOINS PALLIATIFS (EMTA-SP) L\u2019Equipe Mobile Territoriale d\u2019Accompagnement et de Soins Palliatifs NEPALE est rattach\u00e9e \u00e0 l&rsquo;\u00e9tablissement de sant\u00e9 La Martini\u00e8re depuis le 1er octobre 2022. Elle intervient dans le nord de l\u2019Essonne en soins palliatifs, pr\u00e9coce ou non. Ses interventions y facilitent et y optimisent l\u2019offre coordonn\u00e9e [&hellip;]<\/p>\n","protected":false},"author":13,"featured_media":0,"parent":0,"menu_order":0,"comment_status":"closed","ping_status":"closed","template":"","meta":{"_coblocks_attr":"","_coblocks_dimensions":"","_coblocks_responsive_height":"","_coblocks_accordion_ie_support":""},"_links":{"self":[{"href":"https:\/\/ajl-asso.fr\/la-martiniere\/wp-json\/wp\/v2\/pages\/956"}],"collection":[{"href":"https:\/\/ajl-asso.fr\/la-martiniere\/wp-json\/wp\/v2\/pages"}],"about":[{"href":"https:\/\/ajl-asso.fr\/la-martiniere\/wp-json\/wp\/v2\/types\/page"}],"author":[{"embeddable":true,"href":"https:\/\/ajl-asso.fr\/la-martiniere\/wp-json\/wp\/v2\/users\/13"}],"replies":[{"embeddable":true,"href":"https:\/\/ajl-asso.fr\/la-martiniere\/wp-json\/wp\/v2\/comments?post=956"}],"version-history":[{"count":11,"href":"https:\/\/ajl-asso.fr\/la-martiniere\/wp-json\/wp\/v2\/pages\/956\/revisions"}],"predecessor-version":[{"id":1476,"href":"https:\/\/ajl-asso.fr\/la-martiniere\/wp-json\/wp\/v2\/pages\/956\/revisions\/1476"}],"wp:attachment":[{"href":"https:\/\/ajl-asso.fr\/la-martiniere\/wp-json\/wp\/v2\/media?parent=956"}],"curies":[{"name":"wp","href":"https:\/\/api.w.org\/{rel}","templated":true}]}}