{"id":97,"date":"2017-10-17T15:40:18","date_gmt":"2017-10-17T13:40:18","guid":{"rendered":"https:\/\/ajl-asso.fr\/la-martiniere\/?page_id=97"},"modified":"2026-03-24T10:59:55","modified_gmt":"2026-03-24T09:59:55","slug":"les-prestations","status":"publish","type":"page","link":"https:\/\/ajl-asso.fr\/la-martiniere\/ehpad\/vie-quotidienne\/les-prestations\/","title":{"rendered":"Prestations &amp; Animations"},"content":{"rendered":"<p><strong>COIFFURE\/P\u00c9DICURE<br \/>\n<\/strong>L\u2019\u00e9tablissement dispose d\u2019un salon de coiffure install\u00e9 au 1er&nbsp;\u00e9tage (pr\u00e8s de la salle de r\u00e9\u00e9ducation). Les rendez-vous sont \u00e0 prendre aupr\u00e8s de l\u2019accueil de l\u2019\u00e9tablissement.<strong><br \/>\n<\/strong>Une p\u00e9dicure-podologue intervient dans l\u2019\u00e9tablissement sur rendez-vous. Les rendez-vous sont \u00e0 prendre aupr\u00e8s de l\u2019accueil de l\u2019\u00e9tablissement.<strong><br \/>\n<\/strong>Ces prestations sont \u00e0 votre charge et seront pr\u00e9lev\u00e9es sur votre facture mensuelle (pas de r\u00e8glement direct au prestataire).<\/p>\n<p>Les tarifs des prestations (coiffeur, p\u00e9dicure\u2026) propos\u00e9es par l\u2019\u00e9tablissement se trouvent dans l\u2019annexe compl\u00e9tive du livret d\u2019accueil ou \u00e0 l\u2019accueil de l\u2019\u00e9tablissement.<\/p>\n<p><strong>COURRIER<br \/>\n<\/strong>Le courrier vous est distribu\u00e9 chaque jour. La lev\u00e9e du courrier par la poste a lieu&nbsp;vers 9 heures les jours ouvrables.<\/p>\n<p><strong>BIBLIOTH\u00c8QUE<br \/>\n<\/strong>Une biblioth\u00e8que, au rez-de-chauss\u00e9e de l&rsquo;\u00e9tablissement est \u00e0 votre disposition.<\/p>\n<p><strong>WIFI<\/strong><br \/>\nUn r\u00e9seau wifi est \u00e0 disposition des r\u00e9sidents : les tarifs sont disponibles \u00e0 l&rsquo;accueil.<\/p>\n<p><strong>AUTRES PRESTATIONS<br \/>\n<\/strong><\/p>\n<p>Au kiosque, situ\u00e9 au rez-de-chauss\u00e9e pr\u00e8s de l\u2019accueil, vous trouverez les produits de premi\u00e8re n\u00e9cessit\u00e9.<\/p>\n","protected":false},"excerpt":{"rendered":"<p>COIFFURE\/P\u00c9DICURE L\u2019\u00e9tablissement dispose d\u2019un salon de coiffure install\u00e9 au 1er&nbsp;\u00e9tage (pr\u00e8s de la salle de r\u00e9\u00e9ducation). Les rendez-vous sont \u00e0 prendre aupr\u00e8s de l\u2019accueil de l\u2019\u00e9tablissement. Une p\u00e9dicure-podologue intervient dans l\u2019\u00e9tablissement sur rendez-vous. Les rendez-vous sont \u00e0 prendre aupr\u00e8s de l\u2019accueil de l\u2019\u00e9tablissement. Ces prestations sont \u00e0 votre charge et seront pr\u00e9lev\u00e9es sur votre facture [&hellip;]<\/p>\n","protected":false},"author":1,"featured_media":82,"parent":89,"menu_order":0,"comment_status":"closed","ping_status":"closed","template":"pages-templates\/pages-boxes.php","meta":{"_coblocks_attr":"","_coblocks_dimensions":"","_coblocks_responsive_height":"","_coblocks_accordion_ie_support":""},"_links":{"self":[{"href":"https:\/\/ajl-asso.fr\/la-martiniere\/wp-json\/wp\/v2\/pages\/97"}],"collection":[{"href":"https:\/\/ajl-asso.fr\/la-martiniere\/wp-json\/wp\/v2\/pages"}],"about":[{"href":"https:\/\/ajl-asso.fr\/la-martiniere\/wp-json\/wp\/v2\/types\/page"}],"author":[{"embeddable":true,"href":"https:\/\/ajl-asso.fr\/la-martiniere\/wp-json\/wp\/v2\/users\/1"}],"replies":[{"embeddable":true,"href":"https:\/\/ajl-asso.fr\/la-martiniere\/wp-json\/wp\/v2\/comments?post=97"}],"version-history":[{"count":16,"href":"https:\/\/ajl-asso.fr\/la-martiniere\/wp-json\/wp\/v2\/pages\/97\/revisions"}],"predecessor-version":[{"id":1912,"href":"https:\/\/ajl-asso.fr\/la-martiniere\/wp-json\/wp\/v2\/pages\/97\/revisions\/1912"}],"up":[{"embeddable":true,"href":"https:\/\/ajl-asso.fr\/la-martiniere\/wp-json\/wp\/v2\/pages\/89"}],"wp:featuredmedia":[{"embeddable":true,"href":"https:\/\/ajl-asso.fr\/la-martiniere\/wp-json\/wp\/v2\/media\/82"}],"wp:attachment":[{"href":"https:\/\/ajl-asso.fr\/la-martiniere\/wp-json\/wp\/v2\/media?parent=97"}],"curies":[{"name":"wp","href":"https:\/\/api.w.org\/{rel}","templated":true}]}}