{"id":127,"date":"2017-10-16T16:36:04","date_gmt":"2017-10-16T14:36:04","guid":{"rendered":"https:\/\/ajl-asso.fr\/lachenaud\/?page_id=127"},"modified":"2023-11-27T12:02:48","modified_gmt":"2023-11-27T11:02:48","slug":"tarifs-aides-financieres","status":"publish","type":"page","link":"https:\/\/ajl-asso.fr\/lachenaud\/ssr\/tarifs-aides-financieres\/","title":{"rendered":"Conditions d&rsquo;admission"},"content":{"rendered":"<p><strong>Comment \u00eatre admis dans notre \u00e9tablissement ?<\/strong><\/p>\n<p style=\"text-align: justify\">Vous pouvez \u00eatre admis depuis :<\/p>\n<ul>\n<li style=\"text-align: justify\">Un \u00e9tablissement hospitalier priv\u00e9 ou public<\/li>\n<li style=\"text-align: justify\">Le domicile apr\u00e8s examen d&rsquo;un dossier d&rsquo;admission compl\u00e9t\u00e9 par votre m\u00e9decin traitant *<\/li>\n<\/ul>\n<p><a href=\"https:\/\/ajl-asso.fr\/wp-content\/uploads\/sites\/2\/2018\/02\/DOC-018-01-Demande-dadmission-partie-medicale-1.pdf\">Demande d&rsquo;admission &#8211; partie m\u00e9dicale<\/a><\/p>\n<p><a href=\"https:\/\/ajl-asso.fr\/wp-content\/uploads\/sites\/2\/2023\/11\/Demande-dadmission-partie-administrative.pdf\">Demande d&rsquo;admission &#8211; partie administrative<\/a><\/p>\n","protected":false},"excerpt":{"rendered":"<p>Comment \u00eatre admis dans notre \u00e9tablissement ? Vous pouvez \u00eatre admis depuis : Un \u00e9tablissement hospitalier priv\u00e9 ou public Le domicile apr\u00e8s examen d&rsquo;un dossier d&rsquo;admission compl\u00e9t\u00e9 par votre m\u00e9decin traitant * Demande d&rsquo;admission &#8211; partie m\u00e9dicale Demande d&rsquo;admission &#8211; partie administrative<\/p>\n","protected":false},"author":1,"featured_media":240,"parent":37,"menu_order":0,"comment_status":"closed","ping_status":"closed","template":"pages-templates\/pages-boxes.php","meta":{"_coblocks_attr":"","_coblocks_dimensions":"","_coblocks_responsive_height":"","_coblocks_accordion_ie_support":""},"_links":{"self":[{"href":"https:\/\/ajl-asso.fr\/lachenaud\/wp-json\/wp\/v2\/pages\/127"}],"collection":[{"href":"https:\/\/ajl-asso.fr\/lachenaud\/wp-json\/wp\/v2\/pages"}],"about":[{"href":"https:\/\/ajl-asso.fr\/lachenaud\/wp-json\/wp\/v2\/types\/page"}],"author":[{"embeddable":true,"href":"https:\/\/ajl-asso.fr\/lachenaud\/wp-json\/wp\/v2\/users\/1"}],"replies":[{"embeddable":true,"href":"https:\/\/ajl-asso.fr\/lachenaud\/wp-json\/wp\/v2\/comments?post=127"}],"version-history":[{"count":17,"href":"https:\/\/ajl-asso.fr\/lachenaud\/wp-json\/wp\/v2\/pages\/127\/revisions"}],"predecessor-version":[{"id":1929,"href":"https:\/\/ajl-asso.fr\/lachenaud\/wp-json\/wp\/v2\/pages\/127\/revisions\/1929"}],"up":[{"embeddable":true,"href":"https:\/\/ajl-asso.fr\/lachenaud\/wp-json\/wp\/v2\/pages\/37"}],"wp:featuredmedia":[{"embeddable":true,"href":"https:\/\/ajl-asso.fr\/lachenaud\/wp-json\/wp\/v2\/media\/240"}],"wp:attachment":[{"href":"https:\/\/ajl-asso.fr\/lachenaud\/wp-json\/wp\/v2\/media?parent=127"}],"curies":[{"name":"wp","href":"https:\/\/api.w.org\/{rel}","templated":true}]}}