{"id":1522,"date":"2023-01-18T14:28:08","date_gmt":"2023-01-18T13:28:08","guid":{"rendered":"https:\/\/ajl-asso.fr\/lachenaud\/?page_id=1522"},"modified":"2023-03-30T18:25:50","modified_gmt":"2023-03-30T16:25:50","slug":"formalites-dadmission","status":"publish","type":"page","link":"https:\/\/ajl-asso.fr\/lachenaud\/ssr-hopital-de-jour\/formalites-dadmission\/","title":{"rendered":"Formalit\u00e9s d&rsquo;admission"},"content":{"rendered":"<p><strong>Comment \u00eatre admis dans notre \u00e9tablissement ?<\/strong><\/p>\n<p style=\"text-align: justify\">Vous pouvez \u00eatre admis depuis :<\/p>\n<ul>\n<li style=\"text-align: justify\">Un \u00e9tablissement hospitalier priv\u00e9 ou public<\/li>\n<li style=\"text-align: justify\">Le domicile apr\u00e8s examen d&rsquo;un dossier d&rsquo;admission compl\u00e9t\u00e9 par votre m\u00e9decin traitant : <a style=\"font-size: revert;font-weight: var(--bs-body-font-weight);text-align: var(--bs-body-text-align)\" href=\"https:\/\/ajl-asso.fr\/wp-content\/uploads\/sites\/2\/2023\/01\/DOC-143-03-Demande-dadmission-Hopital-De-Jour.pdf\">https:\/\/ajl-asso.fr\/wp-content\/uploads\/sites\/2\/2023\/01\/DOC-143-03-Demande-dadmission-Hopital-De-Jour.pdf<\/a><\/li>\n<\/ul>\n\n\n<p><\/p>\n","protected":false},"excerpt":{"rendered":"<p>Comment \u00eatre admis dans notre \u00e9tablissement ? Vous pouvez \u00eatre admis depuis : Un \u00e9tablissement hospitalier priv\u00e9 ou public Le domicile apr\u00e8s examen d&rsquo;un dossier d&rsquo;admission compl\u00e9t\u00e9 par votre m\u00e9decin traitant : https:\/\/ajl-asso.fr\/wp-content\/uploads\/sites\/2\/2023\/01\/DOC-143-03-Demande-dadmission-Hopital-De-Jour.pdf<\/p>\n","protected":false},"author":450,"featured_media":240,"parent":1518,"menu_order":0,"comment_status":"closed","ping_status":"closed","template":"pages-templates\/pages-boxes.php","meta":{"_coblocks_attr":"","_coblocks_dimensions":"","_coblocks_responsive_height":"","_coblocks_accordion_ie_support":""},"_links":{"self":[{"href":"https:\/\/ajl-asso.fr\/lachenaud\/wp-json\/wp\/v2\/pages\/1522"}],"collection":[{"href":"https:\/\/ajl-asso.fr\/lachenaud\/wp-json\/wp\/v2\/pages"}],"about":[{"href":"https:\/\/ajl-asso.fr\/lachenaud\/wp-json\/wp\/v2\/types\/page"}],"author":[{"embeddable":true,"href":"https:\/\/ajl-asso.fr\/lachenaud\/wp-json\/wp\/v2\/users\/450"}],"replies":[{"embeddable":true,"href":"https:\/\/ajl-asso.fr\/lachenaud\/wp-json\/wp\/v2\/comments?post=1522"}],"version-history":[{"count":2,"href":"https:\/\/ajl-asso.fr\/lachenaud\/wp-json\/wp\/v2\/pages\/1522\/revisions"}],"predecessor-version":[{"id":1559,"href":"https:\/\/ajl-asso.fr\/lachenaud\/wp-json\/wp\/v2\/pages\/1522\/revisions\/1559"}],"up":[{"embeddable":true,"href":"https:\/\/ajl-asso.fr\/lachenaud\/wp-json\/wp\/v2\/pages\/1518"}],"wp:featuredmedia":[{"embeddable":true,"href":"https:\/\/ajl-asso.fr\/lachenaud\/wp-json\/wp\/v2\/media\/240"}],"wp:attachment":[{"href":"https:\/\/ajl-asso.fr\/lachenaud\/wp-json\/wp\/v2\/media?parent=1522"}],"curies":[{"name":"wp","href":"https:\/\/api.w.org\/{rel}","templated":true}]}}