{"id":87,"date":"2017-10-02T12:03:18","date_gmt":"2017-10-02T10:03:18","guid":{"rendered":"https:\/\/ajl-asso.fr\/lachenaud\/?page_id=87"},"modified":"2023-03-30T18:58:22","modified_gmt":"2023-03-30T16:58:22","slug":"visite","status":"publish","type":"page","link":"https:\/\/ajl-asso.fr\/lachenaud\/ssr\/visite\/","title":{"rendered":""},"content":{"rendered":"<h5><b>Choisir son \u00e9tablissement de soins est un droit<\/b><\/h5>\n<p>Vous avez le droit de choisir librement votre \u00e9tablissement de soins. Les urgences vitales sont des exceptions \u00e0 cette r\u00e8gle.<\/p>\n<p>Ce droit s\u2019applique aussi aux centres de convalescence, autrement dit aux centres de Soins de Suite et de R\u00e9adaptation (SSR).<span class=\"Apple-converted-space\">\u00a0<\/span><\/p>\n<p>Vous pouvez choisir vous-m\u00eame votre centre pour vous assurer de la qualit\u00e9 des soins et du confort du s\u00e9jour.<\/p>\n<p>Habituellement, le choix de ce type de centre est orient\u00e9 par le m\u00e9decin hospitalier ou le m\u00e9decin traitant. Vous pouvez suivre son avis, ou r\u00e9aliser des recherches pr\u00e9alables avant de donner votre consentement. L\u2019analyse et la comparaison de plusieurs \u00e9tablissements vous permettent de choisir le centre dont la qualit\u00e9 des soins, les comp\u00e9tences de l\u2019\u00e9quipe m\u00e9dicale et param\u00e9dicale correspondent \u00e0 vos attentes.<\/p>\n\n\n<div class=\"wp-container-1 wp-block-group\"><div class=\"wp-block-group__inner-container\">\n<div class=\"wp-block-coblocks-row coblocks-row-91318512916\" data-columns=\"4\" data-layout=\"25-25-25-25\"><div class=\"wp-block-coblocks-row__inner has-no-padding has-no-margin is-stacked-on-mobile has-medium-gutter\">\n<div class=\"wp-block-coblocks-column coblocks-column-91318516956\" style=\"width:25%\"><div class=\"wp-block-coblocks-column__inner has-no-padding has-no-margin\">\n<figure class=\"wp-block-image size-large\"><img loading=\"lazy\" width=\"1024\" height=\"575\" src=\"https:\/\/ajl-asso.fr\/wp-content\/uploads\/sites\/2\/2023\/03\/DJI_0645-1024x575.jpg\" alt=\"\" class=\"wp-image-1584\" srcset=\"https:\/\/ajl-asso.fr\/wp-content\/uploads\/sites\/2\/2023\/03\/DJI_0645-1024x575.jpg 1024w, https:\/\/ajl-asso.fr\/wp-content\/uploads\/sites\/2\/2023\/03\/DJI_0645-300x169.jpg 300w, https:\/\/ajl-asso.fr\/wp-content\/uploads\/sites\/2\/2023\/03\/DJI_0645-768x431.jpg 768w, https:\/\/ajl-asso.fr\/wp-content\/uploads\/sites\/2\/2023\/03\/DJI_0645-1536x863.jpg 1536w, https:\/\/ajl-asso.fr\/wp-content\/uploads\/sites\/2\/2023\/03\/DJI_0645-2048x1151.jpg 2048w, https:\/\/ajl-asso.fr\/wp-content\/uploads\/sites\/2\/2023\/03\/DJI_0645-367x206.jpg 367w\" sizes=\"(max-width: 1024px) 100vw, 1024px\" \/><\/figure>\n<\/div><\/div>\n\n\n\n<div class=\"wp-block-coblocks-column coblocks-column-91318516968\" style=\"width:25%\"><div class=\"wp-block-coblocks-column__inner has-no-padding has-no-margin\">\n<figure class=\"wp-block-image size-large\"><img loading=\"lazy\" width=\"1024\" height=\"683\" src=\"https:\/\/ajl-asso.fr\/wp-content\/uploads\/sites\/2\/2018\/02\/Ets-Lachenaud-38-1024x683.jpg\" alt=\"\" class=\"wp-image-401\" srcset=\"https:\/\/ajl-asso.fr\/wp-content\/uploads\/sites\/2\/2018\/02\/Ets-Lachenaud-38-1024x683.jpg 1024w, https:\/\/ajl-asso.fr\/wp-content\/uploads\/sites\/2\/2018\/02\/Ets-Lachenaud-38-300x200.jpg 300w, https:\/\/ajl-asso.fr\/wp-content\/uploads\/sites\/2\/2018\/02\/Ets-Lachenaud-38-768x512.jpg 768w, https:\/\/ajl-asso.fr\/wp-content\/uploads\/sites\/2\/2018\/02\/Ets-Lachenaud-38-309x206.jpg 309w\" sizes=\"(max-width: 1024px) 100vw, 1024px\" \/><\/figure>\n<\/div><\/div>\n\n\n\n<div class=\"wp-block-coblocks-column coblocks-column-91318516978\" style=\"width:25%\"><div class=\"wp-block-coblocks-column__inner has-no-padding has-no-margin\">\n<figure class=\"wp-block-image size-large\"><img loading=\"lazy\" width=\"1024\" height=\"683\" src=\"https:\/\/ajl-asso.fr\/wp-content\/uploads\/sites\/2\/2023\/03\/DSC5459-1024x683.jpg\" alt=\"\" class=\"wp-image-1596\" srcset=\"https:\/\/ajl-asso.fr\/wp-content\/uploads\/sites\/2\/2023\/03\/DSC5459-1024x683.jpg 1024w, https:\/\/ajl-asso.fr\/wp-content\/uploads\/sites\/2\/2023\/03\/DSC5459-300x200.jpg 300w, https:\/\/ajl-asso.fr\/wp-content\/uploads\/sites\/2\/2023\/03\/DSC5459-768x512.jpg 768w, https:\/\/ajl-asso.fr\/wp-content\/uploads\/sites\/2\/2023\/03\/DSC5459-1536x1024.jpg 1536w, https:\/\/ajl-asso.fr\/wp-content\/uploads\/sites\/2\/2023\/03\/DSC5459-2048x1365.jpg 2048w, https:\/\/ajl-asso.fr\/wp-content\/uploads\/sites\/2\/2023\/03\/DSC5459-309x206.jpg 309w\" sizes=\"(max-width: 1024px) 100vw, 1024px\" \/><\/figure>\n<\/div><\/div>\n\n\n\n<div class=\"wp-block-coblocks-column coblocks-column-91318516990\" style=\"width:25%\"><div class=\"wp-block-coblocks-column__inner has-no-padding has-no-margin\">\n<figure class=\"wp-block-image size-large\"><img loading=\"lazy\" width=\"1024\" height=\"683\" src=\"https:\/\/ajl-asso.fr\/wp-content\/uploads\/sites\/2\/2018\/02\/Ets-Lachenaud-43-1024x683.jpg\" alt=\"\" class=\"wp-image-402\" srcset=\"https:\/\/ajl-asso.fr\/wp-content\/uploads\/sites\/2\/2018\/02\/Ets-Lachenaud-43-1024x683.jpg 1024w, https:\/\/ajl-asso.fr\/wp-content\/uploads\/sites\/2\/2018\/02\/Ets-Lachenaud-43-300x200.jpg 300w, https:\/\/ajl-asso.fr\/wp-content\/uploads\/sites\/2\/2018\/02\/Ets-Lachenaud-43-768x512.jpg 768w, https:\/\/ajl-asso.fr\/wp-content\/uploads\/sites\/2\/2018\/02\/Ets-Lachenaud-43-309x206.jpg 309w\" sizes=\"(max-width: 1024px) 100vw, 1024px\" \/><\/figure>\n<\/div><\/div>\n<\/div><\/div>\n<\/div><\/div>\n\n\n\n<div class=\"wp-block-coblocks-row coblocks-row-230162953196\" data-columns=\"4\" data-layout=\"25-25-25-25\"><div class=\"wp-block-coblocks-row__inner has-no-padding has-no-margin is-stacked-on-mobile has-medium-gutter\">\n<div class=\"wp-block-coblocks-column coblocks-column-230162959506\" style=\"width:25%\"><div class=\"wp-block-coblocks-column__inner has-no-padding has-no-margin\">\n<figure class=\"wp-block-image size-large\"><img loading=\"lazy\" width=\"1024\" height=\"684\" src=\"https:\/\/ajl-asso.fr\/wp-content\/uploads\/sites\/2\/2023\/03\/DSC5736-HDR-1024x684.jpg\" alt=\"\" class=\"wp-image-1607\" srcset=\"https:\/\/ajl-asso.fr\/wp-content\/uploads\/sites\/2\/2023\/03\/DSC5736-HDR-1024x684.jpg 1024w, https:\/\/ajl-asso.fr\/wp-content\/uploads\/sites\/2\/2023\/03\/DSC5736-HDR-300x200.jpg 300w, https:\/\/ajl-asso.fr\/wp-content\/uploads\/sites\/2\/2023\/03\/DSC5736-HDR-768x513.jpg 768w, https:\/\/ajl-asso.fr\/wp-content\/uploads\/sites\/2\/2023\/03\/DSC5736-HDR-1536x1025.jpg 1536w, https:\/\/ajl-asso.fr\/wp-content\/uploads\/sites\/2\/2023\/03\/DSC5736-HDR-2048x1367.jpg 2048w, https:\/\/ajl-asso.fr\/wp-content\/uploads\/sites\/2\/2023\/03\/DSC5736-HDR-309x206.jpg 309w\" sizes=\"(max-width: 1024px) 100vw, 1024px\" \/><\/figure>\n<\/div><\/div>\n\n\n\n<div class=\"wp-block-coblocks-column coblocks-column-230162959512\" style=\"width:25%\"><div class=\"wp-block-coblocks-column__inner has-no-padding has-no-margin\">\n<figure class=\"wp-block-image size-large\"><img loading=\"lazy\" width=\"1024\" height=\"684\" src=\"https:\/\/ajl-asso.fr\/wp-content\/uploads\/sites\/2\/2023\/03\/DSC5493-1024x684.jpg\" alt=\"\" class=\"wp-image-1589\" srcset=\"https:\/\/ajl-asso.fr\/wp-content\/uploads\/sites\/2\/2023\/03\/DSC5493-1024x684.jpg 1024w, https:\/\/ajl-asso.fr\/wp-content\/uploads\/sites\/2\/2023\/03\/DSC5493-300x200.jpg 300w, https:\/\/ajl-asso.fr\/wp-content\/uploads\/sites\/2\/2023\/03\/DSC5493-768x513.jpg 768w, https:\/\/ajl-asso.fr\/wp-content\/uploads\/sites\/2\/2023\/03\/DSC5493-1536x1025.jpg 1536w, https:\/\/ajl-asso.fr\/wp-content\/uploads\/sites\/2\/2023\/03\/DSC5493-2048x1367.jpg 2048w, https:\/\/ajl-asso.fr\/wp-content\/uploads\/sites\/2\/2023\/03\/DSC5493-309x206.jpg 309w\" sizes=\"(max-width: 1024px) 100vw, 1024px\" \/><\/figure>\n<\/div><\/div>\n\n\n\n<div class=\"wp-block-coblocks-column coblocks-column-230162959517\" style=\"width:25%\"><div class=\"wp-block-coblocks-column__inner has-no-padding has-no-margin\">\n<figure class=\"wp-block-image size-full\"><img loading=\"lazy\" width=\"525\" height=\"350\" src=\"https:\/\/ajl-asso.fr\/wp-content\/uploads\/sites\/2\/2023\/03\/ajl-355-\u00d7-525-px-525-\u00d7-350-px-2.png\" alt=\"\" class=\"wp-image-1608\" srcset=\"https:\/\/ajl-asso.fr\/wp-content\/uploads\/sites\/2\/2023\/03\/ajl-355-\u00d7-525-px-525-\u00d7-350-px-2.png 525w, https:\/\/ajl-asso.fr\/wp-content\/uploads\/sites\/2\/2023\/03\/ajl-355-\u00d7-525-px-525-\u00d7-350-px-2-300x200.png 300w, https:\/\/ajl-asso.fr\/wp-content\/uploads\/sites\/2\/2023\/03\/ajl-355-\u00d7-525-px-525-\u00d7-350-px-2-309x206.png 309w\" sizes=\"(max-width: 525px) 100vw, 525px\" \/><\/figure>\n<\/div><\/div>\n\n\n\n<div class=\"wp-block-coblocks-column coblocks-column-230162959522\" style=\"width:25%\"><div class=\"wp-block-coblocks-column__inner has-no-padding has-no-margin\">\n<figure class=\"wp-block-image size-full\"><img loading=\"lazy\" width=\"525\" height=\"350\" src=\"https:\/\/ajl-asso.fr\/wp-content\/uploads\/sites\/2\/2023\/03\/ajl-355-\u00d7-525-px-525-\u00d7-350-px-3.png\" alt=\"\" class=\"wp-image-1609\" srcset=\"https:\/\/ajl-asso.fr\/wp-content\/uploads\/sites\/2\/2023\/03\/ajl-355-\u00d7-525-px-525-\u00d7-350-px-3.png 525w, https:\/\/ajl-asso.fr\/wp-content\/uploads\/sites\/2\/2023\/03\/ajl-355-\u00d7-525-px-525-\u00d7-350-px-3-300x200.png 300w, https:\/\/ajl-asso.fr\/wp-content\/uploads\/sites\/2\/2023\/03\/ajl-355-\u00d7-525-px-525-\u00d7-350-px-3-309x206.png 309w\" sizes=\"(max-width: 525px) 100vw, 525px\" \/><\/figure>\n<\/div><\/div>\n<\/div><\/div>\n","protected":false},"excerpt":{"rendered":"<p>Choisir son \u00e9tablissement de soins est un droit Vous avez le droit de choisir librement votre \u00e9tablissement de soins. Les urgences vitales sont des exceptions \u00e0 cette r\u00e8gle. Ce droit s\u2019applique aussi aux centres de convalescence, autrement dit aux centres de Soins de Suite et de R\u00e9adaptation (SSR).\u00a0 Vous pouvez choisir vous-m\u00eame votre centre pour [&hellip;]<\/p>\n","protected":false},"author":1,"featured_media":0,"parent":37,"menu_order":0,"comment_status":"closed","ping_status":"closed","template":"pages-templates\/pages-visites.php","meta":{"_coblocks_attr":"","_coblocks_dimensions":"","_coblocks_responsive_height":"","_coblocks_accordion_ie_support":""},"_links":{"self":[{"href":"https:\/\/ajl-asso.fr\/lachenaud\/wp-json\/wp\/v2\/pages\/87"}],"collection":[{"href":"https:\/\/ajl-asso.fr\/lachenaud\/wp-json\/wp\/v2\/pages"}],"about":[{"href":"https:\/\/ajl-asso.fr\/lachenaud\/wp-json\/wp\/v2\/types\/page"}],"author":[{"embeddable":true,"href":"https:\/\/ajl-asso.fr\/lachenaud\/wp-json\/wp\/v2\/users\/1"}],"replies":[{"embeddable":true,"href":"https:\/\/ajl-asso.fr\/lachenaud\/wp-json\/wp\/v2\/comments?post=87"}],"version-history":[{"count":28,"href":"https:\/\/ajl-asso.fr\/lachenaud\/wp-json\/wp\/v2\/pages\/87\/revisions"}],"predecessor-version":[{"id":1637,"href":"https:\/\/ajl-asso.fr\/lachenaud\/wp-json\/wp\/v2\/pages\/87\/revisions\/1637"}],"up":[{"embeddable":true,"href":"https:\/\/ajl-asso.fr\/lachenaud\/wp-json\/wp\/v2\/pages\/37"}],"wp:attachment":[{"href":"https:\/\/ajl-asso.fr\/lachenaud\/wp-json\/wp\/v2\/media?parent=87"}],"curies":[{"name":"wp","href":"https:\/\/api.w.org\/{rel}","templated":true}]}}