{"id":1424,"date":"2025-12-04T15:50:16","date_gmt":"2025-12-04T14:50:16","guid":{"rendered":"https:\/\/ajl-asso.fr\/le-divit\/?page_id=1424"},"modified":"2026-02-13T13:47:30","modified_gmt":"2026-02-13T12:47:30","slug":"pole-soins-palliatifs","status":"publish","type":"page","link":"https:\/\/ajl-asso.fr\/le-divit\/pole-soins-palliatifs\/","title":{"rendered":"P\u00f4le de Soins Palliatifs"},"content":{"rendered":"\n<p class=\"has-text-align-left\"><br><\/p>\n\n\n\n<p class=\"has-text-align-left\">Une approche bienveillante et humaine, qui valorise chaque moment de vie et<br>assure un soutien inconditionnel dans les moments difficiles.<\/p>\n\n\n\n<p class=\"has-text-align-left\"><br>Le p\u00f4le de soins palliatifs du DIVIT est compos\u00e9 d&rsquo;une  :<\/p>\n\n\n\n<p class=\"has-text-align-left\">    &#8211; Equipe Mobile d&rsquo;Accompagnement et des Soins Palliatifs (EMASP) <\/p>\n\n\n\n<p class=\"has-text-align-left\">    &#8211; Unit\u00e9 de Soins Palliatifs (USP)<\/p>\n\n\n\n<p><\/p>\n\n\n\n<p><\/p>\n\n\n\n<p><\/p>\n\n\n\n<p><\/p>\n\n\n\n<p><\/p>\n\n\n\n<p><\/p>\n\n\n\n<p><\/p>\n\n\n\n<p><\/p>\n\n\n\n<p><\/p>\n","protected":false},"excerpt":{"rendered":"<p>Une approche bienveillante et humaine, qui valorise chaque moment de vie etassure un soutien inconditionnel dans les moments difficiles. Le p\u00f4le de soins palliatifs du DIVIT est compos\u00e9 d&rsquo;une : &#8211; Equipe Mobile d&rsquo;Accompagnement et des Soins Palliatifs (EMASP) &#8211; Unit\u00e9 de Soins Palliatifs (USP)<\/p>\n","protected":false},"author":15,"featured_media":0,"parent":0,"menu_order":0,"comment_status":"closed","ping_status":"closed","template":"pages-templates\/pages-boxes-2.php","meta":{"_coblocks_attr":"","_coblocks_dimensions":"","_coblocks_responsive_height":"","_coblocks_accordion_ie_support":""},"_links":{"self":[{"href":"https:\/\/ajl-asso.fr\/le-divit\/wp-json\/wp\/v2\/pages\/1424"}],"collection":[{"href":"https:\/\/ajl-asso.fr\/le-divit\/wp-json\/wp\/v2\/pages"}],"about":[{"href":"https:\/\/ajl-asso.fr\/le-divit\/wp-json\/wp\/v2\/types\/page"}],"author":[{"embeddable":true,"href":"https:\/\/ajl-asso.fr\/le-divit\/wp-json\/wp\/v2\/users\/15"}],"replies":[{"embeddable":true,"href":"https:\/\/ajl-asso.fr\/le-divit\/wp-json\/wp\/v2\/comments?post=1424"}],"version-history":[{"count":19,"href":"https:\/\/ajl-asso.fr\/le-divit\/wp-json\/wp\/v2\/pages\/1424\/revisions"}],"predecessor-version":[{"id":1967,"href":"https:\/\/ajl-asso.fr\/le-divit\/wp-json\/wp\/v2\/pages\/1424\/revisions\/1967"}],"wp:attachment":[{"href":"https:\/\/ajl-asso.fr\/le-divit\/wp-json\/wp\/v2\/media?parent=1424"}],"curies":[{"name":"wp","href":"https:\/\/api.w.org\/{rel}","templated":true}]}}