{"id":1427,"date":"2025-12-04T15:52:58","date_gmt":"2025-12-04T14:52:58","guid":{"rendered":"https:\/\/ajl-asso.fr\/le-divit\/?page_id=1427"},"modified":"2026-02-17T13:59:04","modified_gmt":"2026-02-17T12:59:04","slug":"le-plateau-technique","status":"publish","type":"page","link":"https:\/\/ajl-asso.fr\/le-divit\/le-plateau-technique\/","title":{"rendered":"Le service de r\u00e9\u00e9ducation"},"content":{"rendered":"\n<p><strong>LE SERVICE DE R\u00c9\u00c9DUCATION<\/strong><br><br>La r\u00e9\u00e9ducation est l\u2019action th\u00e9rapeutique de r\u00e9tablir l\u2019usage d\u2019une fonction ou d\u2019un membre apr\u00e8s une blessure, ou chez un sujet souffrant d\u2019une d\u00e9ficience. Le r\u00f4le du service de r\u00e9\u00e9ducation est donc d\u2019am\u00e9liorer et d\u2019entretenir votre autonomie afin de vous permettre de r\u00e9aliser un maximum d\u2019activit\u00e9s de la vie quotidienne seul(e).<\/p>\n\n\n<div class=\"wp-block-image\">\n<figure class=\"alignright is-resized\"><img loading=\"lazy\" src=\"https:\/\/ajl-asso.fr\/wp-content\/uploads\/sites\/3\/2026\/02\/20240624_134516-bis-2-300x225.jpg\" alt=\"\" class=\"wp-image-2179\" width=\"364\" height=\"273\" srcset=\"https:\/\/ajl-asso.fr\/wp-content\/uploads\/sites\/3\/2026\/02\/20240624_134516-bis-2-300x225.jpg 300w, https:\/\/ajl-asso.fr\/wp-content\/uploads\/sites\/3\/2026\/02\/20240624_134516-bis-2-1024x768.jpg 1024w, https:\/\/ajl-asso.fr\/wp-content\/uploads\/sites\/3\/2026\/02\/20240624_134516-bis-2-768x576.jpg 768w, https:\/\/ajl-asso.fr\/wp-content\/uploads\/sites\/3\/2026\/02\/20240624_134516-bis-2-1536x1152.jpg 1536w, https:\/\/ajl-asso.fr\/wp-content\/uploads\/sites\/3\/2026\/02\/20240624_134516-bis-2-275x206.jpg 275w, https:\/\/ajl-asso.fr\/wp-content\/uploads\/sites\/3\/2026\/02\/20240624_134516-bis-2.jpg 2016w\" sizes=\"(max-width: 364px) 100vw, 364px\" \/><\/figure><\/div>\n\n\n<p>Les s\u00e9ances se font sur prescription au plateau technique ou exceptionnellement en chambre si besoin.<br>Les informations sur vos s\u00e9ances vous seront transmises apr\u00e8s planification.<\/p>\n\n\n\n<p>En cas de difficult\u00e9s de d\u00e9placement, un brancardier vous accompagne dans vos d\u00e9placements entre votre chambre et le plateau technique.<\/p>\n","protected":false},"excerpt":{"rendered":"<p>LE SERVICE DE R\u00c9\u00c9DUCATION La r\u00e9\u00e9ducation est l\u2019action th\u00e9rapeutique de r\u00e9tablir l\u2019usage d\u2019une fonction ou d\u2019un membre apr\u00e8s une blessure, ou chez un sujet souffrant d\u2019une d\u00e9ficience. Le r\u00f4le du service de r\u00e9\u00e9ducation est donc d\u2019am\u00e9liorer et d\u2019entretenir votre autonomie afin de vous permettre de r\u00e9aliser un maximum d\u2019activit\u00e9s de la vie quotidienne seul(e). Les [&hellip;]<\/p>\n","protected":false},"author":15,"featured_media":2209,"parent":0,"menu_order":0,"comment_status":"closed","ping_status":"closed","template":"pages-templates\/pages-boxes.php","meta":{"_coblocks_attr":"","_coblocks_dimensions":"","_coblocks_responsive_height":"","_coblocks_accordion_ie_support":""},"_links":{"self":[{"href":"https:\/\/ajl-asso.fr\/le-divit\/wp-json\/wp\/v2\/pages\/1427"}],"collection":[{"href":"https:\/\/ajl-asso.fr\/le-divit\/wp-json\/wp\/v2\/pages"}],"about":[{"href":"https:\/\/ajl-asso.fr\/le-divit\/wp-json\/wp\/v2\/types\/page"}],"author":[{"embeddable":true,"href":"https:\/\/ajl-asso.fr\/le-divit\/wp-json\/wp\/v2\/users\/15"}],"replies":[{"embeddable":true,"href":"https:\/\/ajl-asso.fr\/le-divit\/wp-json\/wp\/v2\/comments?post=1427"}],"version-history":[{"count":14,"href":"https:\/\/ajl-asso.fr\/le-divit\/wp-json\/wp\/v2\/pages\/1427\/revisions"}],"predecessor-version":[{"id":2210,"href":"https:\/\/ajl-asso.fr\/le-divit\/wp-json\/wp\/v2\/pages\/1427\/revisions\/2210"}],"wp:featuredmedia":[{"embeddable":true,"href":"https:\/\/ajl-asso.fr\/le-divit\/wp-json\/wp\/v2\/media\/2209"}],"wp:attachment":[{"href":"https:\/\/ajl-asso.fr\/le-divit\/wp-json\/wp\/v2\/media?parent=1427"}],"curies":[{"name":"wp","href":"https:\/\/api.w.org\/{rel}","templated":true}]}}