{"id":1434,"date":"2025-12-04T16:01:43","date_gmt":"2025-12-04T15:01:43","guid":{"rendered":"https:\/\/ajl-asso.fr\/le-divit\/?page_id=1434"},"modified":"2026-02-13T13:40:30","modified_gmt":"2026-02-13T12:40:30","slug":"notre-etablissement","status":"publish","type":"page","link":"https:\/\/ajl-asso.fr\/le-divit\/notre-etablissement\/","title":{"rendered":"L&rsquo;\u00e9tablissement"},"content":{"rendered":"\n<p>L\u2019Etablissement de Sant\u00e9 \u00ab&nbsp;Le Divit&nbsp;\u00bb de Ploemeur a \u00e9t\u00e9 cr\u00e9\u00e9 par la Caisse Nationale Militaire de S\u00e9curit\u00e9 Sociale, propri\u00e9taire, qui en a confi\u00e9 la gestion \u00e0 l\u2019Association Jean lachenaud.<\/p>\n\n\n\n<p>C\u2019est un \u00e9tablissement sanitaire \u00e0 vocation g\u00e9riatrique de statut priv\u00e9 \u00e0 but non lucratif qui dispose \u00e0 son ouverture, en 1977, d\u2019une unit\u00e9 de 80 lits de Soins de Suite et de R\u00e9adaptation.<\/p>\n\n\n\n<p>D\u00e9but 2000, une unit\u00e9 de 40 places de Soins de Longue Dur\u00e9e a \u00e9t\u00e9 inaugur\u00e9e.<\/p>\n\n\n\n<p>Depuis 2010, cette unit\u00e9 s&rsquo;est transform\u00e9e en EHPAD de 42 lits.<\/p>\n\n\n\n<p>En 2022, une unit\u00e9 de soins palliatifs (USP) de 10 lits avec une vocation territoriale a \u00e9t\u00e9 inaugur\u00e9e au sein de l&rsquo;\u00e9tablissement. Le service de soins de suite et de r\u00e9adaptation passe \u00e0 70 lits.<\/p>\n\n\n\n<p>En 2023, l&rsquo;\u00e9tablissement accueil l&rsquo;\u00e9quipe mobile d&rsquo;accompagnement de soins palliatifs (EMASP) qui a aussi une vocation territoriale.<\/p>\n\n\n\n<p>En 2024, le service de soins de suite et de r\u00e9adaptation devient service m\u00e9dical de r\u00e9adaptation (SMR).<\/p>\n","protected":false},"excerpt":{"rendered":"<p>L\u2019Etablissement de Sant\u00e9 \u00ab&nbsp;Le Divit&nbsp;\u00bb de Ploemeur a \u00e9t\u00e9 cr\u00e9\u00e9 par la Caisse Nationale Militaire de S\u00e9curit\u00e9 Sociale, propri\u00e9taire, qui en a confi\u00e9 la gestion \u00e0 l\u2019Association Jean lachenaud. C\u2019est un \u00e9tablissement sanitaire \u00e0 vocation g\u00e9riatrique de statut priv\u00e9 \u00e0 but non lucratif qui dispose \u00e0 son ouverture, en 1977, d\u2019une unit\u00e9 de 80 lits [&hellip;]<\/p>\n","protected":false},"author":15,"featured_media":0,"parent":0,"menu_order":0,"comment_status":"closed","ping_status":"closed","template":"","meta":{"_coblocks_attr":"","_coblocks_dimensions":"","_coblocks_responsive_height":"","_coblocks_accordion_ie_support":""},"_links":{"self":[{"href":"https:\/\/ajl-asso.fr\/le-divit\/wp-json\/wp\/v2\/pages\/1434"}],"collection":[{"href":"https:\/\/ajl-asso.fr\/le-divit\/wp-json\/wp\/v2\/pages"}],"about":[{"href":"https:\/\/ajl-asso.fr\/le-divit\/wp-json\/wp\/v2\/types\/page"}],"author":[{"embeddable":true,"href":"https:\/\/ajl-asso.fr\/le-divit\/wp-json\/wp\/v2\/users\/15"}],"replies":[{"embeddable":true,"href":"https:\/\/ajl-asso.fr\/le-divit\/wp-json\/wp\/v2\/comments?post=1434"}],"version-history":[{"count":4,"href":"https:\/\/ajl-asso.fr\/le-divit\/wp-json\/wp\/v2\/pages\/1434\/revisions"}],"predecessor-version":[{"id":1961,"href":"https:\/\/ajl-asso.fr\/le-divit\/wp-json\/wp\/v2\/pages\/1434\/revisions\/1961"}],"wp:attachment":[{"href":"https:\/\/ajl-asso.fr\/le-divit\/wp-json\/wp\/v2\/media?parent=1434"}],"curies":[{"name":"wp","href":"https:\/\/api.w.org\/{rel}","templated":true}]}}