{"id":1443,"date":"2025-12-04T16:19:22","date_gmt":"2025-12-04T15:19:22","guid":{"rendered":"https:\/\/ajl-asso.fr\/le-divit\/?page_id=1443"},"modified":"2026-02-20T15:17:07","modified_gmt":"2026-02-20T14:17:07","slug":"unite-de-soins-palliatifs-usp","status":"publish","type":"page","link":"https:\/\/ajl-asso.fr\/le-divit\/unite-de-soins-palliatifs-usp\/","title":{"rendered":"Unit\u00e9 de Soins Palliatifs (USP)"},"content":{"rendered":"\n<p><\/p>\n\n\n\n<p><\/p>\n\n\n\n<p style=\"font-size:16px\"><strong>L&rsquo;Unit\u00e9 de Soins Palliatifs (USP)<\/strong>  <\/p>\n\n\n\n<p style=\"font-size:14px\"><strong>Les Soins Palliatifs en quelques mots : <\/strong> C\u2019est une approche globale et respectueuse entre le patient, sa famille et l\u2019\u00e9quipe soignante, pour garantir une prise en charge physique et psychique ad\u00e9quate. Chaque membre de l\u2019\u00e9quipe est form\u00e9 pour r\u00e9pondre aux besoins sp\u00e9cifiques des patients et de leurs familles, en mettant l&rsquo;accent sur la dignit\u00e9 et le respect.<\/p>\n\n\n\n<p style=\"font-size:15px\"><\/p>\n\n\n\n<hr class=\"wp-block-separator has-text-color has-white-color has-alpha-channel-opacity has-white-background-color has-background\" \/>\n\n\n\n<p style=\"font-size:15px\"><strong><u>Une Unit\u00e9 de Soins Palliatifs dans un cadre moderne et arbor\u00e9<\/u><\/strong><\/p>\n\n\n\n<p style=\"font-size:15px\">Notre unit\u00e9 de soins palliatifs, inaugur\u00e9e en 2022, dispose de dix chambres spacieuses, offrant une vue apaisante sur le parc de l\u2019\u00e9tablissement, favorisant ainsi le repos et les moments de partage en famille.<\/p>\n\n\n\n<p><\/p>\n\n\n\n<div class=\"wp-block-media-text alignwide has-media-on-the-right is-stacked-on-mobile\" style=\"grid-template-columns:auto 45%\"><figure class=\"wp-block-media-text__media\"><img loading=\"lazy\" width=\"1024\" height=\"766\" src=\"https:\/\/ajl-asso.fr\/wp-content\/uploads\/sites\/3\/2024\/01\/CHAMBRE-USP-1024x766.jpg\" alt=\"\" class=\"wp-image-898 size-full\" srcset=\"https:\/\/ajl-asso.fr\/wp-content\/uploads\/sites\/3\/2024\/01\/CHAMBRE-USP-1024x766.jpg 1024w, https:\/\/ajl-asso.fr\/wp-content\/uploads\/sites\/3\/2024\/01\/CHAMBRE-USP-300x224.jpg 300w, https:\/\/ajl-asso.fr\/wp-content\/uploads\/sites\/3\/2024\/01\/CHAMBRE-USP-768x574.jpg 768w, https:\/\/ajl-asso.fr\/wp-content\/uploads\/sites\/3\/2024\/01\/CHAMBRE-USP-1536x1149.jpg 1536w, https:\/\/ajl-asso.fr\/wp-content\/uploads\/sites\/3\/2024\/01\/CHAMBRE-USP-2048x1532.jpg 2048w, https:\/\/ajl-asso.fr\/wp-content\/uploads\/sites\/3\/2024\/01\/CHAMBRE-USP-275x206.jpg 275w\" sizes=\"(max-width: 1024px) 100vw, 1024px\" \/><\/figure><div class=\"wp-block-media-text__content\">\n<p style=\"font-size:14px\"><strong><em>Chambres individuelles lumineuse<\/em><\/strong><em><strong>s<\/strong><\/em> avec balcon donnant sur un parc arbor\u00e9 (10 chambres).<\/p>\n\n\n\n<p style=\"font-size:14px\"><em><strong>Salons \u00e0 disposition des familles<\/strong><\/em> pour des moments de d\u00e9tente.<\/p>\n\n\n\n<p style=\"font-size:14px\"><em><strong>Grande salle de bain \u00e9quip\u00e9e <\/strong><\/em>d&rsquo;une baignoire pour des soins de baln\u00e9oth\u00e9rapie.<\/p>\n\n\n\n<p style=\"font-size:14px\"><em><strong>Espace sp\u00e9cifique pour accompagner les enfants<\/strong><\/em>.<\/p>\n<\/div><\/div>\n\n\n\n<div class=\"wp-block-media-text alignwide is-stacked-on-mobile\" style=\"grid-template-columns:48% auto\"><figure class=\"wp-block-media-text__media\"><img loading=\"lazy\" width=\"1024\" height=\"768\" src=\"https:\/\/ajl-asso.fr\/wp-content\/uploads\/sites\/3\/2024\/07\/bain-therapeutique_USP-1-1024x768.jpg\" alt=\"\" class=\"wp-image-1115 size-full\" srcset=\"https:\/\/ajl-asso.fr\/wp-content\/uploads\/sites\/3\/2024\/07\/bain-therapeutique_USP-1-1024x768.jpg 1024w, https:\/\/ajl-asso.fr\/wp-content\/uploads\/sites\/3\/2024\/07\/bain-therapeutique_USP-1-300x225.jpg 300w, https:\/\/ajl-asso.fr\/wp-content\/uploads\/sites\/3\/2024\/07\/bain-therapeutique_USP-1-768x576.jpg 768w, https:\/\/ajl-asso.fr\/wp-content\/uploads\/sites\/3\/2024\/07\/bain-therapeutique_USP-1-1536x1152.jpg 1536w, https:\/\/ajl-asso.fr\/wp-content\/uploads\/sites\/3\/2024\/07\/bain-therapeutique_USP-1-2048x1536.jpg 2048w, https:\/\/ajl-asso.fr\/wp-content\/uploads\/sites\/3\/2024\/07\/bain-therapeutique_USP-1-275x206.jpg 275w\" sizes=\"(max-width: 1024px) 100vw, 1024px\" \/><\/figure><div class=\"wp-block-media-text__content\">\n<p style=\"font-size:14px\">Elle offre un environnement adapt\u00e9 et chaleureux pour les patients en soins palliatifs, mettant l&rsquo;accent sur le soulagement des sympt\u00f4mes, le soutien aux familles et la qualit\u00e9 de vie. <\/p>\n\n\n\n<p><\/p>\n<\/div><\/div>\n\n\n\n<p><\/p>\n","protected":false},"excerpt":{"rendered":"<p>L&rsquo;Unit\u00e9 de Soins Palliatifs (USP) Les Soins Palliatifs en quelques mots : C\u2019est une approche globale et respectueuse entre le patient, sa famille et l\u2019\u00e9quipe soignante, pour garantir une prise en charge physique et psychique ad\u00e9quate. Chaque membre de l\u2019\u00e9quipe est form\u00e9 pour r\u00e9pondre aux besoins sp\u00e9cifiques des patients et de leurs familles, en mettant [&hellip;]<\/p>\n","protected":false},"author":15,"featured_media":0,"parent":0,"menu_order":0,"comment_status":"closed","ping_status":"closed","template":"pages-templates\/pages-boxes.php","meta":{"_coblocks_attr":"","_coblocks_dimensions":"","_coblocks_responsive_height":"","_coblocks_accordion_ie_support":""},"_links":{"self":[{"href":"https:\/\/ajl-asso.fr\/le-divit\/wp-json\/wp\/v2\/pages\/1443"}],"collection":[{"href":"https:\/\/ajl-asso.fr\/le-divit\/wp-json\/wp\/v2\/pages"}],"about":[{"href":"https:\/\/ajl-asso.fr\/le-divit\/wp-json\/wp\/v2\/types\/page"}],"author":[{"embeddable":true,"href":"https:\/\/ajl-asso.fr\/le-divit\/wp-json\/wp\/v2\/users\/15"}],"replies":[{"embeddable":true,"href":"https:\/\/ajl-asso.fr\/le-divit\/wp-json\/wp\/v2\/comments?post=1443"}],"version-history":[{"count":77,"href":"https:\/\/ajl-asso.fr\/le-divit\/wp-json\/wp\/v2\/pages\/1443\/revisions"}],"predecessor-version":[{"id":2262,"href":"https:\/\/ajl-asso.fr\/le-divit\/wp-json\/wp\/v2\/pages\/1443\/revisions\/2262"}],"wp:attachment":[{"href":"https:\/\/ajl-asso.fr\/le-divit\/wp-json\/wp\/v2\/media?parent=1443"}],"curies":[{"name":"wp","href":"https:\/\/api.w.org\/{rel}","templated":true}]}}