{"id":1523,"date":"2025-12-05T11:04:18","date_gmt":"2025-12-05T10:04:18","guid":{"rendered":"https:\/\/ajl-asso.fr\/le-divit\/?page_id=1523"},"modified":"2026-02-13T13:39:55","modified_gmt":"2026-02-13T12:39:55","slug":"notre-projet-detablissement","status":"publish","type":"page","link":"https:\/\/ajl-asso.fr\/le-divit\/notre-projet-detablissement\/","title":{"rendered":"Le projet d&rsquo;\u00e9tablissement"},"content":{"rendered":"<div class=\"wp-block-image\">\n<figure class=\"alignleft size-full is-resized\"><a href=\"https:\/\/ajl-asso.fr\/wp-content\/uploads\/sites\/3\/2025\/12\/PE-2024-2028-Projet-detablissement.pdf\"><img loading=\"lazy\" src=\"https:\/\/ajl-asso.fr\/wp-content\/uploads\/sites\/3\/2025\/12\/Projet-image-.png\" alt=\"\" class=\"wp-image-1547\" width=\"318\" height=\"453\" srcset=\"https:\/\/ajl-asso.fr\/wp-content\/uploads\/sites\/3\/2025\/12\/Projet-image-.png 531w, https:\/\/ajl-asso.fr\/wp-content\/uploads\/sites\/3\/2025\/12\/Projet-image--210x300.png 210w, https:\/\/ajl-asso.fr\/wp-content\/uploads\/sites\/3\/2025\/12\/Projet-image--144x206.png 144w\" sizes=\"(max-width: 318px) 100vw, 318px\" \/><\/a><\/figure><\/div>\n\n\n<p class=\"has-text-align-left\"><strong>Le Mot du directeur de l\u2019\u00e9tablissement<\/strong><br><\/p>\n\n\n\n<p class=\"has-text-align-left\">\u00ab\u00a0Fruit d\u2019un travail de concertation et de r\u00e9flexion important, le pr\u00e9sent projet d\u2019\u00e9tablissement couvre la p\u00e9riode 2024-2028. Nous tenons \u00e0 remercier pour leur implication tous les acteurs hospitaliers qui ont particip\u00e9 \u00e0 l\u2019\u00e9laboration de ce projet ainsi que l\u2019ensemble des professionnels qui, au regard de leurs comp\u00e9tences et de leur engagement constant, contribueront \u00e0 sa mise en \u0153uvre.<br>Ce projet d\u2019\u00e9tablissement constitue une \u00e9tape essentielle de la vie de notre \u00e9tablissement. S\u2019appuyant sur des valeurs partag\u00e9es, il permet de mettre en \u00e9vidence les orientations strat\u00e9giques qui doivent nous guider quotidiennement et nous pr\u00e9parer aux \u00e9volutions \u00e0 venir.<br>Ancr\u00e9 dans son territoire et acteur reconnu aupr\u00e8s des acteurs de sant\u00e9 et de la population, l\u2019\u00c9tablissement de Sant\u00e9 LE DIVIT souhaite poursuivre ses missions de service public en r\u00e9pondant aux besoins en sant\u00e9 du territoire de proximit\u00e9 tout en poursuivant le d\u00e9veloppement de ses activit\u00e9s.<br>Ce projet est notre feuille de route pour les ann\u00e9es \u00e0 venir, d\u00e9finissant nos priorit\u00e9s en mati\u00e8re de qualit\u00e9 des soins, d&rsquo;innovation, et d\u2019humanisation des services. Nous nous engageons \u00e0 renforcer nos actions pour assurer la s\u00e9curit\u00e9 et le bien-\u00eatre de nos patients, tout en soutenant nos \u00e9quipes dans leur d\u00e9veloppement professionnel.<br>Ensemble, nous continuerons \u00e0 b\u00e2tir un avenir o\u00f9 excellence, innovation et humanit\u00e9 se conjuguent pour offrir le meilleur de la sant\u00e9 \u00e0 notre communaut\u00e9\u00a0\u00bb.  <strong>M. Laurent CHARLES<\/strong><\/p>\n","protected":false},"excerpt":{"rendered":"<p>Le Mot du directeur de l\u2019\u00e9tablissement \u00ab\u00a0Fruit d\u2019un travail de concertation et de r\u00e9flexion important, le pr\u00e9sent projet d\u2019\u00e9tablissement couvre la p\u00e9riode 2024-2028. Nous tenons \u00e0 remercier pour leur implication tous les acteurs hospitaliers qui ont particip\u00e9 \u00e0 l\u2019\u00e9laboration de ce projet ainsi que l\u2019ensemble des professionnels qui, au regard de leurs comp\u00e9tences et de [&hellip;]<\/p>\n","protected":false},"author":15,"featured_media":0,"parent":0,"menu_order":0,"comment_status":"closed","ping_status":"closed","template":"","meta":{"_coblocks_attr":"","_coblocks_dimensions":"","_coblocks_responsive_height":"","_coblocks_accordion_ie_support":""},"_links":{"self":[{"href":"https:\/\/ajl-asso.fr\/le-divit\/wp-json\/wp\/v2\/pages\/1523"}],"collection":[{"href":"https:\/\/ajl-asso.fr\/le-divit\/wp-json\/wp\/v2\/pages"}],"about":[{"href":"https:\/\/ajl-asso.fr\/le-divit\/wp-json\/wp\/v2\/types\/page"}],"author":[{"embeddable":true,"href":"https:\/\/ajl-asso.fr\/le-divit\/wp-json\/wp\/v2\/users\/15"}],"replies":[{"embeddable":true,"href":"https:\/\/ajl-asso.fr\/le-divit\/wp-json\/wp\/v2\/comments?post=1523"}],"version-history":[{"count":13,"href":"https:\/\/ajl-asso.fr\/le-divit\/wp-json\/wp\/v2\/pages\/1523\/revisions"}],"predecessor-version":[{"id":1960,"href":"https:\/\/ajl-asso.fr\/le-divit\/wp-json\/wp\/v2\/pages\/1523\/revisions\/1960"}],"wp:attachment":[{"href":"https:\/\/ajl-asso.fr\/le-divit\/wp-json\/wp\/v2\/media?parent=1523"}],"curies":[{"name":"wp","href":"https:\/\/api.w.org\/{rel}","templated":true}]}}