{"id":1769,"date":"2026-01-27T14:42:39","date_gmt":"2026-01-27T13:42:39","guid":{"rendered":"https:\/\/ajl-asso.fr\/le-divit\/?page_id=1769"},"modified":"2026-03-10T14:45:54","modified_gmt":"2026-03-10T13:45:54","slug":"prevention-des-chutes","status":"publish","type":"page","link":"https:\/\/ajl-asso.fr\/le-divit\/prevention-des-chutes\/","title":{"rendered":"Ateliers pr\u00e9vention des chutes"},"content":{"rendered":"\n<p class=\"has-text-align-left\" style=\"font-size:24px\"><strong>Ateliers pr\u00e9vention des chutes :<\/strong> Un module GRATUIT pour garder l\u2019\u00e9quilibre et l\u2019assurance&nbsp;!<\/p>\n\n\n\n<div class=\"wp-block-getwid-section\"><div class=\"wp-block-getwid-section__wrapper\" style=\"margin-left:0px;margin-right:0px;padding-top:1px;padding-bottom:1px;padding-left:4px;padding-right:0px\"><div class=\"wp-block-getwid-section__inner-wrapper\"><div class=\"wp-block-getwid-section__background-holder\"><div class=\"wp-block-getwid-section__background has-background has-white-background-color\"><\/div><div class=\"wp-block-getwid-section__foreground\"><\/div><\/div><div class=\"wp-block-getwid-section__content\"><div class=\"wp-block-getwid-section__inner-content\"><\/div><\/div><\/div><\/div><\/div>\n\n\n\n<div class=\"wp-block-getwid-section\"><div class=\"wp-block-getwid-section__wrapper\"><div class=\"wp-block-getwid-section__inner-wrapper\"><div class=\"wp-block-getwid-section__background-holder\"><div class=\"wp-block-getwid-section__background\"><\/div><div class=\"wp-block-getwid-section__foreground\"><\/div><\/div><div class=\"wp-block-getwid-section__content\"><div class=\"wp-block-getwid-section__inner-content\"><\/div><\/div><\/div><\/div><\/div>\n\n\n\n<p>Situ\u00e9 \u00e0 Ploemeur, notre \u00e9tablissement souhaite renforcer la collaboration avec les professionnels de sant\u00e9 du territoire afin de garantir un acc\u00e8s optimal aux soins pour tous.<\/p>\n\n\n\n<p>En collaboration avec le CCAS de Ploemeur et de Larmor-Plage, nous proposons <strong>aux ploemeurois et aux Larmoriens de 65 ans et + vivant \u00e0 domicile<\/strong>, un module GRATUIT compos\u00e9 de 2 s\u00e9ances, avec l\u2019intervention de 3 professionnels de mani\u00e8re coordonn\u00e9e et pluridisciplinaire, pour r\u00e9pondre au caract\u00e8re multifactoriel de la chute.<\/p>\n\n\n\n<div class=\"wp-block-getwid-section\"><div class=\"wp-block-getwid-section__wrapper\"><div class=\"wp-block-getwid-section__inner-wrapper\"><div class=\"wp-block-getwid-section__background-holder\"><div class=\"wp-block-getwid-section__background\"><\/div><div class=\"wp-block-getwid-section__foreground\"><\/div><\/div><div class=\"wp-block-getwid-section__content\"><div class=\"wp-block-getwid-section__inner-content\"><\/div><\/div><\/div><\/div><\/div>\n\n\n\n<p><\/p>\n\n\n<div class=\"wp-bootstrap-blocks-row row\">\n\t\n\n<div class=\"col-12\">\n\t\t\t\n\n<div class=\"wp-container-5 wp-block-columns\">\n<div class=\"wp-container-3 wp-block-column\" style=\"flex-basis:33.33%\">\n<figure class=\"wp-container-2 wp-block-gallery-1 wp-block-gallery has-nested-images columns-default is-cropped\">\n<figure class=\"wp-block-image size-full\"><img loading=\"lazy\" width=\"178\" height=\"178\" src=\"https:\/\/ajl-asso.fr\/wp-content\/uploads\/sites\/3\/2026\/02\/Capture-decran-2026-02-12-152657-edited.png\" alt=\"\" class=\"wp-image-1906\" srcset=\"https:\/\/ajl-asso.fr\/wp-content\/uploads\/sites\/3\/2026\/02\/Capture-decran-2026-02-12-152657-edited.png 178w, https:\/\/ajl-asso.fr\/wp-content\/uploads\/sites\/3\/2026\/02\/Capture-decran-2026-02-12-152657-edited-150x150.png 150w\" sizes=\"(max-width: 178px) 100vw, 178px\" \/><\/figure>\n<\/figure>\n<\/div>\n\n\n\n<div class=\"wp-container-4 wp-block-column\" style=\"flex-basis:66.66%\">\n<p>Nos ateliers PR\u00c9VENTION DES CHUTES comprennent :<\/p>\n\n\n\n<ul><li>\u00ab Apprendre \u00e0 bien manger pour bien bouger \u00bb,<strong> les mardis de 10h \u00e0 11h<\/strong>, anim\u00e9 par une di\u00e9t\u00e9ticienne et un enseignant en Activit\u00e9 Physique Adapt\u00e9e.<\/li><\/ul>\n\n\n\n<ul><li>\u00ab Sensibilisation et information \u00bb avec un ergoth\u00e9rapeute, <strong>les mardis de 11h \u00e0 12h.<\/strong><\/li><\/ul>\n\n\n\n<ul><li>\u00ab Atelier APA \u00bb, <strong>les jeudis de 11h \u00e0 12h.<\/strong><\/li><\/ul>\n<\/div>\n<\/div>\n\n\t<\/div>\n\n<\/div>\n\n\n\n<p><strong>RESERVATION OBLIGATOIRE <\/strong>via le CCAS de Ploemeur ou de Larmor-Plage. <\/p>\n\n\n\n<div class=\"wp-container-10 wp-block-columns\">\n<div class=\"wp-container-9 wp-block-column\" style=\"flex-basis:100%\"><div class=\"wp-bootstrap-blocks-row row\">\n\t\n\n<div class=\"col-12 col-md-12\">\n\t\t\t\t<\/div>\n\n\n\n<div class=\"col-12\">\n\t\t\t\n\n<div class=\"wp-container-8 wp-block-columns\">\n<div class=\"wp-container-6 wp-block-column\">\n<figure class=\"wp-block-image size-full is-resized\"><a href=\"https:\/\/ajl-asso.fr\/wp-content\/uploads\/sites\/3\/2026\/03\/Capture-decran-2026-03-04-141841.png\"><img loading=\"lazy\" src=\"https:\/\/ajl-asso.fr\/wp-content\/uploads\/sites\/3\/2026\/03\/Capture-decran-2026-03-04-141841.png\" alt=\"\" class=\"wp-image-2399\" width=\"382\" height=\"546\" srcset=\"https:\/\/ajl-asso.fr\/wp-content\/uploads\/sites\/3\/2026\/03\/Capture-decran-2026-03-04-141841.png 553w, https:\/\/ajl-asso.fr\/wp-content\/uploads\/sites\/3\/2026\/03\/Capture-decran-2026-03-04-141841-209x300.png 209w, https:\/\/ajl-asso.fr\/wp-content\/uploads\/sites\/3\/2026\/03\/Capture-decran-2026-03-04-141841-144x206.png 144w\" sizes=\"(max-width: 382px) 100vw, 382px\" \/><\/a><\/figure>\n<\/div>\n\n\n\n<div class=\"wp-container-7 wp-block-column\">\n<figure class=\"wp-block-image size-full is-resized\"><a href=\"https:\/\/ajl-asso.fr\/wp-content\/uploads\/sites\/3\/2026\/03\/Capture-decran-2026-03-04-142030.png\"><img loading=\"lazy\" src=\"https:\/\/ajl-asso.fr\/wp-content\/uploads\/sites\/3\/2026\/03\/Capture-decran-2026-03-04-142030.png\" alt=\"\" class=\"wp-image-2400\" width=\"410\" height=\"584\" srcset=\"https:\/\/ajl-asso.fr\/wp-content\/uploads\/sites\/3\/2026\/03\/Capture-decran-2026-03-04-142030.png 551w, https:\/\/ajl-asso.fr\/wp-content\/uploads\/sites\/3\/2026\/03\/Capture-decran-2026-03-04-142030-210x300.png 210w, https:\/\/ajl-asso.fr\/wp-content\/uploads\/sites\/3\/2026\/03\/Capture-decran-2026-03-04-142030-144x206.png 144w\" sizes=\"(max-width: 410px) 100vw, 410px\" \/><\/a><figcaption>Source : PDF &#8211; Ville de Ploemeur<\/figcaption><\/figure>\n<\/div>\n<\/div>\n\n\t<\/div>\n\n<\/div>\n<\/div>\n<\/div>\n\n\n\n<p>Un temps d\u2019information et de pr\u00e9vention,&nbsp;<strong>pour rester autonome et en confiance<\/strong>&nbsp;!<\/p>\n\n\n\n<div class=\"wp-block-getwid-section\"><div class=\"wp-block-getwid-section__wrapper\"><div class=\"wp-block-getwid-section__inner-wrapper\"><div class=\"wp-block-getwid-section__background-holder\"><div class=\"wp-block-getwid-section__background\"><\/div><div class=\"wp-block-getwid-section__foreground\"><\/div><\/div><div class=\"wp-block-getwid-section__content\"><div class=\"wp-block-getwid-section__inner-content\"><\/div><\/div><\/div><\/div><\/div>\n","protected":false},"excerpt":{"rendered":"<p>Ateliers pr\u00e9vention des chutes : Un module GRATUIT pour garder l\u2019\u00e9quilibre et l\u2019assurance&nbsp;! Situ\u00e9 \u00e0 Ploemeur, notre \u00e9tablissement souhaite renforcer la collaboration avec les professionnels de sant\u00e9 du territoire afin de garantir un acc\u00e8s optimal aux soins pour tous. En collaboration avec le CCAS de Ploemeur et de Larmor-Plage, nous proposons aux ploemeurois et aux [&hellip;]<\/p>\n","protected":false},"author":15,"featured_media":1859,"parent":0,"menu_order":0,"comment_status":"closed","ping_status":"closed","template":"pages-templates\/pages-boxes-2.php","meta":{"_coblocks_attr":"","_coblocks_dimensions":"","_coblocks_responsive_height":"","_coblocks_accordion_ie_support":""},"_links":{"self":[{"href":"https:\/\/ajl-asso.fr\/le-divit\/wp-json\/wp\/v2\/pages\/1769"}],"collection":[{"href":"https:\/\/ajl-asso.fr\/le-divit\/wp-json\/wp\/v2\/pages"}],"about":[{"href":"https:\/\/ajl-asso.fr\/le-divit\/wp-json\/wp\/v2\/types\/page"}],"author":[{"embeddable":true,"href":"https:\/\/ajl-asso.fr\/le-divit\/wp-json\/wp\/v2\/users\/15"}],"replies":[{"embeddable":true,"href":"https:\/\/ajl-asso.fr\/le-divit\/wp-json\/wp\/v2\/comments?post=1769"}],"version-history":[{"count":62,"href":"https:\/\/ajl-asso.fr\/le-divit\/wp-json\/wp\/v2\/pages\/1769\/revisions"}],"predecessor-version":[{"id":2419,"href":"https:\/\/ajl-asso.fr\/le-divit\/wp-json\/wp\/v2\/pages\/1769\/revisions\/2419"}],"wp:featuredmedia":[{"embeddable":true,"href":"https:\/\/ajl-asso.fr\/le-divit\/wp-json\/wp\/v2\/media\/1859"}],"wp:attachment":[{"href":"https:\/\/ajl-asso.fr\/le-divit\/wp-json\/wp\/v2\/media?parent=1769"}],"curies":[{"name":"wp","href":"https:\/\/api.w.org\/{rel}","templated":true}]}}