{"id":1911,"date":"2026-02-12T15:40:10","date_gmt":"2026-02-12T14:40:10","guid":{"rendered":"https:\/\/ajl-asso.fr\/le-divit\/?page_id=1911"},"modified":"2026-03-17T11:51:57","modified_gmt":"2026-03-17T10:51:57","slug":"bien-veillir","status":"publish","type":"page","link":"https:\/\/ajl-asso.fr\/le-divit\/bien-veillir\/","title":{"rendered":"Nos ateliers pr\u00e9vention sant\u00e9"},"content":{"rendered":"\n<p><strong>Bien vieillir \u00e0 Ploemeur : Le Divit s\u2019engage pour votre bien-\u00eatre<\/strong><\/p>\n\n\n\n<p>L\u2019h\u00f4pital Le Divit, reconnu comme \u00ab H\u00f4pital de proximit\u00e9 \u00bb en 2024, souhaite renforcer son r\u00f4le aupr\u00e8s de la communaut\u00e9 en allant au-del\u00e0 des soins m\u00e9dicaux. En partenariat avec la ville de Ploemeur, il propose gratuitement des actions concr\u00e8tes pour vous accompagner dans votre quotidien.<\/p>\n\n\n\n<p>Nous organisons notamment des ateliers pour pr\u00e9venir les chutes et des activit\u00e9s pour lutter contre l\u2019isolement. Notre objectif est simple : vous aider \u00e0 pr\u00e9server votre autonomie, \u00e0 maintenir des liens sociaux et \u00e0 vivre en toute s\u00e9curit\u00e9, dans une d\u00e9marche humaine, solidaire et adapt\u00e9e \u00e0 vos besoins. N\u2019h\u00e9sitez&nbsp;pas \u00e0 vous informer et \u00e0 participer \u00e0 nos initiatives pour mieux vivre votre \u00e2ge, avec des solutions accessibles et \u00e0 votre \u00e9coute<\/p>\n","protected":false},"excerpt":{"rendered":"<p>Bien vieillir \u00e0 Ploemeur : Le Divit s\u2019engage pour votre bien-\u00eatre L\u2019h\u00f4pital Le Divit, reconnu comme \u00ab H\u00f4pital de proximit\u00e9 \u00bb en 2024, souhaite renforcer son r\u00f4le aupr\u00e8s de la communaut\u00e9 en allant au-del\u00e0 des soins m\u00e9dicaux. En partenariat avec la ville de Ploemeur, il propose gratuitement des actions concr\u00e8tes pour vous accompagner dans votre [&hellip;]<\/p>\n","protected":false},"author":15,"featured_media":0,"parent":0,"menu_order":0,"comment_status":"closed","ping_status":"closed","template":"","meta":{"_coblocks_attr":"","_coblocks_dimensions":"","_coblocks_responsive_height":"","_coblocks_accordion_ie_support":""},"_links":{"self":[{"href":"https:\/\/ajl-asso.fr\/le-divit\/wp-json\/wp\/v2\/pages\/1911"}],"collection":[{"href":"https:\/\/ajl-asso.fr\/le-divit\/wp-json\/wp\/v2\/pages"}],"about":[{"href":"https:\/\/ajl-asso.fr\/le-divit\/wp-json\/wp\/v2\/types\/page"}],"author":[{"embeddable":true,"href":"https:\/\/ajl-asso.fr\/le-divit\/wp-json\/wp\/v2\/users\/15"}],"replies":[{"embeddable":true,"href":"https:\/\/ajl-asso.fr\/le-divit\/wp-json\/wp\/v2\/comments?post=1911"}],"version-history":[{"count":3,"href":"https:\/\/ajl-asso.fr\/le-divit\/wp-json\/wp\/v2\/pages\/1911\/revisions"}],"predecessor-version":[{"id":2424,"href":"https:\/\/ajl-asso.fr\/le-divit\/wp-json\/wp\/v2\/pages\/1911\/revisions\/2424"}],"wp:attachment":[{"href":"https:\/\/ajl-asso.fr\/le-divit\/wp-json\/wp\/v2\/media?parent=1911"}],"curies":[{"name":"wp","href":"https:\/\/api.w.org\/{rel}","templated":true}]}}