{"id":1934,"date":"2026-02-13T10:37:40","date_gmt":"2026-02-13T09:37:40","guid":{"rendered":"https:\/\/ajl-asso.fr\/le-divit\/?page_id=1934"},"modified":"2026-03-04T14:12:14","modified_gmt":"2026-03-04T13:12:14","slug":"__trashed-8","status":"publish","type":"page","link":"https:\/\/ajl-asso.fr\/le-divit\/__trashed-8\/","title":{"rendered":"Animations collectives au Divit"},"content":{"rendered":"\n<p><\/p>\n\n\n\n<p style=\"font-size:19px\"><strong>Lutter contre l\u2019isolement des seniors :<\/strong> l\u2019Etablissement de sant\u00e9 Le Divit ouvre ses portes au territoire.<\/p>\n\n\n\n<p>Depuis l\u2019obtention de son label \u00ab H\u00f4pital de proximit\u00e9 \u00bb, l\u2019\u00e9tablissement de sant\u00e9 Le Divit confirme son  r\u00f4le d\u2019acteur majeur de la sant\u00e9 locale. En partenariat avec la Ville de Ploemeur, cette nouvelle initiative s\u2019inscrit pleinement dans la politique du \u00ab Bien vieillir \u00bb port\u00e9e par le CCAS de Ploemeur. Apr\u00e8s une premi\u00e8re collaboration r\u00e9ussie autour de la pr\u00e9vention des chutes, un nouveau partenariat de proximit\u00e9 verra le jour en avril 2026, avec la mise en place d\u2019ateliers de lutte contre l\u2019isolement des personnes \u00e2g\u00e9e<\/p>\n","protected":false},"excerpt":{"rendered":"<p>Lutter contre l\u2019isolement des seniors : l\u2019Etablissement de sant\u00e9 Le Divit ouvre ses portes au territoire. Depuis l\u2019obtention de son label \u00ab H\u00f4pital de proximit\u00e9 \u00bb, l\u2019\u00e9tablissement de sant\u00e9 Le Divit confirme son r\u00f4le d\u2019acteur majeur de la sant\u00e9 locale. En partenariat avec la Ville de Ploemeur, cette nouvelle initiative s\u2019inscrit pleinement dans la politique [&hellip;]<\/p>\n","protected":false},"author":15,"featured_media":1955,"parent":0,"menu_order":0,"comment_status":"closed","ping_status":"closed","template":"pages-templates\/pages-boxes.php","meta":{"_coblocks_attr":"","_coblocks_dimensions":"","_coblocks_responsive_height":"","_coblocks_accordion_ie_support":""},"_links":{"self":[{"href":"https:\/\/ajl-asso.fr\/le-divit\/wp-json\/wp\/v2\/pages\/1934"}],"collection":[{"href":"https:\/\/ajl-asso.fr\/le-divit\/wp-json\/wp\/v2\/pages"}],"about":[{"href":"https:\/\/ajl-asso.fr\/le-divit\/wp-json\/wp\/v2\/types\/page"}],"author":[{"embeddable":true,"href":"https:\/\/ajl-asso.fr\/le-divit\/wp-json\/wp\/v2\/users\/15"}],"replies":[{"embeddable":true,"href":"https:\/\/ajl-asso.fr\/le-divit\/wp-json\/wp\/v2\/comments?post=1934"}],"version-history":[{"count":46,"href":"https:\/\/ajl-asso.fr\/le-divit\/wp-json\/wp\/v2\/pages\/1934\/revisions"}],"predecessor-version":[{"id":2383,"href":"https:\/\/ajl-asso.fr\/le-divit\/wp-json\/wp\/v2\/pages\/1934\/revisions\/2383"}],"wp:featuredmedia":[{"embeddable":true,"href":"https:\/\/ajl-asso.fr\/le-divit\/wp-json\/wp\/v2\/media\/1955"}],"wp:attachment":[{"href":"https:\/\/ajl-asso.fr\/le-divit\/wp-json\/wp\/v2\/media?parent=1934"}],"curies":[{"name":"wp","href":"https:\/\/api.w.org\/{rel}","templated":true}]}}