{"id":22,"date":"2017-09-29T11:58:28","date_gmt":"2017-09-29T09:58:28","guid":{"rendered":"https:\/\/ajl-asso.fr\/le-divit\/?page_id=22"},"modified":"2026-02-18T09:45:52","modified_gmt":"2026-02-18T08:45:52","slug":"ssr","status":"publish","type":"page","link":"https:\/\/ajl-asso.fr\/le-divit\/ssr\/","title":{"rendered":"SMR"},"content":{"rendered":"Pr\u00e9sentation\n\nL\u2019unit\u00e9 de Soins M\u00e9dicaux et de R\u00e9adaptation accueille, pour une dur\u00e9e limit\u00e9e, des patients de plus de 60 ans, quelle que soit leur autonomie, provenant le plus souvent des h\u00f4pitaux et cliniques, apr\u00e8s la phase aigu\u00eb de leur maladie ou intervention chirurgicale.\n\nLeur \u00e9tat n\u00e9cessite des soins actifs (m\u00e9dicaux, infirmiers, de r\u00e9\u00e9ducation) sous surveillance m\u00e9dicale constante dans un objectif de r\u00e9adaptation en vue du retour dans leur cadre de vie habituel.\n\n<div class=\"wp-block-image\">\n<figure class=\"alignleft size-large is-resized\"><img loading=\"lazy\" class=\"wp-image-907\" src=\"https:\/\/ajl-asso.fr\/wp-content\/uploads\/sites\/3\/2024\/01\/EXTERIEUR-ARRIERE-SSR-1024x768.jpg\" alt=\"\" width=\"420\" height=\"315\" srcset=\"https:\/\/ajl-asso.fr\/wp-content\/uploads\/sites\/3\/2024\/01\/EXTERIEUR-ARRIERE-SSR-1024x768.jpg 1024w, https:\/\/ajl-asso.fr\/wp-content\/uploads\/sites\/3\/2024\/01\/EXTERIEUR-ARRIERE-SSR-300x225.jpg 300w, https:\/\/ajl-asso.fr\/wp-content\/uploads\/sites\/3\/2024\/01\/EXTERIEUR-ARRIERE-SSR-768x576.jpg 768w, https:\/\/ajl-asso.fr\/wp-content\/uploads\/sites\/3\/2024\/01\/EXTERIEUR-ARRIERE-SSR-1536x1152.jpg 1536w, https:\/\/ajl-asso.fr\/wp-content\/uploads\/sites\/3\/2024\/01\/EXTERIEUR-ARRIERE-SSR-2048x1536.jpg 2048w, https:\/\/ajl-asso.fr\/wp-content\/uploads\/sites\/3\/2024\/01\/EXTERIEUR-ARRIERE-SSR-275x206.jpg 275w\" sizes=\"(max-width: 420px) 100vw, 420px\" \/><\/figure><\/div> \n<figure class=\"wp-block-image is-resized\"><img loading=\"lazy\" class=\"wp-image-1736\" src=\"https:\/\/ajl-asso.fr\/wp-content\/uploads\/sites\/3\/2026\/01\/20240423_082134-scaled.jpg\" alt=\"\" width=\"201\" height=\"151\" srcset=\"https:\/\/ajl-asso.fr\/wp-content\/uploads\/sites\/3\/2026\/01\/20240423_082134-scaled.jpg 2560w, https:\/\/ajl-asso.fr\/wp-content\/uploads\/sites\/3\/2026\/01\/20240423_082134-300x225.jpg 300w, https:\/\/ajl-asso.fr\/wp-content\/uploads\/sites\/3\/2026\/01\/20240423_082134-1024x768.jpg 1024w, https:\/\/ajl-asso.fr\/wp-content\/uploads\/sites\/3\/2026\/01\/20240423_082134-768x576.jpg 768w, https:\/\/ajl-asso.fr\/wp-content\/uploads\/sites\/3\/2026\/01\/20240423_082134-1536x1152.jpg 1536w, https:\/\/ajl-asso.fr\/wp-content\/uploads\/sites\/3\/2026\/01\/20240423_082134-2048x1536.jpg 2048w, https:\/\/ajl-asso.fr\/wp-content\/uploads\/sites\/3\/2026\/01\/20240423_082134-275x206.jpg 275w\" sizes=\"(max-width: 201px) 100vw, 201px\" \/><\/figure>\n \n<figure class=\"wp-block-image is-resized\"><img loading=\"lazy\" class=\"wp-image-1739\" src=\"https:\/\/ajl-asso.fr\/wp-content\/uploads\/sites\/3\/2026\/01\/20240423_083218-scaled.jpg\" alt=\"\" width=\"202\" height=\"152\" srcset=\"https:\/\/ajl-asso.fr\/wp-content\/uploads\/sites\/3\/2026\/01\/20240423_083218-scaled.jpg 2560w, https:\/\/ajl-asso.fr\/wp-content\/uploads\/sites\/3\/2026\/01\/20240423_083218-300x225.jpg 300w, https:\/\/ajl-asso.fr\/wp-content\/uploads\/sites\/3\/2026\/01\/20240423_083218-1024x768.jpg 1024w, https:\/\/ajl-asso.fr\/wp-content\/uploads\/sites\/3\/2026\/01\/20240423_083218-768x576.jpg 768w, https:\/\/ajl-asso.fr\/wp-content\/uploads\/sites\/3\/2026\/01\/20240423_083218-1536x1152.jpg 1536w, https:\/\/ajl-asso.fr\/wp-content\/uploads\/sites\/3\/2026\/01\/20240423_083218-2048x1536.jpg 2048w, https:\/\/ajl-asso.fr\/wp-content\/uploads\/sites\/3\/2026\/01\/20240423_083218-275x206.jpg 275w\" sizes=\"(max-width: 202px) 100vw, 202px\" \/><\/figure>\n","protected":false},"excerpt":{"rendered":"<p>Pr\u00e9sentation L\u2019unit\u00e9 de Soins M\u00e9dicaux et de R\u00e9adaptation accueille, pour une dur\u00e9e limit\u00e9e, des patients de plus de 60 ans, quelle que soit leur autonomie, provenant le plus souvent des h\u00f4pitaux et cliniques, apr\u00e8s la phase aigu\u00eb de leur maladie ou intervention chirurgicale. Leur \u00e9tat n\u00e9cessite des soins actifs (m\u00e9dicaux, infirmiers, de r\u00e9\u00e9ducation) sous surveillance [&hellip;]<\/p>\n","protected":false},"author":1,"featured_media":175,"parent":0,"menu_order":0,"comment_status":"closed","ping_status":"closed","template":"pages-templates\/pages-boxes.php","meta":{"_coblocks_attr":"","_coblocks_dimensions":"","_coblocks_responsive_height":"","_coblocks_accordion_ie_support":""},"_links":{"self":[{"href":"https:\/\/ajl-asso.fr\/le-divit\/wp-json\/wp\/v2\/pages\/22"}],"collection":[{"href":"https:\/\/ajl-asso.fr\/le-divit\/wp-json\/wp\/v2\/pages"}],"about":[{"href":"https:\/\/ajl-asso.fr\/le-divit\/wp-json\/wp\/v2\/types\/page"}],"author":[{"embeddable":true,"href":"https:\/\/ajl-asso.fr\/le-divit\/wp-json\/wp\/v2\/users\/1"}],"replies":[{"embeddable":true,"href":"https:\/\/ajl-asso.fr\/le-divit\/wp-json\/wp\/v2\/comments?post=22"}],"version-history":[{"count":7,"href":"https:\/\/ajl-asso.fr\/le-divit\/wp-json\/wp\/v2\/pages\/22\/revisions"}],"predecessor-version":[{"id":2224,"href":"https:\/\/ajl-asso.fr\/le-divit\/wp-json\/wp\/v2\/pages\/22\/revisions\/2224"}],"wp:featuredmedia":[{"embeddable":true,"href":"https:\/\/ajl-asso.fr\/le-divit\/wp-json\/wp\/v2\/media\/175"}],"wp:attachment":[{"href":"https:\/\/ajl-asso.fr\/le-divit\/wp-json\/wp\/v2\/media?parent=22"}],"curies":[{"name":"wp","href":"https:\/\/api.w.org\/{rel}","templated":true}]}}