{"id":2225,"date":"2026-02-18T09:52:05","date_gmt":"2026-02-18T08:52:05","guid":{"rendered":"https:\/\/ajl-asso.fr\/le-divit\/?page_id=2225"},"modified":"2026-03-10T11:45:00","modified_gmt":"2026-03-10T10:45:00","slug":"actualite-presse","status":"publish","type":"page","link":"https:\/\/ajl-asso.fr\/le-divit\/actualite-presse\/","title":{"rendered":"Actualit\u00e9 &amp; Presse"},"content":{"rendered":"\n<p>Actualit\u00e9 &amp; Presse<\/p>\n\n\n<div class=\"wp-block-image\">\n<figure class=\"aligncenter is-resized\"><a href=\"https:\/\/www.infolocale.fr\/associations\/organisme-etablissement-de-sante-le-divit-588421\/activite-ploemeur-sport-atelier-prevention-des-chutes-8796837\"><img loading=\"lazy\" src=\"https:\/\/ajl-asso.fr\/wp-content\/uploads\/sites\/3\/2026\/02\/Article-ouest-france-ateliers-prevention-chutes-300x237.png\" alt=\"\" class=\"wp-image-2233\" width=\"550\" height=\"434\" srcset=\"https:\/\/ajl-asso.fr\/wp-content\/uploads\/sites\/3\/2026\/02\/Article-ouest-france-ateliers-prevention-chutes-300x237.png 300w, https:\/\/ajl-asso.fr\/wp-content\/uploads\/sites\/3\/2026\/02\/Article-ouest-france-ateliers-prevention-chutes-1024x810.png 1024w, https:\/\/ajl-asso.fr\/wp-content\/uploads\/sites\/3\/2026\/02\/Article-ouest-france-ateliers-prevention-chutes-768x608.png 768w, https:\/\/ajl-asso.fr\/wp-content\/uploads\/sites\/3\/2026\/02\/Article-ouest-france-ateliers-prevention-chutes-260x206.png 260w, https:\/\/ajl-asso.fr\/wp-content\/uploads\/sites\/3\/2026\/02\/Article-ouest-france-ateliers-prevention-chutes.png 1116w\" sizes=\"(max-width: 550px) 100vw, 550px\" \/><\/a><figcaption>Source \u00ab\u00a0Info Locale\u00a0\u00bb  &#8211; <em>Cliquer sur l&rsquo;image pour acc\u00e9der \u00e0 a page officielle<\/em><\/figcaption><\/figure><\/div>\n\n\n<hr class=\"wp-block-separator has-text-color has-white-color has-alpha-channel-opacity has-white-background-color has-background\" \/>\n\n\n<div class=\"wp-block-image\">\n<figure class=\"aligncenter size-full\"><img loading=\"lazy\" width=\"587\" height=\"835\" src=\"https:\/\/ajl-asso.fr\/wp-content\/uploads\/sites\/3\/2026\/03\/image-1.png\" alt=\"\" class=\"wp-image-2404\" srcset=\"https:\/\/ajl-asso.fr\/wp-content\/uploads\/sites\/3\/2026\/03\/image-1.png 587w, https:\/\/ajl-asso.fr\/wp-content\/uploads\/sites\/3\/2026\/03\/image-1-211x300.png 211w, https:\/\/ajl-asso.fr\/wp-content\/uploads\/sites\/3\/2026\/03\/image-1-145x206.png 145w\" sizes=\"(max-width: 587px) 100vw, 587px\" \/><\/figure><\/div>\n\n<div class=\"wp-block-image\">\n<figure class=\"aligncenter size-full\"><a href=\"https:\/\/www.letelegramme.fr\/morbihan\/ploemeur-56270\/bien-vieillir-a-ploemeur-bientot-un-programme-de-prevention-des-chutes-au-divit-6970442.php\"><img loading=\"lazy\" width=\"498\" height=\"713\" src=\"https:\/\/ajl-asso.fr\/wp-content\/uploads\/sites\/3\/2026\/02\/image-5.png\" alt=\"\" class=\"wp-image-2242\" srcset=\"https:\/\/ajl-asso.fr\/wp-content\/uploads\/sites\/3\/2026\/02\/image-5.png 498w, https:\/\/ajl-asso.fr\/wp-content\/uploads\/sites\/3\/2026\/02\/image-5-210x300.png 210w, https:\/\/ajl-asso.fr\/wp-content\/uploads\/sites\/3\/2026\/02\/image-5-144x206.png 144w\" sizes=\"(max-width: 498px) 100vw, 498px\" \/><\/a><figcaption>Source T\u00e9l\u00e9gramme &#8211; <em>Cliquer sur l&rsquo;image pour acc\u00e9der \u00e0 a page officielle<\/em><\/figcaption><\/figure><\/div>","protected":false},"excerpt":{"rendered":"<p>Actualit\u00e9 &amp; Presse<\/p>\n","protected":false},"author":15,"featured_media":0,"parent":0,"menu_order":0,"comment_status":"closed","ping_status":"closed","template":"pages-templates\/pages-boxes-2.php","meta":{"_coblocks_attr":"","_coblocks_dimensions":"","_coblocks_responsive_height":"","_coblocks_accordion_ie_support":""},"_links":{"self":[{"href":"https:\/\/ajl-asso.fr\/le-divit\/wp-json\/wp\/v2\/pages\/2225"}],"collection":[{"href":"https:\/\/ajl-asso.fr\/le-divit\/wp-json\/wp\/v2\/pages"}],"about":[{"href":"https:\/\/ajl-asso.fr\/le-divit\/wp-json\/wp\/v2\/types\/page"}],"author":[{"embeddable":true,"href":"https:\/\/ajl-asso.fr\/le-divit\/wp-json\/wp\/v2\/users\/15"}],"replies":[{"embeddable":true,"href":"https:\/\/ajl-asso.fr\/le-divit\/wp-json\/wp\/v2\/comments?post=2225"}],"version-history":[{"count":14,"href":"https:\/\/ajl-asso.fr\/le-divit\/wp-json\/wp\/v2\/pages\/2225\/revisions"}],"predecessor-version":[{"id":2409,"href":"https:\/\/ajl-asso.fr\/le-divit\/wp-json\/wp\/v2\/pages\/2225\/revisions\/2409"}],"wp:attachment":[{"href":"https:\/\/ajl-asso.fr\/le-divit\/wp-json\/wp\/v2\/media?parent=2225"}],"curies":[{"name":"wp","href":"https:\/\/api.w.org\/{rel}","templated":true}]}}