{"id":2282,"date":"2026-03-04T08:20:28","date_gmt":"2026-03-04T07:20:28","guid":{"rendered":"https:\/\/ajl-asso.fr\/le-divit\/?page_id=2282"},"modified":"2026-03-04T11:58:31","modified_gmt":"2026-03-04T10:58:31","slug":"recrutement","status":"publish","type":"page","link":"https:\/\/ajl-asso.fr\/le-divit\/recrutement\/","title":{"rendered":"Recrutement"},"content":{"rendered":"\n<p><strong>Nos offres :&nbsp;<\/strong><\/p>\n\n\n\n<ul class=\"has-background\" style=\"background-color:#ffffff08\"><li><strong>M\u00e9decin g\u00e9n\u00e9raliste ou sp\u00e9cialiste pour le p\u00f4le Soins Palliatifs :&nbsp;<\/strong><\/li><\/ul>\n\n\n\n<p class=\"has-background\" style=\"background-color:#ffffff03\">Retrouverez notre offre sur notre r\u00e9seau Linkedin : <a href=\"https:\/\/www.linkedin.com\/feed\/update\/urn:li:activity:7430232430298587136\" target=\"_blank\" rel=\"noreferrer noopener\">https:\/\/www.linkedin.com\/feed\/update\/urn:li:activity:7430232430298587136&nbsp;<\/a><\/p>\n\n\n<div class=\"wp-block-image\">\n<figure class=\"alignleft is-resized\"><a href=\"https:\/\/ajl-asso.fr\/wp-content\/uploads\/sites\/3\/2026\/03\/Annonce-Medecin-SP.pdf\"><img loading=\"lazy\" src=\"https:\/\/ajl-asso.fr\/wp-content\/uploads\/sites\/3\/2026\/03\/Capture-decran-2026-02-19-134550.png\" alt=\"\" class=\"wp-image-2285\" width=\"387\" height=\"386\" srcset=\"https:\/\/ajl-asso.fr\/wp-content\/uploads\/sites\/3\/2026\/03\/Capture-decran-2026-02-19-134550.png 639w, https:\/\/ajl-asso.fr\/wp-content\/uploads\/sites\/3\/2026\/03\/Capture-decran-2026-02-19-134550-300x300.png 300w, https:\/\/ajl-asso.fr\/wp-content\/uploads\/sites\/3\/2026\/03\/Capture-decran-2026-02-19-134550-150x150.png 150w, https:\/\/ajl-asso.fr\/wp-content\/uploads\/sites\/3\/2026\/03\/Capture-decran-2026-02-19-134550-206x206.png 206w, https:\/\/ajl-asso.fr\/wp-content\/uploads\/sites\/3\/2026\/03\/Capture-decran-2026-02-19-134550-512x512.png 512w\" sizes=\"(max-width: 387px) 100vw, 387px\" \/><\/a><\/figure><\/div>\n\n\n<div class=\"wp-block-getwid-section\"><div class=\"wp-block-getwid-section__wrapper\"><div class=\"wp-block-getwid-section__inner-wrapper\"><div class=\"wp-block-getwid-section__background-holder\"><div class=\"wp-block-getwid-section__background\"><\/div><div class=\"wp-block-getwid-section__foreground\"><\/div><\/div><div class=\"wp-block-getwid-section__content\"><div class=\"wp-block-getwid-section__inner-content\">\n<figure class=\"wp-block-image size-full is-resized\"><img loading=\"lazy\" src=\"https:\/\/ajl-asso.fr\/wp-content\/uploads\/sites\/3\/2026\/03\/Capture-decran-2026-02-19-135031.png\" alt=\"\" class=\"wp-image-2295\" width=\"-161\" height=\"-224\" srcset=\"https:\/\/ajl-asso.fr\/wp-content\/uploads\/sites\/3\/2026\/03\/Capture-decran-2026-02-19-135031.png 644w, https:\/\/ajl-asso.fr\/wp-content\/uploads\/sites\/3\/2026\/03\/Capture-decran-2026-02-19-135031-215x300.png 215w, https:\/\/ajl-asso.fr\/wp-content\/uploads\/sites\/3\/2026\/03\/Capture-decran-2026-02-19-135031-148x206.png 148w\" sizes=\"(max-width: 644px) 100vw, 644px\" \/><\/figure>\n<\/div><\/div><\/div><\/div><\/div>\n\n\n\n<p><\/p>\n\n\n\n<p><\/p>\n\n\n\n<p><\/p>\n\n\n\n<p><\/p>\n","protected":false},"excerpt":{"rendered":"<p>Nos offres :&nbsp; M\u00e9decin g\u00e9n\u00e9raliste ou sp\u00e9cialiste pour le p\u00f4le Soins Palliatifs :&nbsp; Retrouverez notre offre sur notre r\u00e9seau Linkedin : https:\/\/www.linkedin.com\/feed\/update\/urn:li:activity:7430232430298587136&nbsp;<\/p>\n","protected":false},"author":15,"featured_media":2349,"parent":0,"menu_order":0,"comment_status":"closed","ping_status":"closed","template":"pages-templates\/pages-boxes-2.php","meta":{"_coblocks_attr":"","_coblocks_dimensions":"","_coblocks_responsive_height":"","_coblocks_accordion_ie_support":""},"_links":{"self":[{"href":"https:\/\/ajl-asso.fr\/le-divit\/wp-json\/wp\/v2\/pages\/2282"}],"collection":[{"href":"https:\/\/ajl-asso.fr\/le-divit\/wp-json\/wp\/v2\/pages"}],"about":[{"href":"https:\/\/ajl-asso.fr\/le-divit\/wp-json\/wp\/v2\/types\/page"}],"author":[{"embeddable":true,"href":"https:\/\/ajl-asso.fr\/le-divit\/wp-json\/wp\/v2\/users\/15"}],"replies":[{"embeddable":true,"href":"https:\/\/ajl-asso.fr\/le-divit\/wp-json\/wp\/v2\/comments?post=2282"}],"version-history":[{"count":12,"href":"https:\/\/ajl-asso.fr\/le-divit\/wp-json\/wp\/v2\/pages\/2282\/revisions"}],"predecessor-version":[{"id":2351,"href":"https:\/\/ajl-asso.fr\/le-divit\/wp-json\/wp\/v2\/pages\/2282\/revisions\/2351"}],"wp:featuredmedia":[{"embeddable":true,"href":"https:\/\/ajl-asso.fr\/le-divit\/wp-json\/wp\/v2\/media\/2349"}],"wp:attachment":[{"href":"https:\/\/ajl-asso.fr\/le-divit\/wp-json\/wp\/v2\/media?parent=2282"}],"curies":[{"name":"wp","href":"https:\/\/api.w.org\/{rel}","templated":true}]}}