{"id":24,"date":"2017-09-29T11:58:41","date_gmt":"2017-09-29T09:58:41","guid":{"rendered":"https:\/\/ajl-asso.fr\/le-divit\/?page_id=24"},"modified":"2026-02-18T10:46:24","modified_gmt":"2026-02-18T09:46:24","slug":"ehpad","status":"publish","type":"page","link":"https:\/\/ajl-asso.fr\/le-divit\/ehpad\/","title":{"rendered":"EHPAD"},"content":{"rendered":"\n<p><strong><u>\u00c9tablissement d\u2019H\u00e9bergement pour Personnes \u00c2g\u00e9es D\u00e9pendantes<\/u><\/strong><\/p>\n\n\n\n<p><strong><u>Pr\u00e9sentation&nbsp;<\/u><\/strong><strong>:<\/strong><\/p>\n\n\n\n<p>L&rsquo;EHPAD <strong>Le Divit<\/strong> permet d\u2019accueillir et d\u2019accompagner pour une longue dur\u00e9e, 42 personnes \u00e2g\u00e9es d\u00e9pendantes dont le maintien \u00e0 domicile n\u2019est plus adapt\u00e9.<\/p>\n\n\n\n<p>Implant\u00e9 sur la commune de Ploemeur dans un environnement calme, l\u2019\u00e9tablissement dispose d\u2019un grand parc, qui permet de faire des promenades et de se d\u00e9tendre.<\/p>\n\n\n\n<p>L&rsquo;EHPAD se trouve \u00e0 l\u2019extr\u00e9mit\u00e9 de l\u2019aile Est de l\u2019\u00e9tablissement. Chaque \u00e9tage comporte 21 chambres.<\/p>\n\n\n\n<p>De nombreux locaux ou espaces \u00e0 usages collectifs sont accessibles aux r\u00e9sidents. Ils sont soit r\u00e9serv\u00e9s \u00e0 la R\u00e9sidence (salle d\u2019animation, petites salles \u00e0 manger&#8230;) soit partag\u00e9s avec les services d\u2019hospitalisation (grande salle de restaurant, grand salon, plateau technique&#8230;).<\/p>\n","protected":false},"excerpt":{"rendered":"<p>\u00c9tablissement d\u2019H\u00e9bergement pour Personnes \u00c2g\u00e9es D\u00e9pendantes Pr\u00e9sentation&nbsp;: L&rsquo;EHPAD Le Divit permet d\u2019accueillir et d\u2019accompagner pour une longue dur\u00e9e, 42 personnes \u00e2g\u00e9es d\u00e9pendantes dont le maintien \u00e0 domicile n\u2019est plus adapt\u00e9. Implant\u00e9 sur la commune de Ploemeur dans un environnement calme, l\u2019\u00e9tablissement dispose d\u2019un grand parc, qui permet de faire des promenades et de se d\u00e9tendre. [&hellip;]<\/p>\n","protected":false},"author":1,"featured_media":175,"parent":0,"menu_order":0,"comment_status":"closed","ping_status":"closed","template":"pages-templates\/pages-boxes.php","meta":{"_coblocks_attr":"","_coblocks_dimensions":"","_coblocks_responsive_height":"","_coblocks_accordion_ie_support":""},"_links":{"self":[{"href":"https:\/\/ajl-asso.fr\/le-divit\/wp-json\/wp\/v2\/pages\/24"}],"collection":[{"href":"https:\/\/ajl-asso.fr\/le-divit\/wp-json\/wp\/v2\/pages"}],"about":[{"href":"https:\/\/ajl-asso.fr\/le-divit\/wp-json\/wp\/v2\/types\/page"}],"author":[{"embeddable":true,"href":"https:\/\/ajl-asso.fr\/le-divit\/wp-json\/wp\/v2\/users\/1"}],"replies":[{"embeddable":true,"href":"https:\/\/ajl-asso.fr\/le-divit\/wp-json\/wp\/v2\/comments?post=24"}],"version-history":[{"count":10,"href":"https:\/\/ajl-asso.fr\/le-divit\/wp-json\/wp\/v2\/pages\/24\/revisions"}],"predecessor-version":[{"id":2252,"href":"https:\/\/ajl-asso.fr\/le-divit\/wp-json\/wp\/v2\/pages\/24\/revisions\/2252"}],"wp:featuredmedia":[{"embeddable":true,"href":"https:\/\/ajl-asso.fr\/le-divit\/wp-json\/wp\/v2\/media\/175"}],"wp:attachment":[{"href":"https:\/\/ajl-asso.fr\/le-divit\/wp-json\/wp\/v2\/media?parent=24"}],"curies":[{"name":"wp","href":"https:\/\/api.w.org\/{rel}","templated":true}]}}