{"id":26,"date":"2017-09-29T11:58:59","date_gmt":"2017-09-29T09:58:59","guid":{"rendered":"https:\/\/ajl-asso.fr\/le-divit\/?page_id=26"},"modified":"2026-02-26T13:34:59","modified_gmt":"2026-02-26T12:34:59","slug":"politique-qualite","status":"publish","type":"page","link":"https:\/\/ajl-asso.fr\/le-divit\/politique-qualite\/","title":{"rendered":"Qualit\u00e9 &amp; Usagers"},"content":{"rendered":"\n<p>Notre objectif principal : un syst\u00e8me de management qui nous permette d&rsquo;assurer une gestion des risques efficiente afin d&rsquo;anticiper et\/ou de minimiser les dommages et les \u00e9v\u00e9nements ind\u00e9sirables pouvant survenir aux patients, \u00e0 leur entourage, aux visiteurs, aux professionnels ou aux biens de l\u2019\u00e9tablissement.<\/p>\n\n\n\n<p>Notre d\u00e9marche implique l&rsquo;ensemble des professionnels \u00e0 travers 5 axes prioritaires :<\/p>\n\n\n\n<ul class=\"is-style-checkbox\"><li>Assurer la p\u00e9rennit\u00e9 du syst\u00e8me de management de la qualit\u00e9<\/li><li>Garantir les droits des usagers et la place de leurs repr\u00e9sentants<\/li><li>Garantir la qualit\u00e9 et la s\u00e9curit\u00e9 de la prise en charge patient<\/li><li>Promouvoir l&rsquo;\u00e9valuation des pratiques professionnelles<\/li><li>Am\u00e9liorer le management des ressources  <\/li><\/ul>\n\n\n\n<p>Comme tout \u00e9tablissement de sant\u00e9 nous participons \u00e0 la d\u00e9marche de certification suivie par la Haute Autorit\u00e9 de Sant\u00e9 (HAS). Il s\u2019agit d\u2019une \u00e9valuation externe r\u00e9alis\u00e9e par des professionnels de sant\u00e9, charg\u00e9s d\u2019\u00e9valuer l\u2019ensemble des activit\u00e9s de l\u2019\u00e9tablissement. <\/p>\n","protected":false},"excerpt":{"rendered":"<p>Notre objectif principal : un syst\u00e8me de management qui nous permette d&rsquo;assurer une gestion des risques efficiente afin d&rsquo;anticiper et\/ou de minimiser les dommages et les \u00e9v\u00e9nements ind\u00e9sirables pouvant survenir aux patients, \u00e0 leur entourage, aux visiteurs, aux professionnels ou aux biens de l\u2019\u00e9tablissement. Notre d\u00e9marche implique l&rsquo;ensemble des professionnels \u00e0 travers 5 axes prioritaires [&hellip;]<\/p>\n","protected":false},"author":1,"featured_media":0,"parent":0,"menu_order":0,"comment_status":"closed","ping_status":"closed","template":"pages-templates\/pages-boxes.php","meta":{"_coblocks_attr":"","_coblocks_dimensions":"","_coblocks_responsive_height":"","_coblocks_accordion_ie_support":""},"_links":{"self":[{"href":"https:\/\/ajl-asso.fr\/le-divit\/wp-json\/wp\/v2\/pages\/26"}],"collection":[{"href":"https:\/\/ajl-asso.fr\/le-divit\/wp-json\/wp\/v2\/pages"}],"about":[{"href":"https:\/\/ajl-asso.fr\/le-divit\/wp-json\/wp\/v2\/types\/page"}],"author":[{"embeddable":true,"href":"https:\/\/ajl-asso.fr\/le-divit\/wp-json\/wp\/v2\/users\/1"}],"replies":[{"embeddable":true,"href":"https:\/\/ajl-asso.fr\/le-divit\/wp-json\/wp\/v2\/comments?post=26"}],"version-history":[{"count":27,"href":"https:\/\/ajl-asso.fr\/le-divit\/wp-json\/wp\/v2\/pages\/26\/revisions"}],"predecessor-version":[{"id":1842,"href":"https:\/\/ajl-asso.fr\/le-divit\/wp-json\/wp\/v2\/pages\/26\/revisions\/1842"}],"wp:attachment":[{"href":"https:\/\/ajl-asso.fr\/le-divit\/wp-json\/wp\/v2\/media?parent=26"}],"curies":[{"name":"wp","href":"https:\/\/api.w.org\/{rel}","templated":true}]}}