{"id":64,"date":"2017-10-17T15:21:06","date_gmt":"2017-10-17T13:21:06","guid":{"rendered":"https:\/\/ajl-asso.fr\/le-divit\/?page_id=64"},"modified":"2025-10-15T17:39:08","modified_gmt":"2025-10-15T15:39:08","slug":"les-comites","status":"publish","type":"page","link":"https:\/\/ajl-asso.fr\/le-divit\/ehpad\/les-comites\/","title":{"rendered":"Les Comit\u00e9s"},"content":{"rendered":"\n<p><strong><u>Le Conseil de la Vie Sociale (C.V.S.)<\/u><\/strong><\/p>\n\n\n\n<p>Au sein de l\u2019EHPAD de notre \u00e9tablissement, existe depuis 2002 le conseil de la vie sociale (CVS). <\/p>\n\n\n\n<p>Le CVS facilite l\u2019\u00e9coute, le dialogue, l\u2019expression et la participation collectives des r\u00e9sidents et des familles. Il est garant du respect des droits des personnes les plus vuln\u00e9rables. Il est donc un lieu particuli\u00e8rement int\u00e9ressant pour la transmission des informations, un tr\u00e8s bon moyen donn\u00e9 aux r\u00e9sidents et familles de faire part de leurs remarques et questions concernant le fonctionnement de l\u2019\u00e9tablissement et la vie quotidienne au sein de l\u2019EHPAD. Il convient de souligner que le conseil est une instance coll\u00e9giale qui doit donc imp\u00e9rativement fonctionner de mani\u00e8re d\u00e9mocratique.<\/p>\n\n\n\n<p><strong><u>Conform\u00e9ment \u00e0 la loi, ont \u00e9t\u00e9 \u00e9lus \u00e0 bulletin secret<\/u><\/strong> :<\/p>\n\n\n\n<ul><li>Les repr\u00e9sentants des r\u00e9sidents et usagers par l\u2019ensemble des r\u00e9sidents et usagers<\/li><li>Les repr\u00e9sentants des familles ou repr\u00e9sentants l\u00e9gaux par l\u2019ensemble des familles ou repr\u00e9sentants l\u00e9gaux<\/li><li>Les repr\u00e9sentants des salari\u00e9s par l\u2019ensemble des salari\u00e9s de l\u2019\u00e9tablissement.<\/li><\/ul>\n\n\n\n<p>Un Comit\u00e9 de Lutte contre les Infections Nosocomiales existe depuis 1998, en conformit\u00e9 avec 2 circulaires minist\u00e9rielles :<\/p>\n\n\n\n<ul><li>n\u00b0 263 du 13\/10\/1988 relative \u00e0 l\u2019organisation de la surveillance et de la pr\u00e9vention des infections nosocomiales<\/li><li>n\u00b0 17 du 19\/04\/1995 relative \u00e0 la lutte contre les infections nosocomiales dans les \u00e9tablissements publics et priv\u00e9s<\/li><\/ul>\n\n\n\n<p>Ce comit\u00e9 regroupe des membres des \u00e9quipes m\u00e9dicales et soignantes et des membres administratifs. Il se r\u00e9unit en s\u00e9ances pl\u00e9ni\u00e8res 3 fois par an.<\/p>\n\n\n\n<p><\/p>\n","protected":false},"excerpt":{"rendered":"<p>Le Conseil de la Vie Sociale (C.V.S.) Au sein de l\u2019EHPAD de notre \u00e9tablissement, existe depuis 2002 le conseil de la vie sociale (CVS). Le CVS facilite l\u2019\u00e9coute, le dialogue, l\u2019expression et la participation collectives des r\u00e9sidents et des familles. Il est garant du respect des droits des personnes les plus vuln\u00e9rables. Il est donc [&hellip;]<\/p>\n","protected":false},"author":1,"featured_media":956,"parent":24,"menu_order":0,"comment_status":"closed","ping_status":"closed","template":"pages-templates\/pages-boxes.php","meta":{"_coblocks_attr":"","_coblocks_dimensions":"","_coblocks_responsive_height":"","_coblocks_accordion_ie_support":""},"_links":{"self":[{"href":"https:\/\/ajl-asso.fr\/le-divit\/wp-json\/wp\/v2\/pages\/64"}],"collection":[{"href":"https:\/\/ajl-asso.fr\/le-divit\/wp-json\/wp\/v2\/pages"}],"about":[{"href":"https:\/\/ajl-asso.fr\/le-divit\/wp-json\/wp\/v2\/types\/page"}],"author":[{"embeddable":true,"href":"https:\/\/ajl-asso.fr\/le-divit\/wp-json\/wp\/v2\/users\/1"}],"replies":[{"embeddable":true,"href":"https:\/\/ajl-asso.fr\/le-divit\/wp-json\/wp\/v2\/comments?post=64"}],"version-history":[{"count":7,"href":"https:\/\/ajl-asso.fr\/le-divit\/wp-json\/wp\/v2\/pages\/64\/revisions"}],"predecessor-version":[{"id":958,"href":"https:\/\/ajl-asso.fr\/le-divit\/wp-json\/wp\/v2\/pages\/64\/revisions\/958"}],"up":[{"embeddable":true,"href":"https:\/\/ajl-asso.fr\/le-divit\/wp-json\/wp\/v2\/pages\/24"}],"wp:featuredmedia":[{"embeddable":true,"href":"https:\/\/ajl-asso.fr\/le-divit\/wp-json\/wp\/v2\/media\/956"}],"wp:attachment":[{"href":"https:\/\/ajl-asso.fr\/le-divit\/wp-json\/wp\/v2\/media?parent=64"}],"curies":[{"name":"wp","href":"https:\/\/api.w.org\/{rel}","templated":true}]}}