{"id":68,"date":"2017-10-17T15:21:52","date_gmt":"2017-10-17T13:21:52","guid":{"rendered":"https:\/\/ajl-asso.fr\/le-divit\/?page_id=68"},"modified":"2026-02-17T12:33:01","modified_gmt":"2026-02-17T11:33:01","slug":"tarifs-aides-financieres","status":"publish","type":"page","link":"https:\/\/ajl-asso.fr\/le-divit\/ehpad\/tarifs-aides-financieres\/","title":{"rendered":"Tarifs et Aides Financi\u00e8res"},"content":{"rendered":"<p style=\"text-align: center\"><strong>LES TARIFS<\/strong><\/p>\nDu 1er juillet 2025 au 31 d\u00e9cembre 2026, le d\u00e9partement du Morbihan exp\u00e9rimente la fusion des sections soins et d\u00e9pendance. Ainsi, quel que soit l\u2019origine du domicile de secours du r\u00e9sident, le tarif est le m\u00eame pour tous. L\u2019APA est remplac\u00e9e par un forfait \u201centretien de l\u2019autonomie\u201d vers\u00e9 par l\u2019Assurance Maladie avec le forfait soins dans un Forfait Global Unique, couvrant les charges en soins et en entretien de l\u2019autonomie. Il reste \u00e0 la charge du r\u00e9sident :\n\n<hr \/>\n\n<strong>Les tarifs journaliers en h\u00e9bergement permanent et participation forfaitaire sont les suivants au 01\/07\/2025 :<\/strong>\n\nLe prix de journ\u00e9e H\u00e9bergement est fix\u00e9 annuellement par le Pr\u00e9sident du Conseil D\u00e9partemental.\n\n<!-- \/wp:paragraph --> <!-- wp:paragraph -->\n\n-Tarif h\u00e9bergement : 77.50 \u20ac\n\n<!-- \/wp:paragraph --> <!-- wp:paragraph -->\n\n&#8211; Participation forfaitaire (anciennement d\u00e9pendance) : 6.16 \u20ac\n\n<!-- \/wp:paragraph --> <!-- wp:paragraph -->\n\nTarif journalier factur\u00e9 : 77.50 + 6.16 = 83.66 \u20ac ( \u00e0 multiplier par le nombre de jour du mois","protected":false},"excerpt":{"rendered":"<p>LES TARIFS Du 1er juillet 2025 au 31 d\u00e9cembre 2026, le d\u00e9partement du Morbihan exp\u00e9rimente la fusion des sections soins et d\u00e9pendance. Ainsi, quel que soit l\u2019origine du domicile de secours du r\u00e9sident, le tarif est le m\u00eame pour tous. L\u2019APA est remplac\u00e9e par un forfait \u201centretien de l\u2019autonomie\u201d vers\u00e9 par l\u2019Assurance Maladie avec le [&hellip;]<\/p>\n","protected":false},"author":1,"featured_media":138,"parent":24,"menu_order":0,"comment_status":"closed","ping_status":"closed","template":"pages-templates\/pages-boxes.php","meta":{"_coblocks_attr":"","_coblocks_dimensions":"","_coblocks_responsive_height":"","_coblocks_accordion_ie_support":""},"_links":{"self":[{"href":"https:\/\/ajl-asso.fr\/le-divit\/wp-json\/wp\/v2\/pages\/68"}],"collection":[{"href":"https:\/\/ajl-asso.fr\/le-divit\/wp-json\/wp\/v2\/pages"}],"about":[{"href":"https:\/\/ajl-asso.fr\/le-divit\/wp-json\/wp\/v2\/types\/page"}],"author":[{"embeddable":true,"href":"https:\/\/ajl-asso.fr\/le-divit\/wp-json\/wp\/v2\/users\/1"}],"replies":[{"embeddable":true,"href":"https:\/\/ajl-asso.fr\/le-divit\/wp-json\/wp\/v2\/comments?post=68"}],"version-history":[{"count":14,"href":"https:\/\/ajl-asso.fr\/le-divit\/wp-json\/wp\/v2\/pages\/68\/revisions"}],"predecessor-version":[{"id":2204,"href":"https:\/\/ajl-asso.fr\/le-divit\/wp-json\/wp\/v2\/pages\/68\/revisions\/2204"}],"up":[{"embeddable":true,"href":"https:\/\/ajl-asso.fr\/le-divit\/wp-json\/wp\/v2\/pages\/24"}],"wp:featuredmedia":[{"embeddable":true,"href":"https:\/\/ajl-asso.fr\/le-divit\/wp-json\/wp\/v2\/media\/138"}],"wp:attachment":[{"href":"https:\/\/ajl-asso.fr\/le-divit\/wp-json\/wp\/v2\/media?parent=68"}],"curies":[{"name":"wp","href":"https:\/\/api.w.org\/{rel}","templated":true}]}}