{"id":76,"date":"2017-10-17T15:23:34","date_gmt":"2017-10-17T13:23:34","guid":{"rendered":"https:\/\/ajl-asso.fr\/le-divit\/?page_id=76"},"modified":"2025-12-05T11:59:19","modified_gmt":"2025-12-05T10:59:19","slug":"les-prestations","status":"publish","type":"page","link":"https:\/\/ajl-asso.fr\/le-divit\/ehpad\/vie-quotidienne\/les-prestations\/","title":{"rendered":"Les Prestations h\u00f4teli\u00e8res"},"content":{"rendered":"<p>Au cours de votre s\u00e9jour, vous disposez d\u2019une chambre individuelle avec sanitaires particuliers.<br \/>\nChaque \u00e9tage est \u00e9quip\u00e9 de douches et de salles de bains.<\/p>\n<p><strong>Vos repas :<\/strong><b><br \/>\n<\/b>Le petit d\u00e9jeuner et le diner sont servi en chambre.<br \/>\nLe d\u00e9jeuner est, autant que possible, servi en salle \u00e0 manger. Si votre \u00e9tat de sant\u00e9 le justifie, ils peuvent \u00eatre servis en chambre.<br \/>\nLes menus de la semaine sont affich\u00e9s \u00e0 chaque \u00e9tage et en salle \u00e0 manger. Sur prescription m\u00e9dicale, la di\u00e9t\u00e9ticienne \u00e9labore les r\u00e9gimes particuliers.<\/p>\n","protected":false},"excerpt":{"rendered":"<p>Au cours de votre s\u00e9jour, vous disposez d\u2019une chambre individuelle avec sanitaires particuliers. Chaque \u00e9tage est \u00e9quip\u00e9 de douches et de salles de bains. Vos repas : Le petit d\u00e9jeuner et le diner sont servi en chambre. Le d\u00e9jeuner est, autant que possible, servi en salle \u00e0 manger. Si votre \u00e9tat de sant\u00e9 le justifie, [&hellip;]<\/p>\n","protected":false},"author":1,"featured_media":135,"parent":70,"menu_order":0,"comment_status":"closed","ping_status":"closed","template":"pages-templates\/pages-boxes.php","meta":{"_coblocks_attr":"","_coblocks_dimensions":"","_coblocks_responsive_height":"","_coblocks_accordion_ie_support":""},"_links":{"self":[{"href":"https:\/\/ajl-asso.fr\/le-divit\/wp-json\/wp\/v2\/pages\/76"}],"collection":[{"href":"https:\/\/ajl-asso.fr\/le-divit\/wp-json\/wp\/v2\/pages"}],"about":[{"href":"https:\/\/ajl-asso.fr\/le-divit\/wp-json\/wp\/v2\/types\/page"}],"author":[{"embeddable":true,"href":"https:\/\/ajl-asso.fr\/le-divit\/wp-json\/wp\/v2\/users\/1"}],"replies":[{"embeddable":true,"href":"https:\/\/ajl-asso.fr\/le-divit\/wp-json\/wp\/v2\/comments?post=76"}],"version-history":[{"count":8,"href":"https:\/\/ajl-asso.fr\/le-divit\/wp-json\/wp\/v2\/pages\/76\/revisions"}],"predecessor-version":[{"id":2163,"href":"https:\/\/ajl-asso.fr\/le-divit\/wp-json\/wp\/v2\/pages\/76\/revisions\/2163"}],"up":[{"embeddable":true,"href":"https:\/\/ajl-asso.fr\/le-divit\/wp-json\/wp\/v2\/pages\/70"}],"wp:featuredmedia":[{"embeddable":true,"href":"https:\/\/ajl-asso.fr\/le-divit\/wp-json\/wp\/v2\/media\/135"}],"wp:attachment":[{"href":"https:\/\/ajl-asso.fr\/le-divit\/wp-json\/wp\/v2\/media?parent=76"}],"curies":[{"name":"wp","href":"https:\/\/api.w.org\/{rel}","templated":true}]}}