{"id":849,"date":"2024-01-23T09:47:55","date_gmt":"2024-01-23T08:47:55","guid":{"rendered":"https:\/\/ajl-asso.fr\/le-divit\/?page_id=849"},"modified":"2025-12-05T14:34:27","modified_gmt":"2025-12-05T13:34:27","slug":"emasp","status":"publish","type":"page","link":"https:\/\/ajl-asso.fr\/le-divit\/emasp\/","title":{"rendered":"EMASP"},"content":{"rendered":"\n<p><strong><u>Pr\u00e9sentation de l&rsquo;\u00c9quipe Mobile d&rsquo;Accompagnement et de Soins Palliatifs (EMASP)<\/u><\/strong><\/p>\n\n\n\n<p><strong><u>Au Sein de l&rsquo;Etablissement Le Divit<\/u><\/strong><\/p>\n\n\n\n<p>Depuis 2023, les locaux de l&rsquo;\u00c9quipe Mobile d&rsquo;Accompagnement et de Soins Palliatifs sont situ\u00e9s au sein de l&rsquo;\u00e9tablissement Le Divit. Cette \u00e9quipe d\u00e9vou\u00e9e et multidisciplinaire a pour mission de faciliter la mise en place de la d\u00e9marche palliative dans divers contextes tels que les services d&rsquo;hospitalisation, le domicile et les institutions.<\/p>\n\n\n\n<p><strong><u>Composition de l&rsquo;\u00e9quipe<\/u><\/strong><strong> :<\/strong><\/p>\n\n\n\n<ul><li>Deux m\u00e9decins<\/li><li>Deux infirmi\u00e8res dipl\u00f4m\u00e9es d&rsquo;\u00c9tat (IDE)<\/li><li>Deux psychologues<\/li><li>Une assistante sociale<\/li><li>Une secr\u00e9taire<\/li><\/ul>\n\n\n\n<p><strong><u>Mission de l&rsquo;EMASP<\/u><\/strong><strong> :<\/strong> L&rsquo;\u00e9quipe \u0153uvre \u00e0 la coordination avec les diff\u00e9rents partenaires de la fili\u00e8re palliative territoriale, tels que la LISP (Lits Identifi\u00e9s en Soins Palliatifs), l&rsquo;HAD (Hospitalisation \u00c0 Domicile) et l&rsquo;USP (Unit\u00e9 de Soins Palliatifs). L&rsquo;EMASP se d\u00e9place \u00e0 domicile et au sein des \u00e9tablissements des secteurs sanitaire et m\u00e9dico-social dans l&rsquo;ensemble du territoire de sant\u00e9 3.<\/p>\n\n\n\n<p>Dans ce cadre, les principales missions de l&rsquo;EMASP comprennent :<\/p>\n\n\n\n<ul><li>L&rsquo;accompagnement du patient et de son entourage<\/li><li>L&rsquo;accompagnement des professionnels de la sant\u00e9<\/li><li>Une aide au soulagement de la douleur et d&rsquo;autres sympt\u00f4mes d&rsquo;inconfort \u00e0 travers des \u00e9valuations globales<\/li><li>Des r\u00e9flexions \u00e9thiques et cliniques avec les partenaires du soin<\/li><\/ul>\n\n\n<div class=\"wp-block-image\">\n<figure class=\"alignleft size-full is-resized\"><img loading=\"lazy\" src=\"https:\/\/ajl-asso.fr\/wp-content\/uploads\/sites\/3\/2025\/12\/85658304-service-telephonique-isole-icone-du-design-illustration-vectorielle-1.jpg\" alt=\"\" class=\"wp-image-1650\" width=\"68\" height=\"68\" srcset=\"https:\/\/ajl-asso.fr\/wp-content\/uploads\/sites\/3\/2025\/12\/85658304-service-telephonique-isole-icone-du-design-illustration-vectorielle-1.jpg 450w, https:\/\/ajl-asso.fr\/wp-content\/uploads\/sites\/3\/2025\/12\/85658304-service-telephonique-isole-icone-du-design-illustration-vectorielle-1-300x300.jpg 300w, https:\/\/ajl-asso.fr\/wp-content\/uploads\/sites\/3\/2025\/12\/85658304-service-telephonique-isole-icone-du-design-illustration-vectorielle-1-150x150.jpg 150w, https:\/\/ajl-asso.fr\/wp-content\/uploads\/sites\/3\/2025\/12\/85658304-service-telephonique-isole-icone-du-design-illustration-vectorielle-1-206x206.jpg 206w\" sizes=\"(max-width: 68px) 100vw, 68px\" \/><\/figure><\/div>\n\n\n<p><strong><u>Coordonn\u00e9es et disponibilit\u00e9<\/u> :<\/strong> Pour toute demande, le secr\u00e9tariat est ouvert de 9h \u00e0 17h et peut \u00eatre contact\u00e9 par t\u00e9l\u00e9phone au 02.97.87.30.48 ou par mail \u00e0 l&rsquo;adresse <a href=\"mailto:sec.sp.ledivit@ajl.asso.fr\">sec.sp.ledivit@ajl.asso.fr<\/a>  (sec.sp.ledivit@ajl.asso.mssante.fr &#8211;&gt; uniquement pour les professionnels de sant\u00e9)<\/p>\n\n\n\n<p><\/p>\n\n\n\n<p>L&rsquo;\u00e9quipe est d\u00e9termin\u00e9e \u00e0 offrir un soutien de qualit\u00e9 et \u00e0 contribuer activement \u00e0 la prise en charge palliative, en mettant l&rsquo;accent sur l&rsquo;humanisation des soins et le bien-\u00eatre global des patients et de leurs proches.<\/p>\n","protected":false},"excerpt":{"rendered":"<p>Pr\u00e9sentation de l&rsquo;\u00c9quipe Mobile d&rsquo;Accompagnement et de Soins Palliatifs (EMASP) Au Sein de l&rsquo;Etablissement Le Divit Depuis 2023, les locaux de l&rsquo;\u00c9quipe Mobile d&rsquo;Accompagnement et de Soins Palliatifs sont situ\u00e9s au sein de l&rsquo;\u00e9tablissement Le Divit. Cette \u00e9quipe d\u00e9vou\u00e9e et multidisciplinaire a pour mission de faciliter la mise en place de la d\u00e9marche palliative dans [&hellip;]<\/p>\n","protected":false},"author":15,"featured_media":0,"parent":0,"menu_order":0,"comment_status":"closed","ping_status":"closed","template":"pages-templates\/pages-with-sidebar.php","meta":{"_coblocks_attr":"","_coblocks_dimensions":"","_coblocks_responsive_height":"","_coblocks_accordion_ie_support":""},"_links":{"self":[{"href":"https:\/\/ajl-asso.fr\/le-divit\/wp-json\/wp\/v2\/pages\/849"}],"collection":[{"href":"https:\/\/ajl-asso.fr\/le-divit\/wp-json\/wp\/v2\/pages"}],"about":[{"href":"https:\/\/ajl-asso.fr\/le-divit\/wp-json\/wp\/v2\/types\/page"}],"author":[{"embeddable":true,"href":"https:\/\/ajl-asso.fr\/le-divit\/wp-json\/wp\/v2\/users\/15"}],"replies":[{"embeddable":true,"href":"https:\/\/ajl-asso.fr\/le-divit\/wp-json\/wp\/v2\/comments?post=849"}],"version-history":[{"count":8,"href":"https:\/\/ajl-asso.fr\/le-divit\/wp-json\/wp\/v2\/pages\/849\/revisions"}],"predecessor-version":[{"id":1656,"href":"https:\/\/ajl-asso.fr\/le-divit\/wp-json\/wp\/v2\/pages\/849\/revisions\/1656"}],"wp:attachment":[{"href":"https:\/\/ajl-asso.fr\/le-divit\/wp-json\/wp\/v2\/media?parent=849"}],"curies":[{"name":"wp","href":"https:\/\/api.w.org\/{rel}","templated":true}]}}