{"id":94,"date":"2017-10-17T15:27:52","date_gmt":"2017-10-17T13:27:52","guid":{"rendered":"https:\/\/ajl-asso.fr\/le-divit\/?page_id=94"},"modified":"2026-02-17T11:48:27","modified_gmt":"2026-02-17T10:48:27","slug":"les-prestations","status":"publish","type":"page","link":"https:\/\/ajl-asso.fr\/le-divit\/ssr\/vie-quotidienne\/les-prestations\/","title":{"rendered":"Les Prestations h\u00f4teli\u00e8res"},"content":{"rendered":"\n<p>Au cours de votre s\u00e9jour, vous disposez d\u2019une chambre individuelle avec sanitaires particuliers.<br>Chaque \u00e9tage est \u00e9quip\u00e9 de douches et de salles de bains.<\/p>\n\n\n\n<div class=\"wp-container-5 wp-block-columns\">\n<div class=\"wp-container-4 wp-block-column\" style=\"flex-basis:100%\"><div class=\"wp-bootstrap-blocks-row row\">\n\t\n\n<div class=\"col-12\">\n\t\t\t\n\n<div class=\"wp-container-3 wp-block-columns\">\n<div class=\"wp-container-1 wp-block-column\">\n<p><strong><u>Vos repas :<\/u><\/strong><\/p>\n\n\n\n<p>Le petit d\u00e9jeuner est servi en chambre.<br>Le d\u00e9jeuner, le go\u00fbter et le d\u00eener sont, autant que possible, servis en salle \u00e0 manger. Si votre \u00e9tat de sant\u00e9 le justifie, ils peuvent \u00eatre servis en chambre.<br>Les menus de la semaine sont affich\u00e9s \u00e0 chaque \u00e9tage et en salle \u00e0 manger. Sur prescription m\u00e9dicale, la di\u00e9t\u00e9ticienne \u00e9labore les r\u00e9gimes particuliers.<\/p>\n<\/div>\n\n\n\n<div class=\"wp-container-2 wp-block-column\"><div class=\"wp-block-image\">\n<figure class=\"alignright size-large is-resized\"><img loading=\"lazy\" src=\"https:\/\/ajl-asso.fr\/wp-content\/uploads\/sites\/3\/2026\/02\/RESTO-Vue-parc-2-1024x768.jpg\" alt=\"\" class=\"wp-image-2166\" width=\"405\" height=\"303\" srcset=\"https:\/\/ajl-asso.fr\/wp-content\/uploads\/sites\/3\/2026\/02\/RESTO-Vue-parc-2-1024x768.jpg 1024w, https:\/\/ajl-asso.fr\/wp-content\/uploads\/sites\/3\/2026\/02\/RESTO-Vue-parc-2-300x225.jpg 300w, https:\/\/ajl-asso.fr\/wp-content\/uploads\/sites\/3\/2026\/02\/RESTO-Vue-parc-2-768x576.jpg 768w, https:\/\/ajl-asso.fr\/wp-content\/uploads\/sites\/3\/2026\/02\/RESTO-Vue-parc-2-1536x1152.jpg 1536w, https:\/\/ajl-asso.fr\/wp-content\/uploads\/sites\/3\/2026\/02\/RESTO-Vue-parc-2-2048x1536.jpg 2048w, https:\/\/ajl-asso.fr\/wp-content\/uploads\/sites\/3\/2026\/02\/RESTO-Vue-parc-2-275x206.jpg 275w\" sizes=\"(max-width: 405px) 100vw, 405px\" \/><\/figure><\/div><\/div>\n<\/div>\n\n\t<\/div>\n\n<\/div>\n<\/div>\n<\/div>\n","protected":false},"excerpt":{"rendered":"<p>Au cours de votre s\u00e9jour, vous disposez d\u2019une chambre individuelle avec sanitaires particuliers.Chaque \u00e9tage est \u00e9quip\u00e9 de douches et de salles de bains.<\/p>\n","protected":false},"author":1,"featured_media":135,"parent":90,"menu_order":0,"comment_status":"closed","ping_status":"closed","template":"pages-templates\/pages-boxes.php","meta":{"_coblocks_attr":"","_coblocks_dimensions":"","_coblocks_responsive_height":"","_coblocks_accordion_ie_support":""},"_links":{"self":[{"href":"https:\/\/ajl-asso.fr\/le-divit\/wp-json\/wp\/v2\/pages\/94"}],"collection":[{"href":"https:\/\/ajl-asso.fr\/le-divit\/wp-json\/wp\/v2\/pages"}],"about":[{"href":"https:\/\/ajl-asso.fr\/le-divit\/wp-json\/wp\/v2\/types\/page"}],"author":[{"embeddable":true,"href":"https:\/\/ajl-asso.fr\/le-divit\/wp-json\/wp\/v2\/users\/1"}],"replies":[{"embeddable":true,"href":"https:\/\/ajl-asso.fr\/le-divit\/wp-json\/wp\/v2\/comments?post=94"}],"version-history":[{"count":7,"href":"https:\/\/ajl-asso.fr\/le-divit\/wp-json\/wp\/v2\/pages\/94\/revisions"}],"predecessor-version":[{"id":2168,"href":"https:\/\/ajl-asso.fr\/le-divit\/wp-json\/wp\/v2\/pages\/94\/revisions\/2168"}],"up":[{"embeddable":true,"href":"https:\/\/ajl-asso.fr\/le-divit\/wp-json\/wp\/v2\/pages\/90"}],"wp:featuredmedia":[{"embeddable":true,"href":"https:\/\/ajl-asso.fr\/le-divit\/wp-json\/wp\/v2\/media\/135"}],"wp:attachment":[{"href":"https:\/\/ajl-asso.fr\/le-divit\/wp-json\/wp\/v2\/media?parent=94"}],"curies":[{"name":"wp","href":"https:\/\/api.w.org\/{rel}","templated":true}]}}