{"id":98,"date":"2017-10-17T15:28:45","date_gmt":"2017-10-17T13:28:45","guid":{"rendered":"https:\/\/ajl-asso.fr\/le-divit\/?page_id=98"},"modified":"2025-12-09T16:19:59","modified_gmt":"2025-12-09T15:19:59","slug":"votre-sejour","status":"publish","type":"page","link":"https:\/\/ajl-asso.fr\/le-divit\/ssr\/vie-quotidienne\/votre-sejour\/","title":{"rendered":"Votre s\u00e9jour"},"content":{"rendered":"<p>Vous s\u00e9journerez dans une chambre individuelle avec cabinet de toilette, dans laquelle vous pourrez ranger vos affaires personnelles.<\/p>\n<p><strong>Votre trousseau :<\/strong><br \/>\n&#8211; V\u00eatements de jour et de nuit et sous-v\u00eatements confortables en quantit\u00e9 suffisante<br \/>\npour la dur\u00e9e du s\u00e9jour ;<br \/>\n&#8211; Chaussures et chaussons ferm\u00e9s et adapt\u00e9s ;<br \/>\n&#8211; N\u00e9cessaire de toilette : shampoing, savon, brosse, peigne, brosse \u00e0 dents, dentifrice,<br \/>\nrasoir\u2026<\/p>\n<p><strong>Visites :<br \/>\n<\/strong>Vos proches sont les bienvenus dans l\u2019\u00e9tablissement. Cependant, en dehors de contexte particulier, et afin de faciliter les soins pr\u00e9vus le matin, merci de privil\u00e9gier le cr\u00e9neau 13h30 &#8211; 20h00.<br \/>\nNous remercions les visiteurs de bien vouloir respecter le calme n\u00e9cessaire \u00e0 la tranquillit\u00e9<br \/>\ndes patients.<\/p>\n<p><strong>Contacts utiles :&nbsp;<\/strong><\/p>\n<p>Durant votre s\u00e9jour vous pouvez demander un entretien avec le m\u00e9decin, l&rsquo;assistante sociale ou la cadre de soins en contactant le secr\u00e9tariat SMR de 9h \u00e0 16h30 :<\/p>\n<ul>\n<li>Bureau \u00ab\u00a0secr\u00e9tariat SMR\u00a0\u00bb au rez-de-chauss\u00e9e du b\u00e2timent<\/li>\n<li>02 97 87 31 90<\/li>\n<\/ul>\n","protected":false},"excerpt":{"rendered":"<p>Vous s\u00e9journerez dans une chambre individuelle avec cabinet de toilette, dans laquelle vous pourrez ranger vos affaires personnelles. Votre trousseau : &#8211; V\u00eatements de jour et de nuit et sous-v\u00eatements confortables en quantit\u00e9 suffisante pour la dur\u00e9e du s\u00e9jour ; &#8211; Chaussures et chaussons ferm\u00e9s et adapt\u00e9s ; &#8211; N\u00e9cessaire de toilette : shampoing, savon, [&hellip;]<\/p>\n","protected":false},"author":1,"featured_media":136,"parent":90,"menu_order":0,"comment_status":"closed","ping_status":"closed","template":"pages-templates\/pages-boxes.php","meta":{"_coblocks_attr":"","_coblocks_dimensions":"","_coblocks_responsive_height":"","_coblocks_accordion_ie_support":""},"_links":{"self":[{"href":"https:\/\/ajl-asso.fr\/le-divit\/wp-json\/wp\/v2\/pages\/98"}],"collection":[{"href":"https:\/\/ajl-asso.fr\/le-divit\/wp-json\/wp\/v2\/pages"}],"about":[{"href":"https:\/\/ajl-asso.fr\/le-divit\/wp-json\/wp\/v2\/types\/page"}],"author":[{"embeddable":true,"href":"https:\/\/ajl-asso.fr\/le-divit\/wp-json\/wp\/v2\/users\/1"}],"replies":[{"embeddable":true,"href":"https:\/\/ajl-asso.fr\/le-divit\/wp-json\/wp\/v2\/comments?post=98"}],"version-history":[{"count":18,"href":"https:\/\/ajl-asso.fr\/le-divit\/wp-json\/wp\/v2\/pages\/98\/revisions"}],"predecessor-version":[{"id":1688,"href":"https:\/\/ajl-asso.fr\/le-divit\/wp-json\/wp\/v2\/pages\/98\/revisions\/1688"}],"up":[{"embeddable":true,"href":"https:\/\/ajl-asso.fr\/le-divit\/wp-json\/wp\/v2\/pages\/90"}],"wp:featuredmedia":[{"embeddable":true,"href":"https:\/\/ajl-asso.fr\/le-divit\/wp-json\/wp\/v2\/media\/136"}],"wp:attachment":[{"href":"https:\/\/ajl-asso.fr\/le-divit\/wp-json\/wp\/v2\/media?parent=98"}],"curies":[{"name":"wp","href":"https:\/\/api.w.org\/{rel}","templated":true}]}}