{"id":13,"date":"2020-10-01T10:41:41","date_gmt":"2020-10-01T08:41:41","guid":{"rendered":"https:\/\/ajl.agence-lafab.fr\/marechal-leclerc\/?page_id=13"},"modified":"2020-10-22T15:06:54","modified_gmt":"2020-10-22T13:06:54","slug":"la-residence","status":"publish","type":"page","link":"https:\/\/ajl-asso.fr\/marechal-leclerc\/la-residence\/","title":{"rendered":"La r\u00e9sidence"},"content":{"rendered":"<p>L\u2019id\u00e9e de la cr\u00e9ation de la r\u00e9sidence vient de la veuve du Mar\u00e9chal Philippe Leclerc de Hauteclocque qui souhaitait une r\u00e9sidence pouvant accueillir les veuves et orphelines de guerre afin que celles-ci puissent y trouver un havre de paix.<\/p>\n<p>La r\u00e9sidence Mar\u00e9chal Leclerc est aujourd\u2019hui une r\u00e9sidence autonomie qui accueille des veuves et orphelines de guerre, des veuves de militaire et des retrait\u00e9es civiles du minist\u00e8re de la D\u00e9fense.<\/p>\n<p>La r\u00e9sidence Mar\u00e9chal Leclerc est un \u00e9tablissement priv\u00e9 associatif \u00e0 but non lucratif d\u2019une capacit\u00e9 de 64 appartements r\u00e9partis sur 6 \u00e9tages., situ\u00e9 entre le Champ de Mars et le parc Andr\u00e9 Citro\u00ebn.<\/p>\n<div id='gallery-1' class='gallery galleryid-13 gallery-columns-3 gallery-size-medium'><figure class='gallery-item'>\n\t\t\t<div class='gallery-icon portrait'>\n\t\t\t\t<a href='https:\/\/ajl-asso.fr\/wp-content\/uploads\/sites\/5\/2020\/10\/20200527_172934-Copie-scaled.jpg'><img width=\"225\" height=\"300\" src=\"https:\/\/ajl-asso.fr\/wp-content\/uploads\/sites\/5\/2020\/10\/20200527_172934-Copie-225x300.jpg\" class=\"attachment-medium size-medium\" alt=\"\" loading=\"lazy\" srcset=\"https:\/\/ajl-asso.fr\/wp-content\/uploads\/sites\/5\/2020\/10\/20200527_172934-Copie-225x300.jpg 225w, https:\/\/ajl-asso.fr\/wp-content\/uploads\/sites\/5\/2020\/10\/20200527_172934-Copie-768x1024.jpg 768w, https:\/\/ajl-asso.fr\/wp-content\/uploads\/sites\/5\/2020\/10\/20200527_172934-Copie-1152x1536.jpg 1152w, https:\/\/ajl-asso.fr\/wp-content\/uploads\/sites\/5\/2020\/10\/20200527_172934-Copie-1536x2048.jpg 1536w, https:\/\/ajl-asso.fr\/wp-content\/uploads\/sites\/5\/2020\/10\/20200527_172934-Copie-155x206.jpg 155w, https:\/\/ajl-asso.fr\/wp-content\/uploads\/sites\/5\/2020\/10\/20200527_172934-Copie-scaled.jpg 1920w\" sizes=\"(max-width: 225px) 100vw, 225px\" \/><\/a>\n\t\t\t<\/div><\/figure><figure class='gallery-item'>\n\t\t\t<div class='gallery-icon landscape'>\n\t\t\t\t<a href='https:\/\/ajl-asso.fr\/wp-content\/uploads\/sites\/5\/2020\/10\/20200527_172828-Copie-scaled.jpg'><img width=\"300\" height=\"225\" src=\"https:\/\/ajl-asso.fr\/wp-content\/uploads\/sites\/5\/2020\/10\/20200527_172828-Copie-300x225.jpg\" class=\"attachment-medium size-medium\" alt=\"\" loading=\"lazy\" srcset=\"https:\/\/ajl-asso.fr\/wp-content\/uploads\/sites\/5\/2020\/10\/20200527_172828-Copie-300x225.jpg 300w, https:\/\/ajl-asso.fr\/wp-content\/uploads\/sites\/5\/2020\/10\/20200527_172828-Copie-1024x768.jpg 1024w, https:\/\/ajl-asso.fr\/wp-content\/uploads\/sites\/5\/2020\/10\/20200527_172828-Copie-768x576.jpg 768w, https:\/\/ajl-asso.fr\/wp-content\/uploads\/sites\/5\/2020\/10\/20200527_172828-Copie-1536x1152.jpg 1536w, https:\/\/ajl-asso.fr\/wp-content\/uploads\/sites\/5\/2020\/10\/20200527_172828-Copie-2048x1536.jpg 2048w, https:\/\/ajl-asso.fr\/wp-content\/uploads\/sites\/5\/2020\/10\/20200527_172828-Copie-275x206.jpg 275w\" sizes=\"(max-width: 300px) 100vw, 300px\" \/><\/a>\n\t\t\t<\/div><\/figure><figure class='gallery-item'>\n\t\t\t<div class='gallery-icon landscape'>\n\t\t\t\t<a href='https:\/\/ajl-asso.fr\/wp-content\/uploads\/sites\/5\/2020\/10\/20200527_172545-scaled.jpg'><img width=\"300\" height=\"225\" src=\"https:\/\/ajl-asso.fr\/wp-content\/uploads\/sites\/5\/2020\/10\/20200527_172545-300x225.jpg\" class=\"attachment-medium size-medium\" alt=\"\" loading=\"lazy\" srcset=\"https:\/\/ajl-asso.fr\/wp-content\/uploads\/sites\/5\/2020\/10\/20200527_172545-300x225.jpg 300w, https:\/\/ajl-asso.fr\/wp-content\/uploads\/sites\/5\/2020\/10\/20200527_172545-1024x768.jpg 1024w, https:\/\/ajl-asso.fr\/wp-content\/uploads\/sites\/5\/2020\/10\/20200527_172545-768x576.jpg 768w, https:\/\/ajl-asso.fr\/wp-content\/uploads\/sites\/5\/2020\/10\/20200527_172545-1536x1152.jpg 1536w, https:\/\/ajl-asso.fr\/wp-content\/uploads\/sites\/5\/2020\/10\/20200527_172545-2048x1536.jpg 2048w, https:\/\/ajl-asso.fr\/wp-content\/uploads\/sites\/5\/2020\/10\/20200527_172545-275x206.jpg 275w\" sizes=\"(max-width: 300px) 100vw, 300px\" \/><\/a>\n\t\t\t<\/div><\/figure><figure class='gallery-item'>\n\t\t\t<div class='gallery-icon landscape'>\n\t\t\t\t<a href='https:\/\/ajl-asso.fr\/wp-content\/uploads\/sites\/5\/2020\/10\/terrasse-scaled.jpg'><img width=\"300\" height=\"236\" src=\"https:\/\/ajl-asso.fr\/wp-content\/uploads\/sites\/5\/2020\/10\/terrasse-300x236.jpg\" class=\"attachment-medium size-medium\" alt=\"\" loading=\"lazy\" srcset=\"https:\/\/ajl-asso.fr\/wp-content\/uploads\/sites\/5\/2020\/10\/terrasse-300x236.jpg 300w, https:\/\/ajl-asso.fr\/wp-content\/uploads\/sites\/5\/2020\/10\/terrasse-1024x805.jpg 1024w, https:\/\/ajl-asso.fr\/wp-content\/uploads\/sites\/5\/2020\/10\/terrasse-768x604.jpg 768w, https:\/\/ajl-asso.fr\/wp-content\/uploads\/sites\/5\/2020\/10\/terrasse-1536x1208.jpg 1536w, https:\/\/ajl-asso.fr\/wp-content\/uploads\/sites\/5\/2020\/10\/terrasse-2048x1611.jpg 2048w, https:\/\/ajl-asso.fr\/wp-content\/uploads\/sites\/5\/2020\/10\/terrasse-262x206.jpg 262w\" sizes=\"(max-width: 300px) 100vw, 300px\" \/><\/a>\n\t\t\t<\/div><\/figure><figure class='gallery-item'>\n\t\t\t<div class='gallery-icon landscape'>\n\t\t\t\t<a href='https:\/\/ajl-asso.fr\/wp-content\/uploads\/sites\/5\/2020\/10\/20200527_172635-scaled.jpg'><img width=\"300\" height=\"225\" src=\"https:\/\/ajl-asso.fr\/wp-content\/uploads\/sites\/5\/2020\/10\/20200527_172635-300x225.jpg\" class=\"attachment-medium size-medium\" alt=\"\" loading=\"lazy\" srcset=\"https:\/\/ajl-asso.fr\/wp-content\/uploads\/sites\/5\/2020\/10\/20200527_172635-300x225.jpg 300w, https:\/\/ajl-asso.fr\/wp-content\/uploads\/sites\/5\/2020\/10\/20200527_172635-1024x768.jpg 1024w, https:\/\/ajl-asso.fr\/wp-content\/uploads\/sites\/5\/2020\/10\/20200527_172635-768x576.jpg 768w, https:\/\/ajl-asso.fr\/wp-content\/uploads\/sites\/5\/2020\/10\/20200527_172635-1536x1152.jpg 1536w, https:\/\/ajl-asso.fr\/wp-content\/uploads\/sites\/5\/2020\/10\/20200527_172635-2048x1536.jpg 2048w, https:\/\/ajl-asso.fr\/wp-content\/uploads\/sites\/5\/2020\/10\/20200527_172635-275x206.jpg 275w\" sizes=\"(max-width: 300px) 100vw, 300px\" \/><\/a>\n\t\t\t<\/div><\/figure><figure class='gallery-item'>\n\t\t\t<div class='gallery-icon portrait'>\n\t\t\t\t<a href='https:\/\/ajl-asso.fr\/wp-content\/uploads\/sites\/5\/2020\/10\/20191004_103923-Copie-scaled.jpg'><img width=\"225\" height=\"300\" src=\"https:\/\/ajl-asso.fr\/wp-content\/uploads\/sites\/5\/2020\/10\/20191004_103923-Copie-225x300.jpg\" class=\"attachment-medium size-medium\" alt=\"\" loading=\"lazy\" srcset=\"https:\/\/ajl-asso.fr\/wp-content\/uploads\/sites\/5\/2020\/10\/20191004_103923-Copie-225x300.jpg 225w, https:\/\/ajl-asso.fr\/wp-content\/uploads\/sites\/5\/2020\/10\/20191004_103923-Copie-768x1024.jpg 768w, https:\/\/ajl-asso.fr\/wp-content\/uploads\/sites\/5\/2020\/10\/20191004_103923-Copie-1152x1536.jpg 1152w, https:\/\/ajl-asso.fr\/wp-content\/uploads\/sites\/5\/2020\/10\/20191004_103923-Copie-1536x2048.jpg 1536w, https:\/\/ajl-asso.fr\/wp-content\/uploads\/sites\/5\/2020\/10\/20191004_103923-Copie-155x206.jpg 155w, https:\/\/ajl-asso.fr\/wp-content\/uploads\/sites\/5\/2020\/10\/20191004_103923-Copie-scaled.jpg 1920w\" sizes=\"(max-width: 225px) 100vw, 225px\" \/><\/a>\n\t\t\t<\/div><\/figure>\n\t\t<\/div>\n\n","protected":false},"excerpt":{"rendered":"<p>L\u2019id\u00e9e de la cr\u00e9ation de la r\u00e9sidence vient de la veuve du Mar\u00e9chal Philippe Leclerc de Hauteclocque qui souhaitait une r\u00e9sidence pouvant accueillir les veuves et orphelines de guerre afin que celles-ci puissent y trouver un havre de paix. La r\u00e9sidence Mar\u00e9chal Leclerc est aujourd\u2019hui une r\u00e9sidence autonomie qui accueille des veuves et orphelines de [&hellip;]<\/p>\n","protected":false},"author":7,"featured_media":0,"parent":0,"menu_order":0,"comment_status":"closed","ping_status":"closed","template":"","meta":{"_coblocks_attr":"","_coblocks_dimensions":"","_coblocks_responsive_height":"","_coblocks_accordion_ie_support":""},"_links":{"self":[{"href":"https:\/\/ajl-asso.fr\/marechal-leclerc\/wp-json\/wp\/v2\/pages\/13"}],"collection":[{"href":"https:\/\/ajl-asso.fr\/marechal-leclerc\/wp-json\/wp\/v2\/pages"}],"about":[{"href":"https:\/\/ajl-asso.fr\/marechal-leclerc\/wp-json\/wp\/v2\/types\/page"}],"author":[{"embeddable":true,"href":"https:\/\/ajl-asso.fr\/marechal-leclerc\/wp-json\/wp\/v2\/users\/7"}],"replies":[{"embeddable":true,"href":"https:\/\/ajl-asso.fr\/marechal-leclerc\/wp-json\/wp\/v2\/comments?post=13"}],"version-history":[{"count":11,"href":"https:\/\/ajl-asso.fr\/marechal-leclerc\/wp-json\/wp\/v2\/pages\/13\/revisions"}],"predecessor-version":[{"id":103,"href":"https:\/\/ajl-asso.fr\/marechal-leclerc\/wp-json\/wp\/v2\/pages\/13\/revisions\/103"}],"wp:attachment":[{"href":"https:\/\/ajl-asso.fr\/marechal-leclerc\/wp-json\/wp\/v2\/media?parent=13"}],"curies":[{"name":"wp","href":"https:\/\/api.w.org\/{rel}","templated":true}]}}