{"id":15,"date":"2020-10-01T10:42:14","date_gmt":"2020-10-01T08:42:14","guid":{"rendered":"https:\/\/ajl.agence-lafab.fr\/marechal-leclerc\/?page_id=15"},"modified":"2021-01-06T14:59:50","modified_gmt":"2021-01-06T13:59:50","slug":"admission","status":"publish","type":"page","link":"https:\/\/ajl-asso.fr\/marechal-leclerc\/admission\/","title":{"rendered":"Admission"},"content":{"rendered":"<p class=\"p1\"><b>Conditions d\u2019admission\u00a0:<\/b><\/p>\n<ul class=\"ul1\">\n<li class=\"li2\"><span class=\"s3\"> \u00catre \u00e2g\u00e9e de 65 ans ou plus, <\/span><\/li>\n<li class=\"li2\"><span class=\"s3\"> Autonomie physique et psychique en GIR 5-6, <\/span><\/li>\n<li class=\"li2\"><span class=\"s3\"> Effectuer un stage de deux semaines dans un studio-type meubl\u00e9 <\/span><\/li>\n<li class=\"li2\"><span class=\"s3\"> Forfait stage : 420,00\u20ac (comprenant les d\u00e9jeuners du lundi au vendredi ainsi que les 12 nuit\u00e9es) <\/span><\/li>\n<\/ul>\n","protected":false},"excerpt":{"rendered":"<p>Conditions d\u2019admission\u00a0: \u00catre \u00e2g\u00e9e de 65 ans ou plus, Autonomie physique et psychique en GIR 5-6, Effectuer un stage de deux semaines dans un studio-type meubl\u00e9 Forfait stage : 420,00\u20ac (comprenant les d\u00e9jeuners du lundi au vendredi ainsi que les 12 nuit\u00e9es)<\/p>\n","protected":false},"author":7,"featured_media":0,"parent":0,"menu_order":0,"comment_status":"closed","ping_status":"closed","template":"","meta":{"_coblocks_attr":"","_coblocks_dimensions":"","_coblocks_responsive_height":"","_coblocks_accordion_ie_support":""},"_links":{"self":[{"href":"https:\/\/ajl-asso.fr\/marechal-leclerc\/wp-json\/wp\/v2\/pages\/15"}],"collection":[{"href":"https:\/\/ajl-asso.fr\/marechal-leclerc\/wp-json\/wp\/v2\/pages"}],"about":[{"href":"https:\/\/ajl-asso.fr\/marechal-leclerc\/wp-json\/wp\/v2\/types\/page"}],"author":[{"embeddable":true,"href":"https:\/\/ajl-asso.fr\/marechal-leclerc\/wp-json\/wp\/v2\/users\/7"}],"replies":[{"embeddable":true,"href":"https:\/\/ajl-asso.fr\/marechal-leclerc\/wp-json\/wp\/v2\/comments?post=15"}],"version-history":[{"count":5,"href":"https:\/\/ajl-asso.fr\/marechal-leclerc\/wp-json\/wp\/v2\/pages\/15\/revisions"}],"predecessor-version":[{"id":139,"href":"https:\/\/ajl-asso.fr\/marechal-leclerc\/wp-json\/wp\/v2\/pages\/15\/revisions\/139"}],"wp:attachment":[{"href":"https:\/\/ajl-asso.fr\/marechal-leclerc\/wp-json\/wp\/v2\/media?parent=15"}],"curies":[{"name":"wp","href":"https:\/\/api.w.org\/{rel}","templated":true}]}}