{"id":17,"date":"2020-10-01T10:42:24","date_gmt":"2020-10-01T08:42:24","guid":{"rendered":"https:\/\/ajl.agence-lafab.fr\/marechal-leclerc\/?page_id=17"},"modified":"2021-01-15T11:05:05","modified_gmt":"2021-01-15T10:05:05","slug":"restauration","status":"publish","type":"page","link":"https:\/\/ajl-asso.fr\/marechal-leclerc\/restauration\/","title":{"rendered":"Restauration"},"content":{"rendered":"<p>Du lundi au vendredi, un d\u00e9jeuner est propos\u00e9 en salle de restauration. Le repas du d\u00e9jeuner est un moment privil\u00e9gi\u00e9, permettant de rompre la solitude et de favoriser la convivialit\u00e9 entre les r\u00e9sidentes. Un plan de table est \u00e9tabli chaque jour par la personne en charge du service en restauration.<\/p>\n<p>Notre Chef cuisini\u00e8re pr\u00e9pare sur place les repas pr\u00e9alablement \u00e9tablis par une di\u00e9t\u00e9ticienne. Les menus varient d\u2019une saison \u00e0 l\u2019autre.<\/p>\n<p>Un potage pour le diner peut \u00eatre demand\u00e9 (sauf pendant la p\u00e9riode estivale). Les potages sont r\u00e9alis\u00e9s sur place avec des l\u00e9gumes frais et de saison. Un plateau repas peut \u00eatre servi en appartement si besoin.<\/p>\n<p>Les r\u00e9sidentes peuvent inviter leurs proches \u00e0 d\u00e9jeuner en salle de restauration. Les anniversaires de nos r\u00e9sidentes sont f\u00eat\u00e9s le dernier mardi du mois. Des repas \u00e0 th\u00e8mes et festifs sont propos\u00e9s tout au long de l\u2019ann\u00e9e.<\/p>\n<div id='gallery-1' class='gallery galleryid-17 gallery-columns-2 gallery-size-medium'><figure class='gallery-item'>\n\t\t\t<div class='gallery-icon portrait'>\n\t\t\t\t<a href='https:\/\/ajl-asso.fr\/marechal-leclerc\/restauration\/20190926_113022-copie\/'><img width=\"225\" height=\"300\" src=\"https:\/\/ajl-asso.fr\/wp-content\/uploads\/sites\/5\/2020\/10\/20190926_113022-Copie-225x300.jpg\" class=\"attachment-medium size-medium\" alt=\"\" loading=\"lazy\" srcset=\"https:\/\/ajl-asso.fr\/wp-content\/uploads\/sites\/5\/2020\/10\/20190926_113022-Copie-225x300.jpg 225w, https:\/\/ajl-asso.fr\/wp-content\/uploads\/sites\/5\/2020\/10\/20190926_113022-Copie-768x1024.jpg 768w, https:\/\/ajl-asso.fr\/wp-content\/uploads\/sites\/5\/2020\/10\/20190926_113022-Copie-1152x1536.jpg 1152w, https:\/\/ajl-asso.fr\/wp-content\/uploads\/sites\/5\/2020\/10\/20190926_113022-Copie-1536x2048.jpg 1536w, https:\/\/ajl-asso.fr\/wp-content\/uploads\/sites\/5\/2020\/10\/20190926_113022-Copie-155x206.jpg 155w, https:\/\/ajl-asso.fr\/wp-content\/uploads\/sites\/5\/2020\/10\/20190926_113022-Copie-scaled.jpg 1920w\" sizes=\"(max-width: 225px) 100vw, 225px\" \/><\/a>\n\t\t\t<\/div><\/figure><figure class='gallery-item'>\n\t\t\t<div class='gallery-icon portrait'>\n\t\t\t\t<a href='https:\/\/ajl-asso.fr\/marechal-leclerc\/restauration\/20190717_120917-copie\/'><img width=\"225\" height=\"300\" src=\"https:\/\/ajl-asso.fr\/wp-content\/uploads\/sites\/5\/2020\/10\/20190717_120917-Copie-225x300.jpg\" class=\"attachment-medium size-medium\" alt=\"\" loading=\"lazy\" srcset=\"https:\/\/ajl-asso.fr\/wp-content\/uploads\/sites\/5\/2020\/10\/20190717_120917-Copie-225x300.jpg 225w, https:\/\/ajl-asso.fr\/wp-content\/uploads\/sites\/5\/2020\/10\/20190717_120917-Copie-768x1024.jpg 768w, https:\/\/ajl-asso.fr\/wp-content\/uploads\/sites\/5\/2020\/10\/20190717_120917-Copie-1152x1536.jpg 1152w, https:\/\/ajl-asso.fr\/wp-content\/uploads\/sites\/5\/2020\/10\/20190717_120917-Copie-1536x2048.jpg 1536w, https:\/\/ajl-asso.fr\/wp-content\/uploads\/sites\/5\/2020\/10\/20190717_120917-Copie-155x206.jpg 155w, https:\/\/ajl-asso.fr\/wp-content\/uploads\/sites\/5\/2020\/10\/20190717_120917-Copie-scaled.jpg 1920w\" sizes=\"(max-width: 225px) 100vw, 225px\" \/><\/a>\n\t\t\t<\/div><\/figure>\n\t\t<\/div>\n\n","protected":false},"excerpt":{"rendered":"<p>Du lundi au vendredi, un d\u00e9jeuner est propos\u00e9 en salle de restauration. Le repas du d\u00e9jeuner est un moment privil\u00e9gi\u00e9, permettant de rompre la solitude et de favoriser la convivialit\u00e9 entre les r\u00e9sidentes. Un plan de table est \u00e9tabli chaque jour par la personne en charge du service en restauration. Notre Chef cuisini\u00e8re pr\u00e9pare sur [&hellip;]<\/p>\n","protected":false},"author":7,"featured_media":0,"parent":0,"menu_order":0,"comment_status":"closed","ping_status":"closed","template":"pages-templates\/pages-with-sidebar.php","meta":{"_coblocks_attr":"","_coblocks_dimensions":"","_coblocks_responsive_height":"","_coblocks_accordion_ie_support":""},"_links":{"self":[{"href":"https:\/\/ajl-asso.fr\/marechal-leclerc\/wp-json\/wp\/v2\/pages\/17"}],"collection":[{"href":"https:\/\/ajl-asso.fr\/marechal-leclerc\/wp-json\/wp\/v2\/pages"}],"about":[{"href":"https:\/\/ajl-asso.fr\/marechal-leclerc\/wp-json\/wp\/v2\/types\/page"}],"author":[{"embeddable":true,"href":"https:\/\/ajl-asso.fr\/marechal-leclerc\/wp-json\/wp\/v2\/users\/7"}],"replies":[{"embeddable":true,"href":"https:\/\/ajl-asso.fr\/marechal-leclerc\/wp-json\/wp\/v2\/comments?post=17"}],"version-history":[{"count":6,"href":"https:\/\/ajl-asso.fr\/marechal-leclerc\/wp-json\/wp\/v2\/pages\/17\/revisions"}],"predecessor-version":[{"id":98,"href":"https:\/\/ajl-asso.fr\/marechal-leclerc\/wp-json\/wp\/v2\/pages\/17\/revisions\/98"}],"wp:attachment":[{"href":"https:\/\/ajl-asso.fr\/marechal-leclerc\/wp-json\/wp\/v2\/media?parent=17"}],"curies":[{"name":"wp","href":"https:\/\/api.w.org\/{rel}","templated":true}]}}