{"id":21,"date":"2020-10-01T10:42:46","date_gmt":"2020-10-01T08:42:46","guid":{"rendered":"https:\/\/ajl.agence-lafab.fr\/marechal-leclerc\/?page_id=21"},"modified":"2020-10-21T08:42:15","modified_gmt":"2020-10-21T06:42:15","slug":"animations","status":"publish","type":"page","link":"https:\/\/ajl-asso.fr\/marechal-leclerc\/animations\/","title":{"rendered":"Animations"},"content":{"rendered":"<ul>\n<li>Atelier gymnastique douce propos\u00e9 tous les mercredis matin et anim\u00e9 par une kin\u00e9sith\u00e9rapeute. Forfait mensuel de 23,00\u20ac pour 4 s\u00e9ances.<\/li>\n<li>Atelier m\u00e9moire propos\u00e9 tous les lundis et anim\u00e9 par une psychologue. Forfait mensuel de 23,00\u20ac pour 4 s\u00e9ances.<\/li>\n<li>Activit\u00e9s au salon ou au jardin de la r\u00e9sidence : Bridge, Scrabble, Trivial pursuit, Tricot, Biblioth\u00e8que, Film DVD au salon le dimanche.<\/li>\n<li>Conf\u00e9rences culturelles, Concerts (piano, violon), Animations (spectacle de magie, chansons). Participation 5,00\u20ac par r\u00e9sidente<\/li>\n<li>Sorties organis\u00e9es \u00e0 l\u2019ext\u00e9rieur : Visite de mus\u00e9es et expositions, Sortie en journ\u00e9e (Honfleur, Giverny, etc\u2026), Sorties en soir\u00e9e (Concerts, etc\u2026), (Tarifs indiqu\u00e9s sur notre panneau d\u2019affichage en fonctions de la sortie)<\/li>\n<li>Oratoire et Messe hebdomadaire<\/li>\n<\/ul>\n","protected":false},"excerpt":{"rendered":"<p>Atelier gymnastique douce propos\u00e9 tous les mercredis matin et anim\u00e9 par une kin\u00e9sith\u00e9rapeute. Forfait mensuel de 23,00\u20ac pour 4 s\u00e9ances. Atelier m\u00e9moire propos\u00e9 tous les lundis et anim\u00e9 par une psychologue. Forfait mensuel de 23,00\u20ac pour 4 s\u00e9ances. Activit\u00e9s au salon ou au jardin de la r\u00e9sidence : Bridge, Scrabble, Trivial pursuit, Tricot, Biblioth\u00e8que, Film [&hellip;]<\/p>\n","protected":false},"author":7,"featured_media":0,"parent":0,"menu_order":0,"comment_status":"closed","ping_status":"closed","template":"","meta":{"_coblocks_attr":"","_coblocks_dimensions":"","_coblocks_responsive_height":"","_coblocks_accordion_ie_support":""},"_links":{"self":[{"href":"https:\/\/ajl-asso.fr\/marechal-leclerc\/wp-json\/wp\/v2\/pages\/21"}],"collection":[{"href":"https:\/\/ajl-asso.fr\/marechal-leclerc\/wp-json\/wp\/v2\/pages"}],"about":[{"href":"https:\/\/ajl-asso.fr\/marechal-leclerc\/wp-json\/wp\/v2\/types\/page"}],"author":[{"embeddable":true,"href":"https:\/\/ajl-asso.fr\/marechal-leclerc\/wp-json\/wp\/v2\/users\/7"}],"replies":[{"embeddable":true,"href":"https:\/\/ajl-asso.fr\/marechal-leclerc\/wp-json\/wp\/v2\/comments?post=21"}],"version-history":[{"count":4,"href":"https:\/\/ajl-asso.fr\/marechal-leclerc\/wp-json\/wp\/v2\/pages\/21\/revisions"}],"predecessor-version":[{"id":78,"href":"https:\/\/ajl-asso.fr\/marechal-leclerc\/wp-json\/wp\/v2\/pages\/21\/revisions\/78"}],"wp:attachment":[{"href":"https:\/\/ajl-asso.fr\/marechal-leclerc\/wp-json\/wp\/v2\/media?parent=21"}],"curies":[{"name":"wp","href":"https:\/\/api.w.org\/{rel}","templated":true}]}}