{"id":23,"date":"2020-10-01T10:42:59","date_gmt":"2020-10-01T08:42:59","guid":{"rendered":"https:\/\/ajl.agence-lafab.fr\/marechal-leclerc\/?page_id=23"},"modified":"2021-03-17T11:35:39","modified_gmt":"2021-03-17T10:35:39","slug":"contact","status":"publish","type":"page","link":"https:\/\/ajl-asso.fr\/marechal-leclerc\/contact\/","title":{"rendered":"Contact"},"content":{"rendered":"<p><strong>Adresse :<\/strong> R\u00e9sidence Mar\u00e9chal Leclerc, 58 bis rue Saint Charles, 75015 PARIS<br \/>\n<strong>T\u00e9l\u00e9phone :<\/strong> 01 45 75 43 20<br \/>\n<strong>Email :<\/strong> <a href=\"mailto:secdir.rml@ajl-asso.fr\">secdir.rml@ajl.asso.fr<\/a><\/p>\n","protected":false},"excerpt":{"rendered":"<p>Adresse : R\u00e9sidence Mar\u00e9chal Leclerc, 58 bis rue Saint Charles, 75015 PARIS T\u00e9l\u00e9phone : 01 45 75 43 20 Email : secdir.rml@ajl.asso.fr<\/p>\n","protected":false},"author":7,"featured_media":0,"parent":0,"menu_order":0,"comment_status":"closed","ping_status":"closed","template":"pages-templates\/page-contact.php","meta":{"_coblocks_attr":"","_coblocks_dimensions":"","_coblocks_responsive_height":"","_coblocks_accordion_ie_support":""},"_links":{"self":[{"href":"https:\/\/ajl-asso.fr\/marechal-leclerc\/wp-json\/wp\/v2\/pages\/23"}],"collection":[{"href":"https:\/\/ajl-asso.fr\/marechal-leclerc\/wp-json\/wp\/v2\/pages"}],"about":[{"href":"https:\/\/ajl-asso.fr\/marechal-leclerc\/wp-json\/wp\/v2\/types\/page"}],"author":[{"embeddable":true,"href":"https:\/\/ajl-asso.fr\/marechal-leclerc\/wp-json\/wp\/v2\/users\/7"}],"replies":[{"embeddable":true,"href":"https:\/\/ajl-asso.fr\/marechal-leclerc\/wp-json\/wp\/v2\/comments?post=23"}],"version-history":[{"count":14,"href":"https:\/\/ajl-asso.fr\/marechal-leclerc\/wp-json\/wp\/v2\/pages\/23\/revisions"}],"predecessor-version":[{"id":201,"href":"https:\/\/ajl-asso.fr\/marechal-leclerc\/wp-json\/wp\/v2\/pages\/23\/revisions\/201"}],"wp:attachment":[{"href":"https:\/\/ajl-asso.fr\/marechal-leclerc\/wp-json\/wp\/v2\/media?parent=23"}],"curies":[{"name":"wp","href":"https:\/\/api.w.org\/{rel}","templated":true}]}}