{"id":38,"date":"2020-10-01T11:16:27","date_gmt":"2020-10-01T09:16:27","guid":{"rendered":"https:\/\/ajl.agence-lafab.fr\/marechal-leclerc\/?page_id=38"},"modified":"2025-09-10T09:35:19","modified_gmt":"2025-09-10T07:35:19","slug":"accueil","status":"publish","type":"page","link":"https:\/\/ajl-asso.fr\/marechal-leclerc\/","title":{"rendered":"Accueil"},"content":{"rendered":"<p>L\u2019entr\u00e9e dans une r\u00e9sidence pour personnes \u00e2g\u00e9es est une \u00e9tape importante. Au-del\u00e0 du choix d\u2019un lieu d\u2019accueil s\u00e9curisant, il s\u2019agit surtout du choix d\u2019un lieu de vie. Notre \u00e9tablissement a donc \u00e9t\u00e9 pens\u00e9 de fa\u00e7on \u00e0 vous faire sentir chez vous dans un environnement facilitant votre quotidien.<\/p>\n<p>Appel malade dans chaque logement, restauration sur place, service de m\u00e9nage et de bricolage, secretariat administratif\u2026autant de services que nous mettons \u00e0 votre disposition. Nous nous effor\u00e7ons de vous proposer un large choix de services tout en respectant votre intimit\u00e9 et vos habitudes de vie.<\/p>\n<p>Situ\u00e9e au nord du 15\u00e8me arrondissement de Paris, entre le Champ de Mars et le parc Andr\u00e9 Citro\u00ebn, vous profiterez de tous les services que la ville propose : pharmacie, livraison de course \u00e0 domicile, centre dentaire, cabinet infirmier, agence de services \u00e0 domicile, se situent \u00e0 moins de 5 minutes \u00e0 pied de la r\u00e9sidence.<\/p>\n<p>R\u00e9serv\u00e9e exclusivement aux veuves de guerre et aux veuves de militaires, notre maison ainsi que l\u2019association Jean Lachenaud, perp\u00e9tuent ainsi une vocation d\u2019accueil et de prise en soin des personnes \u00e2g\u00e9es li\u00e9es au monde de la D\u00e9fense.<\/p>\n<p>C\u2019est avec grand plaisir que nous vous invitons \u00e0 nous rencontrer ou \u00e0 nous contacter apr\u00e8s la consultation de ces pages.<\/p>\n<p>Soyez assur\u00e9s de notre \u00e9coute.<\/p>\n<p><b>Alexiane HARSCOU\u00cbT DE KERAVEL, directrice<\/b><\/p>\n<p>&lt;!&#8211;<img loading=\"lazy\" class=\"size-full wp-image-104 alignleft\" src=\"https:\/\/ajl.agence-lafab.fr\/wp-content\/uploads\/sites\/5\/2020\/10\/directrice.png\" alt=\"\" width=\"148\" height=\"189\" \/>&#8211;&gt;<\/p>\n","protected":false},"excerpt":{"rendered":"<p>L\u2019entr\u00e9e dans une r\u00e9sidence pour personnes \u00e2g\u00e9es est une \u00e9tape importante. Au-del\u00e0 du choix d\u2019un lieu d\u2019accueil s\u00e9curisant, il s\u2019agit surtout du choix d\u2019un lieu de vie. Notre \u00e9tablissement a donc \u00e9t\u00e9 pens\u00e9 de fa\u00e7on \u00e0 vous faire sentir chez vous dans un environnement facilitant votre quotidien. Appel malade dans chaque logement, restauration sur place, [&hellip;]<\/p>\n","protected":false},"author":7,"featured_media":0,"parent":0,"menu_order":0,"comment_status":"closed","ping_status":"closed","template":"","meta":{"_coblocks_attr":"","_coblocks_dimensions":"","_coblocks_responsive_height":"","_coblocks_accordion_ie_support":""},"_links":{"self":[{"href":"https:\/\/ajl-asso.fr\/marechal-leclerc\/wp-json\/wp\/v2\/pages\/38"}],"collection":[{"href":"https:\/\/ajl-asso.fr\/marechal-leclerc\/wp-json\/wp\/v2\/pages"}],"about":[{"href":"https:\/\/ajl-asso.fr\/marechal-leclerc\/wp-json\/wp\/v2\/types\/page"}],"author":[{"embeddable":true,"href":"https:\/\/ajl-asso.fr\/marechal-leclerc\/wp-json\/wp\/v2\/users\/7"}],"replies":[{"embeddable":true,"href":"https:\/\/ajl-asso.fr\/marechal-leclerc\/wp-json\/wp\/v2\/comments?post=38"}],"version-history":[{"count":14,"href":"https:\/\/ajl-asso.fr\/marechal-leclerc\/wp-json\/wp\/v2\/pages\/38\/revisions"}],"predecessor-version":[{"id":859,"href":"https:\/\/ajl-asso.fr\/marechal-leclerc\/wp-json\/wp\/v2\/pages\/38\/revisions\/859"}],"wp:attachment":[{"href":"https:\/\/ajl-asso.fr\/marechal-leclerc\/wp-json\/wp\/v2\/media?parent=38"}],"curies":[{"name":"wp","href":"https:\/\/api.w.org\/{rel}","templated":true}]}}