{"id":55,"date":"2020-10-01T11:27:07","date_gmt":"2020-10-01T09:27:07","guid":{"rendered":"https:\/\/ajl.agence-lafab.fr\/marechal-leclerc\/?page_id=55"},"modified":"2020-10-22T15:02:17","modified_gmt":"2020-10-22T13:02:17","slug":"les-appartements","status":"publish","type":"page","link":"https:\/\/ajl-asso.fr\/marechal-leclerc\/les-appartements\/","title":{"rendered":"Les appartements"},"content":{"rendered":"<p class=\"p1\"><span class=\"s1\">La r\u00e9sidence compte 64 appartements dont certains avec terrasses : <\/span><\/p>\n<ul>\n<li class=\"p1\"><span class=\"s1\">61 appartements \u00ab Type studio \u00bb de 30 \u00e0 39 m\u00b2<\/span><\/li>\n<li class=\"p1\"><span class=\"s1\">3 appartements \u00ab Type 2 pi\u00e8ces \u00bb de 45 m\u00b2.<\/span><\/li>\n<\/ul>\n<p class=\"p1\"><span class=\"s1\"> Les appartements comprennent : <\/span><\/p>\n<ul>\n<li class=\"p2\"><span class=\"s1\">une entr\u00e9e avec un placard penderie,<\/span><\/li>\n<li class=\"p2\">un interphone,<\/li>\n<li class=\"p2\">une salle de s\u00e9jour,<\/li>\n<li class=\"p2\">une salle d\u2019eau avec lavabo, douche et wc,<\/li>\n<li class=\"p2\">une kitchenette \u00e9quip\u00e9e,<\/li>\n<li class=\"p2\">une chambre (pour les 2 pi\u00e8ces).<\/li>\n<\/ul>\n<p class=\"p1\"><span class=\"s1\">Les r\u00e9sidentes am\u00e9nagent leurs studios avec leurs propres mobiliers. <\/span><\/p>\n<p class=\"p1\"><span class=\"s1\">Tous les studios sont \u00e9quip\u00e9s de trois alarmes : Deux alarmes m\u00e9dicales (salle de s\u00e9jour et salle de douche) et une alarme incendie.<\/span><\/p>\n<p class=\"p1\"><span class=\"s1\">La r\u00e9sidence offre un jardin via l\u2019acc\u00e8s rez de chauss\u00e9e et<span class=\"Apple-converted-space\">\u00a0 <\/span>une terrasse \u00e0 chaque \u00e9tage ainsi que 2 grands salon d\u2019ext\u00e9rieur au 6iem \u00e9tage.<\/span><\/p>\n<p class=\"p1\"><span class=\"s1\">Les animaux ne sont pas admis dans les appartements.<\/span><\/p>\n<div id='gallery-1' class='gallery galleryid-55 gallery-columns-3 gallery-size-medium'><figure class='gallery-item'>\n\t\t\t<div class='gallery-icon portrait'>\n\t\t\t\t<a href='https:\/\/ajl-asso.fr\/marechal-leclerc\/les-appartements\/img-20200930-wa0020\/'><img width=\"225\" height=\"300\" src=\"https:\/\/ajl-asso.fr\/wp-content\/uploads\/sites\/5\/2020\/10\/IMG-20200930-WA0020-225x300.jpg\" class=\"attachment-medium size-medium\" alt=\"\" loading=\"lazy\" srcset=\"https:\/\/ajl-asso.fr\/wp-content\/uploads\/sites\/5\/2020\/10\/IMG-20200930-WA0020-225x300.jpg 225w, https:\/\/ajl-asso.fr\/wp-content\/uploads\/sites\/5\/2020\/10\/IMG-20200930-WA0020-768x1024.jpg 768w, https:\/\/ajl-asso.fr\/wp-content\/uploads\/sites\/5\/2020\/10\/IMG-20200930-WA0020-1152x1536.jpg 1152w, https:\/\/ajl-asso.fr\/wp-content\/uploads\/sites\/5\/2020\/10\/IMG-20200930-WA0020-155x206.jpg 155w, https:\/\/ajl-asso.fr\/wp-content\/uploads\/sites\/5\/2020\/10\/IMG-20200930-WA0020.jpg 1200w\" sizes=\"(max-width: 225px) 100vw, 225px\" \/><\/a>\n\t\t\t<\/div><\/figure><figure class='gallery-item'>\n\t\t\t<div class='gallery-icon portrait'>\n\t\t\t\t<a href='https:\/\/ajl-asso.fr\/marechal-leclerc\/les-appartements\/img-20200930-wa0012\/'><img width=\"225\" height=\"300\" src=\"https:\/\/ajl-asso.fr\/wp-content\/uploads\/sites\/5\/2020\/10\/IMG-20200930-WA0012-225x300.jpg\" class=\"attachment-medium size-medium\" alt=\"\" loading=\"lazy\" srcset=\"https:\/\/ajl-asso.fr\/wp-content\/uploads\/sites\/5\/2020\/10\/IMG-20200930-WA0012-225x300.jpg 225w, https:\/\/ajl-asso.fr\/wp-content\/uploads\/sites\/5\/2020\/10\/IMG-20200930-WA0012-768x1024.jpg 768w, https:\/\/ajl-asso.fr\/wp-content\/uploads\/sites\/5\/2020\/10\/IMG-20200930-WA0012-1152x1536.jpg 1152w, https:\/\/ajl-asso.fr\/wp-content\/uploads\/sites\/5\/2020\/10\/IMG-20200930-WA0012-155x206.jpg 155w, https:\/\/ajl-asso.fr\/wp-content\/uploads\/sites\/5\/2020\/10\/IMG-20200930-WA0012.jpg 1200w\" sizes=\"(max-width: 225px) 100vw, 225px\" \/><\/a>\n\t\t\t<\/div><\/figure><figure class='gallery-item'>\n\t\t\t<div class='gallery-icon portrait'>\n\t\t\t\t<a href='https:\/\/ajl-asso.fr\/marechal-leclerc\/les-appartements\/img-20200930-wa0017\/'><img width=\"225\" height=\"300\" src=\"https:\/\/ajl-asso.fr\/wp-content\/uploads\/sites\/5\/2020\/10\/IMG-20200930-WA0017-225x300.jpg\" class=\"attachment-medium size-medium\" alt=\"\" loading=\"lazy\" srcset=\"https:\/\/ajl-asso.fr\/wp-content\/uploads\/sites\/5\/2020\/10\/IMG-20200930-WA0017-225x300.jpg 225w, https:\/\/ajl-asso.fr\/wp-content\/uploads\/sites\/5\/2020\/10\/IMG-20200930-WA0017-768x1024.jpg 768w, https:\/\/ajl-asso.fr\/wp-content\/uploads\/sites\/5\/2020\/10\/IMG-20200930-WA0017-1152x1536.jpg 1152w, https:\/\/ajl-asso.fr\/wp-content\/uploads\/sites\/5\/2020\/10\/IMG-20200930-WA0017-155x206.jpg 155w, https:\/\/ajl-asso.fr\/wp-content\/uploads\/sites\/5\/2020\/10\/IMG-20200930-WA0017.jpg 1200w\" sizes=\"(max-width: 225px) 100vw, 225px\" \/><\/a>\n\t\t\t<\/div><\/figure>\n\t\t<\/div>\n\n","protected":false},"excerpt":{"rendered":"<p>La r\u00e9sidence compte 64 appartements dont certains avec terrasses : 61 appartements \u00ab Type studio \u00bb de 30 \u00e0 39 m\u00b2 3 appartements \u00ab Type 2 pi\u00e8ces \u00bb de 45 m\u00b2. Les appartements comprennent : une entr\u00e9e avec un placard penderie, un interphone, une salle de s\u00e9jour, une salle d\u2019eau avec lavabo, douche et wc, [&hellip;]<\/p>\n","protected":false},"author":7,"featured_media":0,"parent":0,"menu_order":0,"comment_status":"closed","ping_status":"closed","template":"","meta":{"_coblocks_attr":"","_coblocks_dimensions":"","_coblocks_responsive_height":"","_coblocks_accordion_ie_support":""},"_links":{"self":[{"href":"https:\/\/ajl-asso.fr\/marechal-leclerc\/wp-json\/wp\/v2\/pages\/55"}],"collection":[{"href":"https:\/\/ajl-asso.fr\/marechal-leclerc\/wp-json\/wp\/v2\/pages"}],"about":[{"href":"https:\/\/ajl-asso.fr\/marechal-leclerc\/wp-json\/wp\/v2\/types\/page"}],"author":[{"embeddable":true,"href":"https:\/\/ajl-asso.fr\/marechal-leclerc\/wp-json\/wp\/v2\/users\/7"}],"replies":[{"embeddable":true,"href":"https:\/\/ajl-asso.fr\/marechal-leclerc\/wp-json\/wp\/v2\/comments?post=55"}],"version-history":[{"count":5,"href":"https:\/\/ajl-asso.fr\/marechal-leclerc\/wp-json\/wp\/v2\/pages\/55\/revisions"}],"predecessor-version":[{"id":94,"href":"https:\/\/ajl-asso.fr\/marechal-leclerc\/wp-json\/wp\/v2\/pages\/55\/revisions\/94"}],"wp:attachment":[{"href":"https:\/\/ajl-asso.fr\/marechal-leclerc\/wp-json\/wp\/v2\/media?parent=55"}],"curies":[{"name":"wp","href":"https:\/\/api.w.org\/{rel}","templated":true}]}}